{"id":111,"date":"2019-03-24T12:38:57","date_gmt":"2019-03-24T11:38:57","guid":{"rendered":"https:\/\/ifv-bahntechnik.de\/digital-rail\/?page_id=111"},"modified":"2021-10-07T10:06:34","modified_gmt":"2021-10-07T08:06:34","slug":"kontakt","status":"publish","type":"page","link":"https:\/\/ifv-bahntechnik.de\/digital-rail\/kontakt\/","title":{"rendered":"KONTAKT"},"content":{"rendered":"<p style=\"text-align: right;\"><span style=\"color: #ffffff;\">.<\/span><\/p>\n<h3><strong>Haben Sie Fragen?<\/strong><\/h3>\n<h3><strong>Nehmen Sie direkten Kontakt mit den Ansprechpartnern auf!<\/strong><\/h3>\n<p>&nbsp;<\/p>\n<div class=\"su-spoiler su-spoiler-style-fancy su-spoiler-icon-plus-circle su-spoiler-closed\" data-scroll-offset=\"0\" data-anchor-in-url=\"no\"><div class=\"su-spoiler-title\" tabindex=\"0\" role=\"button\"><span class=\"su-spoiler-icon\"><\/span>Ansprechpartner zum Arbeitskreis BAHN-DIGITALISIERUNG<\/div><div class=\"su-spoiler-content su-u-clearfix su-u-trim\">\n<p style=\"text-align: right;\"><span style=\"color: #ffffff;\">.<\/span><\/p>\n<h2>Vereinsgesch\u00e4ftsf\u00fchrer und Netzwerkorganisator<\/h2>\n<figure class=\"wp-block-image\"><img decoding=\"async\" class=\"aligncenter\" src=\"https:\/\/www.railway-network.eu\/fileserver\/personenfotos\/ifv-vereinsgeschaeftsfuehrung600px.png\" alt=\"\" \/><\/figure>\n<ul>\n<li><strong>Diplom-Volkswirt E. SCHULZ\u00a0<\/strong><\/li>\n<li>Vereinsgesch\u00e4ftsf\u00fchrer (CEO)\u00a0Interdisziplin\u00e4rer Forschungsverbund Bahntechnik e.V. (Besonderer Vertreter gem. \u00a7 30 BGB)<\/li>\n<\/ul>\n<p style=\"text-align: right;\">.<\/p>\n<ul>\n<li>Kompetenznetz-Manager sowie Arbeitskreis-Koordinator<\/li>\n<li>Herausgeber der Schriftenreihe BAHNTECHNIK AKTUELL<\/li>\n<li>Zust\u00e4ndig f\u00fcr &gt;&gt;&gt; Presseanfragen sowie allgemeine Anfragen<\/li>\n<li>Organisation von Bahntechnik-Netzwerken (<strong>Arbeitskreise<\/strong>\u00a0f\u00fcr Experten,\u00a0<strong>Erfahrungsaustauschzirkel<\/strong>\u00a0f\u00fcr F\u00fchrungskr\u00e4fte sowie\u00a0<strong>Thinktanks<\/strong>\u00a0f\u00fcr aktuelle Fragen zur Bahntechnik, Verkehrspolitik und Transportwirtschaft)<\/li>\n<li>Inhaltliche Koordination von interdisziplin\u00e4ren Forschungsprojekten und (internationalen) Fachsymposien<\/li>\n<\/ul>\n<p style=\"text-align: right;\">.<\/p>\n<ul>\n<li>Telefon (Sekretariat der Vereinsgesch\u00e4ftsstelle):\u00a0<strong>030 39720170<\/strong><\/li>\n<li>B\u00fcro Berlin: 030 81898731<\/li>\n<li>B\u00fcro N\u00fcrnberg: 0911 209112<\/li>\n<li>Mobil: 0176 70094803<\/li>\n<li>E-Mail:\u00a0<a href=\"mailto:geschaeftsfuehrer@ifv-bahntechnik.de\">geschaeftsfuehrer@ifv-bahntechnik.de<\/a><\/li>\n<\/ul>\n<p style=\"text-align: right;\"><span style=\"color: #ffffff;\">.<\/span><\/p>\n<p style=\"text-align: right;\"><span style=\"color: #ffffff;\">.<\/span><\/p>\n<\/div><\/div>\n<p style=\"text-align: right;\"><span style=\"color: #ffffff;\">.<\/span><\/p>\n<p style=\"text-align: right;\"><span style=\"color: #ffffff;\">.<\/span><\/p>\n<div class=\"su-spoiler su-spoiler-style-fancy su-spoiler-icon-plus-circle su-spoiler-closed\" data-scroll-offset=\"0\" data-anchor-in-url=\"no\"><div class=\"su-spoiler-title\" tabindex=\"0\" role=\"button\"><span class=\"su-spoiler-icon\"><\/span>Ansprechpartner zur Expertentagung DIGITAL-RAIL<\/div><div class=\"su-spoiler-content su-u-clearfix su-u-trim\">\n<p style=\"text-align: right;\"><span style=\"color: #ffffff;\">.<\/span><\/p>\n<h2>Tagungsorganisation \/ Teilnehmer-Management<\/h2>\n<figure><img decoding=\"async\" class=\"aligncenter\" src=\"https:\/\/www.railway-network.eu\/fileserver\/personenfotos\/ifv-tagungsmanagement600px.png\" \/><\/figure>\n<ul>\n<li><strong>Frau<\/strong>\u00a0<strong>J. HEYER\u00a0<\/strong><\/li>\n<li>Gepr\u00fcfte Veranstaltungsfachwirtin \/ Bachelor Professional of Event Organisation, CCI<\/li>\n<li>Senior Projektmanagerin f\u00fcr Tagungen &amp; Events<\/li>\n<li>c\/o IFV Beratung und Service GmbH (in Kooperation mit IFV Bahntechnik e.V.)<\/li>\n<li>Zust\u00e4ndig f\u00fcr &gt;&gt;&gt; <strong><em>Eventmanagement, <\/em><\/strong><em><strong>Teilnehmer-Anmeldungen, Sponsoren und Aussteller, Lieferanten-Anfragen<\/strong><\/em><\/li>\n<li>Telefon:\u00a0<strong>030 39720172<\/strong><\/li>\n<li>Telefax: 030 31425452 oder 0700 47472000<\/li>\n<li>E-Mail:\u00a0<a href=\"mailto:tagung@ifv-bahntechnik.de\">tagung@ifv-bahntechnik.de<\/a><\/li>\n<\/ul>\n<p style=\"text-align: right;\">\u00a0 <span style=\"color: #ffffff;\">\u00a0 \u00a0.<\/span><\/p>\n<p style=\"text-align: right;\"><span style=\"color: #ffffff;\">.<\/span><\/p>\n<p style=\"text-align: right;\"><span style=\"color: #ffffff;\">.<\/span><\/p>\n<\/div><\/div>\n<p style=\"text-align: right;\"><span style=\"color: #ffffff;\">.<\/span><\/p>\n<p style=\"text-align: right;\"><span style=\"color: #ffffff;\">.<\/span><\/p>\n<div class=\"su-spoiler su-spoiler-style-fancy su-spoiler-icon-plus-circle su-spoiler-closed\" data-scroll-offset=\"0\" data-anchor-in-url=\"no\"><div class=\"su-spoiler-title\" tabindex=\"0\" role=\"button\"><span class=\"su-spoiler-icon\"><\/span>COPYRIGHT<\/div><div class=\"su-spoiler-content su-u-clearfix su-u-trim\">\n<p>&nbsp;<\/p>\n<p><strong>digital-rail.com<\/strong> ist als Markenzeichen beim Deutschen Patent- und Markenamt der Bundesrepublik Deutschland registriert.<\/p>\n<p>Die Verwendung des Markenzeichens digital-rail.com ist nur dem Markeninhaber sowie dessen Partnern mit entsprechender Nutzungsvereinbarung gestattet.<\/p>\n<p style=\"text-align: right;\"><span style=\"color: #ffffff;\">_<\/span><\/p>\n<blockquote><p><img decoding=\"async\" class=\"aligncenter\" src=\"https:\/\/www.ifv-bahntechnik.de\/fileserver\/digital-rail-com\/Markenzeichen-Digital-Rail-Com-2018-2029-DPMA-600x715px.png\" \/><\/p><\/blockquote>\n<p style=\"text-align: right;\"><span style=\"color: #ffffff;\">_<\/span><\/p>\n<p>(C) <strong>COPYRIGHT<\/strong> 2019, 2020<\/p>\n<p>&nbsp;<\/p>\n<p>Bez\u00fcglich der Inhalte (Text, Bild, Grafik) auf der Internetseite digital-rail.com gilt das Urheberrecht der Bundesrepublik Deutschland.<\/p>\n<p>&nbsp;<\/p>\n<p>ALL RIGHTS RESERVED!<\/p>\n<p style=\"text-align: right;\"><span style=\"color: #ffffff;\">_<\/span><\/p>\n<\/div><\/div>\n<p style=\"text-align: right;\"><span style=\"color: #ffffff;\">.<\/span><\/p>\n<p style=\"text-align: right;\"><span style=\"color: #ffffff;\">.<\/span><\/p>\n<div class=\"su-spoiler su-spoiler-style-fancy su-spoiler-icon-plus-circle su-spoiler-closed\" data-scroll-offset=\"0\" data-anchor-in-url=\"no\"><div class=\"su-spoiler-title\" tabindex=\"0\" role=\"button\"><span class=\"su-spoiler-icon\"><\/span>IMPRESSUM \/ KONTAKT <\/div><div class=\"su-spoiler-content su-u-clearfix su-u-trim\">\n<p>&nbsp;<\/p>\n<h2 class=\"art-postheader\">Kontakt zum Betreiber der Internet-Angebote auf www.digital-rail.com<\/h2>\n<div class=\"art-postcontent art-postcontent-0 clearfix\">\n<p style=\"text-align: right;\">.<\/p>\n<p><img loading=\"lazy\" decoding=\"async\" class=\"art-lightbox\" src=\"https:\/\/www.ifv-servicegesellschaft.de\/fileserver\/pixel\/ifv-firmenlogo-online.png\" alt=\"\" width=\"600\" height=\"156\" \/><\/p>\n<p style=\"text-align: right;\"><strong>.<\/strong><\/p>\n<p><strong>Sie k\u00f6nnen uns unter folgenden Kontakt-Koordinaten erreichen:<\/strong><\/p>\n<ul>\n<li>Telefon:\u00a0030 81898731\u00a0(B\u00fcro Berlin)<\/li>\n<li>Telefon:\u00a00911 209112\u00a0(B\u00fcro N\u00fcrnberg)<\/li>\n<li>E-Mail:\u00a0<a title=\"email@zentralsekretariat.de\" href=\"mailto:%20email@zentralsekretariat.de\">email@zentralsekretariat.de<\/a><\/li>\n<\/ul>\n<p style=\"text-align: right;\">.<\/p>\n<p><strong>Post-Anschrift \/ Zentralsekretariat:<\/strong><\/p>\n<p style=\"padding-left: 40px;\">IFV Beratung und Service GmbH<\/p>\n<p style=\"padding-left: 40px;\">Fregestra\u00dfe 67 (HdV)<\/p>\n<p style=\"padding-left: 40px;\">12159 Berlin<\/p>\n<p style=\"text-align: right;\">.<\/p>\n<p><strong>Besucher-Anschrift:<\/strong><\/p>\n<p style=\"padding-left: 40px;\">IFV &#8211; Institut f\u00fcr Verb\u00e4ndeberatung<\/p>\n<p style=\"padding-left: 40px;\">Haus der Verb\u00e4nde (HdV)<\/p>\n<p style=\"padding-left: 40px;\">Fregestra\u00dfe 67<\/p>\n<p style=\"padding-left: 40px;\">12159 Berlin<\/p>\n<p style=\"text-align: right;\">.<\/p>\n<p><strong>Lageplan \/ Anfahrt \/ Wegbeschreibung:<\/strong><\/p>\n<p style=\"padding-left: 40px;\">Download &gt;&gt;&gt;\u00a0<a style=\"margin: 0px; padding: 0px; font-family: Arial, 'Arial Unicode MS', Helvetica, sans-serif; text-align: left; text-decoration: underline; color: #008080;\" title=\"DOWNLOAD &gt;&gt;&gt; wegbeschreibung.pdf\" href=\"https:\/\/www.ifv-servicegesellschaft.de\/wegbeschreibung.pdf\" target=\"_blank\" rel=\"noopener noreferrer\">wegbeschreibung.pdf<\/a><\/p>\n<p style=\"text-align: right;\">.<\/p>\n<h4>Gesch\u00e4ftsf\u00fchrung \/ Institutsleiter:<\/h4>\n<p>&nbsp;<\/p>\n<p>Dipl.-Volkswirt Eckhard SCHULZ \u00a0 \u00a0 \u00a0 \u00a0 \u00a0 \u00a0 \u00a0 \u00a0 \u00a0 \u00a0 \u00a0 \u00a0<img loading=\"lazy\" decoding=\"async\" class=\"\" src=\"https:\/\/ifv-servicegesellschaft.de\/images\/ifv-gmbh_schulz_px-color-2.png\" alt=\"\" width=\"195\" height=\"215\" \/><\/p>\n<p>(Zertifizierter Unternehmensberater \/ Level-III = LEADING CONSULTANT)<\/p>\n<ul>\n<li>Telefon (B\u00fcro Berlin): 030 81898731<\/li>\n<li>Telefon (B\u00fcro N\u00fcrnberg): 0911 209112<\/li>\n<li>Mobiltelefon:\u00a00176 70094803<\/li>\n<li>E-Mail:\u00a0geschaeftsfuehrer@verbaende-beratung.de<\/li>\n<\/ul>\n<\/div>\n<p style=\"text-align: right;\">.<\/p>\n<article class=\"art-post art-article\">\n<div class=\"art-postcontent art-postcontent-0 clearfix\">\n<hr \/>\n<blockquote>\n<p style=\"text-align: right;\"><span style=\"color: #ffffff;\">_<\/span><\/p>\n<h4>Impressum \/ Pflichtangaben:<\/h4>\n<p style=\"text-align: right;\">.<\/p>\n<p>IFV Beratung und Service GmbH<\/p>\n<p>Steigstr. 12<\/p>\n<p>55296 Gau-Bischofsheim<\/p>\n<ul>\n<li>Gesch\u00e4ftsf\u00fchrer: Diplom-Volkswirt Eckhard SCHULZ<\/li>\n<li>Handelsregister: Amtsgericht Mainz HRB 79743<\/li>\n<li>Steuernummer \/ UID: Siehe Rechnung bzw. auf Anfrage<\/li>\n<li>Gesch\u00e4ftsbedingungen (AGB): www.ifv-servicegesellschaft.de\/agb.pdf<\/li>\n<\/ul>\n<p>F\u00fcr die unmittelbare Kommunikation nutzen Sie folgende Kommunikationsm\u00f6glichkeiten:<\/p>\n<ul>\n<li>Telefon:\u00a00176 70094803<\/li>\n<li>E-Mail: \u00a0<a title=\"email@zentralsekretariat.de\" href=\"mailto:%20email@zentralsekretariat.de\">email@zentralsekretariat.de<\/a><\/li>\n<\/ul>\n<p style=\"text-align: right;\"><span style=\"color: #ffffff;\">_<\/span><\/p>\n<\/blockquote>\n<div><\/div>\n<hr \/>\n<blockquote><p>&nbsp;<\/p>\n<h4>DATENSCHUTZ:<\/h4>\n<p style=\"text-align: right;\">.<\/p>\n<p>Die ausf\u00fchrliche Datenschutzerkl\u00e4rung finden Sie hier &gt;&gt;&gt; <a title=\"https:\/\/www.ifv-servicegesellschaft.de\/datenschutz.html\" href=\"https:\/\/www.ifv-servicegesellschaft.de\/datenschutz.html\">https:\/\/www.ifv-servicegesellschaft.de\/datenschutz.html<\/a><\/p>\n<p style=\"text-align: right;\"><span style=\"color: #ffffff;\">_<\/span><\/p>\n<\/blockquote>\n<\/div>\n<\/article>\n<div class=\"art-block clearfix\">\n<div style=\"text-align: right;\"><\/div>\n<\/div>\n<\/div><\/div>\n<p style=\"text-align: right;\"><span style=\"color: #ffffff;\">.#<\/span><\/p>\n","protected":false},"excerpt":{"rendered":"<p>. Haben Sie Fragen? Nehmen Sie direkten Kontakt mit den Ansprechpartnern auf! &nbsp; . . . . . . .#<\/p>\n","protected":false},"author":1,"featured_media":0,"parent":0,"menu_order":0,"comment_status":"closed","ping_status":"closed","template":"","meta":{"footnotes":""},"class_list":["post-111","page","type-page","status-publish","hentry"],"_links":{"self":[{"href":"https:\/\/ifv-bahntechnik.de\/digital-rail\/wp-json\/wp\/v2\/pages\/111","targetHints":{"allow":["GET"]}}],"collection":[{"href":"https:\/\/ifv-bahntechnik.de\/digital-rail\/wp-json\/wp\/v2\/pages"}],"about":[{"href":"https:\/\/ifv-bahntechnik.de\/digital-rail\/wp-json\/wp\/v2\/types\/page"}],"author":[{"embeddable":true,"href":"https:\/\/ifv-bahntechnik.de\/digital-rail\/wp-json\/wp\/v2\/users\/1"}],"replies":[{"embeddable":true,"href":"https:\/\/ifv-bahntechnik.de\/digital-rail\/wp-json\/wp\/v2\/comments?post=111"}],"version-history":[{"count":23,"href":"https:\/\/ifv-bahntechnik.de\/digital-rail\/wp-json\/wp\/v2\/pages\/111\/revisions"}],"predecessor-version":[{"id":505,"href":"https:\/\/ifv-bahntechnik.de\/digital-rail\/wp-json\/wp\/v2\/pages\/111\/revisions\/505"}],"wp:attachment":[{"href":"https:\/\/ifv-bahntechnik.de\/digital-rail\/wp-json\/wp\/v2\/media?parent=111"}],"curies":[{"name":"wp","href":"https:\/\/api.w.org\/{rel}","templated":true}]}}