{"id":249,"date":"2019-09-01T01:11:11","date_gmt":"2019-08-31T23:11:11","guid":{"rendered":"https:\/\/ifv-bahntechnik.de\/digital-rail\/?page_id=249"},"modified":"2019-10-10T03:36:23","modified_gmt":"2019-10-10T01:36:23","slug":"expertentagung-digital-rail-2019","status":"publish","type":"page","link":"https:\/\/ifv-bahntechnik.de\/digital-rail\/expertentagung-digital-rail-2019\/","title":{"rendered":"Expertentagung DIGITAL-RAIL 2019"},"content":{"rendered":"<h1>HERZLICH WILLKOMMEN<\/h1>\n<h1>5. interdisziplin\u00e4re Expertentagung DIGITAL-RAIL 2019<\/h1>\n<p style=\"text-align: right;\">.<\/p>\n<p><a href=\"https:\/\/www.ifv-bahntechnik.de\/digital-rail.pdf\" target=\"_blank\" rel=\"noopener noreferrer\"><img loading=\"lazy\" decoding=\"async\" class=\"aligncenter\" src=\"https:\/\/www.ifv-bahntechnik.de\/fileserver\/2019\/digital-rail-2019-tagungslogo-600px.png\" alt=\"\" width=\"600\" height=\"300\" \/><\/a><\/p>\n<p style=\"text-align: right;\">.<\/p>\n<p>Das finale Tagungsprogramm der 5. interdisziplin\u00e4ren Expertentagung DIGITAL-RAIL 2019 steht ab sofort zum Download <strong><a title=\"DOWNLOAD [pdf]\" href=\"https:\/\/www.ifv-bahntechnik.de\/digital-rail.pdf\" target=\"_blank\" rel=\"noopener noreferrer\"><img loading=\"lazy\" decoding=\"async\" class=\"alignnone\" src=\"https:\/\/www.railway-network.info\/fileserver\/000-ifv-homepage-online\/pdf.png\" alt=\"DOWNLOAD [pdf]\" width=\"22\" height=\"22\" \/><\/a><\/strong> bereit:<\/p>\n<p><a href=\"https:\/\/www.ifv-bahntechnik.de\/digital-rail.pdf\" target=\"_blank\" rel=\"noopener noreferrer\"><img decoding=\"async\" class=\"aligncenter\" src=\"https:\/\/www.ifv-bahntechnik.de\/fileserver\/2019\/digital-rail-2019-tagungsinformation-600px.png\" \/><\/a><\/p>\n<p style=\"text-align: center;\">DOWNLOAD &gt;&gt;&gt; <strong><a title=\"Tagungsprospekt [pdf]\" href=\"https:\/\/www.ifv-bahntechnik.de\/digital-rail.pdf\" target=\"_blank\" rel=\"noopener noreferrer\">Tagungsprospekt<\/a><a title=\"DOWNLOAD [pdf]\" href=\"https:\/\/www.ifv-bahntechnik.de\/digital-rail.pdf\" target=\"_blank\" rel=\"noopener noreferrer\"><img loading=\"lazy\" decoding=\"async\" class=\"alignnone\" src=\"https:\/\/www.railway-network.info\/fileserver\/000-ifv-homepage-online\/pdf.png\" alt=\"DOWNLOAD [pdf]\" width=\"22\" height=\"22\" \/><\/a><\/strong><\/p>\n<p style=\"text-align: right;\">.<\/p>\n<p style=\"text-align: right;\">.<\/p>\n<p>Die Anmeldung f\u00fcr Teilnehmer erfolgt entweder \u00fcber das Online-Formular *<\/p>\n<p><a href=\"https:\/\/ifv-bahntechnik.de\/digital-rail-2019\/teilnehmeranmeldung-digital-rail-2019\/\" target=\"_blank\" rel=\"noopener noreferrer\"><img loading=\"lazy\" decoding=\"async\" class=\"aligncenter\" src=\"https:\/\/www.ifv-bahntechnik.de\/fileserver\/ifv-grafiken\/button600anmelden.png\" alt=\"\" width=\"274\" height=\"274\" \/><\/a><\/p>\n<p>oder mit dem klassischen Anmeldeformular, das im Tagungsprospekt ( letzte Seite der <a href=\"https:\/\/www.ifv-bahntechnik.de\/digital-rail.pdf\" target=\"_blank\" rel=\"noopener noreferrer\">PDF-DATEI<\/a>\u00a0) enthalten ist.<\/p>\n<p>&nbsp;<\/p>\n<p style=\"text-align: right;\"><em><span style=\"color: #999999;\">* Hinweis: <\/span><\/em><\/p>\n<p style=\"text-align: right;\"><em><span style=\"color: #999999;\">Aus technischen Gr\u00fcnden wird das Online-Formular nicht auf allen Browsern korrekt angezeigt. <\/span><\/em><\/p>\n<p style=\"text-align: right;\"><em><span style=\"color: #999999;\">Falls Sie auf Ihrem Hinweis auf \u201cWartungsarbeiten\u201d oder \u201cSystem-Maintenance-Error\u201d angezeigt bekommen sollten, <\/span><\/em><\/p>\n<p style=\"text-align: right;\"><em><span style=\"color: #999999;\">k\u00f6nnen Sie einen anderen Browser (bzw. Smartphone) nutzen \u2013 oder das konventionelle Anmeldeformular <strong>(<a style=\"color: #999999;\" href=\"https:\/\/www.ifv-bahntechnik.de\/digital-rail.pdf\" target=\"_blank\" rel=\"noopener noreferrer\">pdf<\/a>)<\/strong> verwenden.<\/span><\/em><\/p>\n<p style=\"text-align: right;\"><em><span style=\"color: #999999;\">.Sobald die Anmeldedaten beim Veranstalter eingegangen ist, <\/span><\/em><\/p>\n<p style=\"text-align: right;\"><em><span style=\"color: #999999;\">sendet Ihnen das automatische Ticketssystem eine Best\u00e4tigungsmail an die von Ihnen angegebene E-Mail-Adresse.<\/span><\/em><\/p>\n<p style=\"text-align: right;\"><em><span style=\"color: #999999;\">Falls Sie keine E-Mail erhalten sollten, <\/span><\/em><\/p>\n<p style=\"text-align: right;\"><em><span style=\"color: #999999;\">nehmen Sie einfach mit mit dem <strong><a style=\"color: #999999;\" href=\"https:\/\/ifv-bahntechnik.de\/tagungsmanagement\/\">Team Eventmanagement<\/a><\/strong>\u00a0Kontakt auf, <\/span><\/em><\/p>\n<p style=\"text-align: right;\"><em><span style=\"color: #999999;\">um Ihre Anmeldung sicherzustellen.<\/span><\/em><\/p>\n<p style=\"text-align: right;\"><span style=\"color: #ffffff;\">.<\/span><\/p>\n<p style=\"text-align: right;\"><span style=\"color: #ffffff;\">.<\/span><\/p>\n<p style=\"text-align: right;\"><span style=\"color: #ffffff;\">.<\/span><\/p>\n<p style=\"text-align: right;\"><span style=\"color: #ffffff;\">.<\/span><\/p>\n<p><em><a href=\"https:\/\/www.ifv-bahntechnik.de\/digital-rail\"><img loading=\"lazy\" decoding=\"async\" class=\"alignnone\" src=\"https:\/\/www.railway-network.eu\/fileserver\/bahntechnik-symposium\/download\/INFO_Tagungsinformation350x100px.png\" alt=\"\" width=\"350\" height=\"100\" \/><\/a><\/em><\/p>\n<p style=\"text-align: right;\">.<\/p>\n<p style=\"padding-left: 80px;\">* Termin: <strong>24. \u2013 25. Oktober 2019<\/strong><\/p>\n<p style=\"padding-left: 80px;\">* Tagungsort: <strong>M\u00dcNCHEN [DB Systemtechnik GmbH]<\/strong><\/p>\n<p style=\"padding-left: 80px;\">* Tagungsprogramm zum Download &gt;&gt;&gt; <strong><a title=\"Tagungsprospekt [pdf]\" href=\"https:\/\/www.ifv-bahntechnik.de\/digital-rail.pdf\" target=\"_blank\" rel=\"noopener noreferrer\">Tagungsprospekt<\/a><a title=\"DOWNLOAD [pdf]\" href=\"https:\/\/www.ifv-bahntechnik.de\/digital-rail.pdf\" target=\"_blank\" rel=\"noopener noreferrer\"><img loading=\"lazy\" decoding=\"async\" class=\"alignnone\" src=\"https:\/\/www.railway-network.info\/fileserver\/000-ifv-homepage-online\/pdf.png\" alt=\"DOWNLOAD [pdf]\" width=\"22\" height=\"22\" \/><\/a><\/strong><\/p>\n<p style=\"padding-left: 80px;\">\u00a0 \u00a0bzw. ONLINE-INFORMATION zum <strong>FACHPROGRAMM<\/strong>\u00a0bzw. zum\u00a0<strong>RAHMENPROGRAMM<\/strong><\/p>\n<p>&nbsp;<\/p>\n<p style=\"text-align: right;\"><span style=\"color: #ffffff;\">.<\/span><\/p>\n<p style=\"text-align: right;\"><span style=\"color: #ffffff;\">.<\/span><\/p>\n<div style=\"text-align: right;\"><span style=\"color: #ffffff;\">.<\/span><\/div>\n<div>\n<p style=\"text-align: right;\"><span style=\"color: #ffffff;\">.<\/span><\/p>\n<hr \/>\n<p style=\"text-align: right;\"><span style=\"color: #ffffff;\">.<\/span><\/p>\n<p>Fachprogramm: Zweit\u00e4giges Fachsymposium: <strong>24. \u2013 25. Oktober 2019<\/strong><\/p>\n<p style=\"text-align: right;\">.<\/p>\n<p><a href=\"https:\/\/www.ifv-bahntechnik.de\/digital-rail\/fachprogramm\" rel=\"noopener noreferrer\"><img loading=\"lazy\" decoding=\"async\" class=\"alignnone\" src=\"https:\/\/www.railway-network.eu\/fileserver\/bahntechnik-symposium\/download\/FACHPROGRAMM_Fachsymposium350x100px.png\" alt=\"\" width=\"350\" height=\"100\" \/><\/a><\/p>\n<p>&nbsp;<\/p>\n<p style=\"padding-left: 80px;\"><a title=\"FACHPROGRAMM\" href=\"https:\/\/www.ifv-bahntechnik.de\/digital-rail\/fachprogramm\" target=\"_blank\" rel=\"noopener noreferrer\"><img decoding=\"async\" class=\"aligncenter\" src=\"https:\/\/www.ifv-bahntechnik.de\/fileserver\/2019\/digital-rail-2019-fachprogramm-doppelseite-600px.png\" alt=\"\" width=\"600\" height=\"\" \/><\/a><\/p>\n<\/div>\n<p style=\"text-align: right;\">.<\/p>\n<p style=\"text-align: right;\">.<\/p>\n<div>\n<p><a href=\"https:\/\/www.ifv-bahntechnik.de\/digital-rail\/fachprogramm\/#fachprogramm-tag1\"><img loading=\"lazy\" decoding=\"async\" class=\"alignnone\" src=\"https:\/\/www.railway-network.eu\/fileserver\/bahntechnik-symposium\/download\/FACHPROGRAMM_1-Konferenztag350x100px.png\" alt=\"\" width=\"350\" height=\"100\" \/><\/a><\/p>\n<p>&nbsp;<\/p>\n<p><a href=\"https:\/\/www.ifv-bahntechnik.de\/digital-rail\/fachprogramm\/#fachprogramm-tag1\"><img decoding=\"async\" class=\"aligncenter\" src=\"https:\/\/ifv-bahntechnik.de\/fileserver\/2019\/digital-rail-2019-tagungsprospekt-tag1-600px.png\" alt=\"\" width=\"600\" height=\"\" \/><\/a><\/p>\n<p style=\"text-align: right;\">.<\/p>\n<p style=\"text-align: right;\">.<\/p>\n<p><a href=\"https:\/\/www.ifv-bahntechnik.de\/digital-rail\/fachprogramm\/#fachprogramm-tag2\"><img loading=\"lazy\" decoding=\"async\" class=\"alignnone\" src=\"https:\/\/www.railway-network.eu\/fileserver\/bahntechnik-symposium\/download\/FACHPROGRAMM_2-Konferenztag350x100px.png\" alt=\"\" width=\"350\" height=\"100\" \/><\/a><\/p>\n<p><a href=\"https:\/\/www.ifv-bahntechnik.de\/digital-rail\/fachprogramm\/#fachprogramm-tag2\"><img decoding=\"async\" class=\"aligncenter\" src=\"https:\/\/ifv-bahntechnik.de\/fileserver\/2019\/digital-rail-2019-tagungsprospekt-tag2-600px.png\" \/><\/a><\/p>\n<p>&nbsp;<\/p>\n<p style=\"text-align: right;\"><span style=\"color: #ffffff;\">.<\/span><\/p>\n<hr \/>\n<p style=\"text-align: right;\"><span style=\"color: #ffffff;\">.<\/span><\/p>\n<p>Rahmenprogramm: Visitenkarten-Abend<\/p>\n<p style=\"text-align: right;\">.<\/p>\n<p><a href=\"https:\/\/www.ifv-bahntechnik.de\/digital-rail\"><img loading=\"lazy\" decoding=\"async\" class=\"alignnone\" src=\"https:\/\/www.railway-network.eu\/fileserver\/bahntechnik-symposium\/download\/RAHMENPROGRAMM_Visitenkartenabend350x100px.png\" alt=\"\" width=\"350\" height=\"100\" \/><\/a><\/p>\n<p style=\"padding-left: 80px; text-align: right;\">.<\/p>\n<p style=\"padding-left: 80px;\">Termin: 24. Oktober 2019<\/p>\n<p style=\"padding-left: 80px;\">Zeit: 19:00 &#8211; 22:00 Uhr<\/p>\n<p style=\"padding-left: 80px;\">Ort: Restaurant in M\u00fcnchen<\/p>\n<p>&nbsp;<\/p>\n<p style=\"text-align: right;\"><span style=\"color: #ffffff;\">.<\/span><\/p>\n<p style=\"text-align: right;\"><span style=\"color: #ffffff;\">.<\/span><\/p>\n<hr \/>\n<p style=\"text-align: right;\"><span style=\"color: #ffffff;\">.<\/span><\/p>\n<p style=\"text-align: right;\"><span style=\"color: #ffffff;\">.<\/span><\/p>\n<p>Referentenliste: Autoren und Co-Autoren (A-Z)<\/p>\n<p style=\"text-align: right;\">.<\/p>\n<p><a href=\"https:\/\/ifv-bahntechnik.de\/digital-rail\/referentenliste\/\"><img loading=\"lazy\" decoding=\"async\" class=\"alignnone\" src=\"https:\/\/www.railway-network.eu\/fileserver\/bahntechnik-symposium\/download\/WER_Referenten350x100px.png\" alt=\"\" width=\"350\" height=\"100\" \/><\/a><\/p>\n<p style=\"text-align: right;\">.<\/p>\n<p><a href=\"https:\/\/ifv-bahntechnik.de\/digital-rail\/referentenliste\/\"><img loading=\"lazy\" decoding=\"async\" class=\"aligncenter\" src=\"https:\/\/www.ifv-bahntechnik.de\/fileserver\/2019\/digital-rail-2019-referentenliste-600px.png\" alt=\"\" width=\"600\" height=\"660\" \/><\/a><\/p>\n<p style=\"text-align: right;\">.<\/p>\n<p style=\"text-align: right;\"><span style=\"color: #ffffff;\">.<\/span><\/p>\n<hr \/>\n<p style=\"text-align: right;\"><span style=\"color: #ffffff;\">.<\/span><\/p>\n<p>Tagungsort: M\u00dcNCHEN<\/p>\n<p style=\"text-align: right;\">.<\/p>\n<p><a href=\"https:\/\/www.ifv-bahntechnik.de\/digital-rail\" target=\"_blank\" rel=\"noopener noreferrer\"><img loading=\"lazy\" decoding=\"async\" class=\"alignnone\" src=\"https:\/\/www.railway-network.eu\/fileserver\/bahntechnik-symposium\/download\/WO_Tagungsort350x100px.png\" alt=\"\" width=\"350\" height=\"100\" \/><\/a><\/p>\n<p>&nbsp;<\/p>\n<p style=\"padding-left: 80px;\">Tagungsort: <strong>DB Systemtechnik GmbH<\/strong><\/p>\n<p style=\"padding-left: 80px;\">V\u00f6lckerstr. 5<\/p>\n<p style=\"padding-left: 80px;\">80939 M\u00fcnchen<\/p>\n<p>&nbsp;<\/p>\n<p style=\"padding-left: 80px;\"><strong>Anfahrt mit U6 &#8211; Station Freimann<\/strong><\/p>\n<p>&nbsp;<\/p>\n<p style=\"text-align: right;\">.<\/p>\n<p style=\"text-align: right;\">.<\/p>\n<p style=\"text-align: left;\">\u2014 Organisatorischer Hinweis \u2014<\/p>\n<p style=\"text-align: left;\">Registierte Teilnehmer erhalten mit der <strong>Anmeldebest\u00e4tigung<\/strong> eine Anfahrtbeschreibung zum Tagungsort sowie eine Liste mit <strong>Hotelempfehlungen<\/strong> in der N\u00e4he.<\/p>\n<p style=\"text-align: left;\">Zum Betreten der Tagungsr\u00e4ume wird eine personalisierte Einlasskarte &#8211; <strong>CHECK-IN-CARD<\/strong> &#8211; ben\u00f6tigt.<\/p>\n<p style=\"text-align: left;\">Diese Check-In-Card wird vom IFV-Tagungsmanagement \u201efreigeschaltet\u201c und per E-Mail an jeden einzelnen Teilnehmer \u00fcbermittelt. Nur eine vom Veranstalter freigeschaltete Check-In-Card gilt als Eintrittsberechtigung zur Tagung.<\/p>\n<p style=\"text-align: right;\"><span style=\"color: #ffffff;\">.<\/span><\/p>\n<\/div>\n<p style=\"text-align: right;\"><span style=\"color: #ffffff;\">.<\/span><\/p>\n<hr \/>\n<p style=\"text-align: right;\"><span style=\"color: #ffffff;\">.<\/span><\/p>\n<p><strong>TAGUNGSDOKUMENTATION<\/strong><\/p>\n<p style=\"text-align: right;\">.<\/p>\n<p><a href=\"https:\/\/www.ifv-bahntechnik.de\/digital-rail\" target=\"_blank\" rel=\"noopener noreferrer\"><img loading=\"lazy\" decoding=\"async\" class=\"alignnone\" src=\"https:\/\/www.railway-network.eu\/fileserver\/bahntechnik-symposium\/download\/LESEN_Tagungsband350x100px.png\" alt=\"\" width=\"350\" height=\"100\" \/><\/a><\/p>\n<p>&nbsp;<\/p>\n<ul>\n<li><strong>Die wichtigsten Tagungsinhalte werden im offiziellen Tagungsband ver\u00f6ffentlicht.<\/strong><\/li>\n<li><strong>Der Tagungsband DIGITAL-RAIL 2019 wird am 24.10.2019 den Tagungsteilnehmern \u00fcberreicht.<\/strong><\/li>\n<\/ul>\n<p style=\"text-align: right;\"><span style=\"color: #ffffff;\">.<\/span><\/p>\n<p style=\"text-align: right;\"><span style=\"color: #ffffff;\"><img decoding=\"async\" class=\"aligncenter\" src=\"https:\/\/www.ifv-bahntechnik.de\/fileserver\/2019\/digital-rail-2019-fachpublikation-600px.png\" \/>.<\/span><\/p>\n<p style=\"text-align: right;\"><span style=\"color: #ffffff;\">.<\/span><\/p>\n<p style=\"text-align: right;\"><span style=\"color: #ffffff;\">.<\/span><\/p>\n<hr \/>\n<p style=\"text-align: right;\"><span style=\"color: #ffffff;\">.<\/span><\/p>\n<p style=\"text-align: right;\"><span style=\"color: #ffffff;\">.<\/span><\/p>\n<h2><strong>Fachaussteller der tagungsbegleitenden Fachausstellung DIGITAL-RAIL 2019:<\/strong><\/h2>\n<p>&nbsp;<\/p>\n<h2><a href=\"https:\/\/www.ifv-bahntechnik.de\/fileserver\/2019\/ASC_Ausstellungspartnerlogo_DIGITAL-RAIL-2019-in-1200x400-Variante1-grey-and-teal.png\"><img loading=\"lazy\" decoding=\"async\" class=\"aligncenter\" src=\"https:\/\/www.ifv-bahntechnik.de\/fileserver\/2019\/ASC_Ausstellungspartnerlogo_DIGITAL-RAIL-2019-in-1200x400-Variante1-grey-and-teal.png\" alt=\"\" width=\"600\" height=\"220\" \/><\/a><\/h2>\n<p><a href=\"https:\/\/www.ifv-bahntechnik.de\/fileserver\/2019\/BOOM_Ausstellungspartnerlogo_DIGITAL-RAIL-2019-in-1200x400-Variante1-grey-and-teal.png\"><img loading=\"lazy\" decoding=\"async\" class=\"aligncenter\" src=\"https:\/\/www.ifv-bahntechnik.de\/fileserver\/2019\/BOOM_Ausstellungspartnerlogo_DIGITAL-RAIL-2019-in-1200x400-Variante1-grey-and-teal.png\" alt=\"\" width=\"600\" height=\"220\" \/><\/a><\/p>\n<p><a href=\"https:\/\/www.ifv-bahntechnik.de\/fileserver\/2019\/DB-SYSTEMTECHNIK_Ausstellungspartnerlogo_DIGITAL-RAIL-2019-in-1200x400-Variante1-grey-and-teal.png\"><img loading=\"lazy\" decoding=\"async\" class=\"aligncenter\" src=\"https:\/\/www.ifv-bahntechnik.de\/fileserver\/2019\/DB-SYSTEMTECHNIK_Ausstellungspartnerlogo_DIGITAL-RAIL-2019-in-1200x400-Variante1-grey-and-teal.png\" alt=\"\" width=\"600\" height=\"220\" \/><\/a><a href=\"https:\/\/www.ifv-bahntechnik.de\/fileserver\/2019\/WITT_Ausstellungspartnerlogo_DIGITAL-RAIL-2019-in-1200x400-Variante1-grey-and-teal.png\"><img loading=\"lazy\" decoding=\"async\" class=\"aligncenter\" src=\"https:\/\/www.ifv-bahntechnik.de\/fileserver\/2019\/WITT_Ausstellungspartnerlogo_DIGITAL-RAIL-2019-in-1200x400-Variante1-grey-and-teal.png\" alt=\"\" width=\"600\" height=\"220\" \/><\/a><\/p>\n<p>&nbsp;<\/p>\n<p style=\"text-align: center;\">.<\/p>\n<h2><strong>Tagungsinformation zum Download<\/strong><\/h2>\n<h2><\/h2>\n<p style=\"text-align: center;\">.<\/p>\n<p><a href=\"https:\/\/www.ifv-bahntechnik.de\/digital-rail.pdf\" target=\"_blank\" rel=\"noopener noreferrer\"><img loading=\"lazy\" decoding=\"async\" class=\"aligncenter\" src=\"https:\/\/www.ifv-bahntechnik.de\/fileserver\/2019\/digital-rail-2019-download-600px.png\" alt=\"\" width=\"600\" height=\"900\" \/><\/a><\/p>\n<p style=\"text-align: center;\">.<a href=\"https:\/\/www.ifv-bahntechnik.de\/referenten\"><br \/>\n<\/a><a href=\"https:\/\/ifv-bahntechnik.de\/digital-rail-2019\/teilnehmeranmeldung-digital-rail-2019\/\"><img loading=\"lazy\" decoding=\"async\" class=\"alignnone\" src=\"https:\/\/www.ifv-bahntechnik.de\/fileserver\/ifv-knoepfe\/startknopf-teilnehmer-400px.png\" alt=\"\" width=\"238\" height=\"238\" \/><\/a><\/p>\n<p><a href=\"https:\/\/www.ifv-bahntechnik.de\/aussteller\" target=\"_blank\" rel=\"noopener noreferrer\"><img loading=\"lazy\" decoding=\"async\" class=\"aligncenter\" src=\"https:\/\/www.ifv-bahntechnik.de\/fileserver\/ifv-knoepfe\/startknopf-aussteller-400px.png\" alt=\"\" width=\"250\" height=\"250\" \/><\/a><\/p>\n<p style=\"text-align: right;\">.<\/p>\n<hr \/>\n<p style=\"text-align: right;\">.<\/p>\n<h2><\/h2>\n<h2><strong>Tagungskonzept DIGITAL-RAIL<\/strong><\/h2>\n<p>&nbsp;<\/p>\n<p style=\"padding-left: 40px;\"><strong>The future of rail will be digital!<\/strong><\/p>\n<p style=\"padding-left: 40px;\"><strong>Der IFV BAHNTECHNIK e.V. organisiert seit 2008 \/ 2010 Expertentagungen der Tagungsreihe BAHN-DIGITALISIERUNG. <\/strong><strong>Bei den Expertentagungen des IFV zur Informations- und Kommunikationstechnologie geht es seit \u00fcber 10 Jahren nicht mehr um die Frage, OB die Digitalisierung im Bahnbereich zu tiefgreifenden Ver\u00e4nderungen f\u00fchren wird. (Diese Frage hat uns vor 2008 besch\u00e4ftigt.) <\/strong><strong>Bei den IFV-Expertentagungen seit 2008 geht es vor allem um zwei Leitfragen:<\/strong><\/p>\n<p style=\"padding-left: 40px;\"><strong>(1.) WIE kann die Bahn-Digitalisierung funktionieren?<\/strong><\/p>\n<p style=\"padding-left: 40px;\"><strong>(2.) WER hat die erforderliche Fachkompetenz, um bahntaugliche L\u00f6sungen anbieten zu k\u00f6nnen?\u00a0<\/strong><\/p>\n<p style=\"text-align: right; padding-left: 40px;\">.<\/p>\n<p style=\"padding-left: 40px;\"><strong>Die n\u00e4chste Expertentagung findet Ende Oktober 2019 in M\u00fcnchen statt (in den Tagungsr\u00e4umen von DB Systemtechnik GmbH).<\/strong><\/p>\n<p style=\"padding-left: 40px;\"><strong>Tagungsthema: Hardware, Software, Schnittstellen und Sicherheit in der Bahn-Informationstechnik<\/strong><\/p>\n<p style=\"text-align: right;\"><span style=\"color: #ffffff;\">.<\/span><\/p>\n<p style=\"text-align: right;\">.<\/p>\n<hr \/>\n<p style=\"text-align: right;\">.<\/p>\n<h2>LISTE DER OFFIZIELLEN PARTNER der EXPERTENTAGUNG DIGITAL-RAIL 2019<\/h2>\n<p style=\"text-align: right;\">.<\/p>\n<p><img decoding=\"async\" class=\"aligncenter\" src=\"https:\/\/www.ifv-bahntechnik.de\/fileserver\/2019\/digital-rail-2019-tagungsinformation-600px.png\" \/><\/p>\n<p>&nbsp;<\/p>\n<p style=\"text-align: right;\">.<\/p>\n<hr \/>\n<p style=\"text-align: right;\">.<\/p>\n<p style=\"text-align: right;\"><span style=\"color: #ffffff;\">.<\/span><\/p>\n<h2>DIGITAL-RAIL 2019 ist DIE Expertentagung zum Thema DIGITALISIERUNG im Personen- und G\u00fcterverkehr<\/h2>\n<p style=\"padding-left: 40px;\">Haben Sie eigentlich genaue Vorstellung davon, wie in Ihrem Unternehmen die n\u00e4chsten drei Stufen des Umbaus vom analogen zu digitalen Zeitalter realisiert werden? Welche Meilensteine der digitalen Transformation sind wann zu erreichen und mit welchem Ergebnis? Welches Budget ist hierf\u00fcr vorgesehen \u2013 insbesondere f\u00fcr die zwingend erforderlichen Weiterbildungsma\u00dfnahmen? Welche Mitarbeiter werden bei diesem Umbauprozess eine Rolle spielen \u2013 und wer wird durch die Digitalisierungs-, Automatisierungs- und Rationalisierungseffekte nicht mehr gefragt sein?<\/p>\n<p style=\"padding-left: 40px;\">H\u00f6chste Zeit, um sich f\u00fcr die 5. Digitalisierungstagung des IFV anzumelden!<\/p>\n<p>&nbsp;<\/p>\n<p style=\"text-align: center;\"><span style=\"color: #ffffff;\">.<\/span><\/p>\n<p style=\"text-align: center;\"><span style=\"color: #ffffff;\">.<\/span><\/p>\n<p style=\"text-align: center;\">Sie k\u00f6nnen sich ab sofort als TEILNEHMER der Tagung anmelden:<\/p>\n<p style=\"text-align: center;\"><span style=\"color: #ffffff;\">.<\/span><\/p>\n<p style=\"text-align: center;\"><a href=\"https:\/\/ifv-bahntechnik.de\/digital-rail-2019\/teilnehmeranmeldung-digital-rail-2019\/\"><img loading=\"lazy\" decoding=\"async\" class=\"aligncenter\" src=\"https:\/\/www.ifv-bahntechnik.de\/fileserver\/ifv-knoepfe\/startknopf-teilnehmer-400px.png\" alt=\"\" width=\"238\" height=\"238\" \/><\/a><\/p>\n<p>&nbsp;<\/p>\n<p><img decoding=\"async\" class=\"aligncenter\" src=\"https:\/\/www.railway-network.eu\/fileserver\/tagungsreihe\/RAIL-IT-Tagungsreihe-600x325px.png\" \/><\/p>\n<p>&nbsp;<\/p>\n<p>&nbsp;<\/p>\n<p>Das n\u00e4chste Fachsymposium DIGITAL-RAIL wird am\u00a0<b>24. und 25. Oktober 2019\u00a0<\/b>in M\u00fcnchen bei DB SYSTEMTECHNIK GmbH stattfinden.<\/p>\n<p>&nbsp;<\/p>\n<h3>TAGUNGSINFORMATION<\/h3>\n<p>\u2014 WORUM GEHT ES? \u2014 Was? \u2013 Wann? \u2013 Wo? \u2014<\/p>\n<p><a href=\"https:\/\/www.ifv-bahntechnik.de\/digital-rail.pdf\" target=\"_blank\" rel=\"noopener noreferrer\"><img loading=\"lazy\" decoding=\"async\" class=\"aligncenter\" src=\"https:\/\/www.ifv-bahntechnik.de\/fileserver\/2019\/digital-rail-2019---tagungsinformation---600px.png\" alt=\"\" width=\"600\" height=\"843\" \/><\/a><\/p>\n<p>&nbsp;<\/p>\n<p>&nbsp;<\/p>\n<h3>AUFRUF zur Einreichung von Vortragsvorschl\u00e4gen und Workshop-Ideen<\/h3>\n<p>\u2014 CALL FOR PAPERS AND PRESENTATIONS \u2014<\/p>\n<p>&nbsp;<\/p>\n<p><a href=\"https:\/\/www.ifv-bahntechnik.de\/digital-rail.pdf\" target=\"_blank\" rel=\"noopener noreferrer\"><img loading=\"lazy\" decoding=\"async\" class=\"aligncenter\" src=\"https:\/\/www.ifv-bahntechnik.de\/fileserver\/2019\/digital-rail-2019---call---600px.png\" alt=\"\" width=\"600\" height=\"842\" \/><\/a><\/p>\n<p><a href=\"https:\/\/www.ifv-bahntechnik.de\/referenten\">\u00a0<\/a><\/p>\n<p style=\"text-align: center;\">.<\/p>\n<p style=\"text-align: center;\"><a href=\"https:\/\/ifv-bahntechnik.de\/digital-rail-2019\/teilnehmeranmeldung-digital-rail-2019\/\"><img loading=\"lazy\" decoding=\"async\" class=\"alignnone\" src=\"https:\/\/www.ifv-bahntechnik.de\/fileserver\/ifv-knoepfe\/startknopf-teilnehmer-400px.png\" alt=\"\" width=\"238\" height=\"238\" \/><\/a><\/p>\n<p style=\"text-align: center;\">.<\/p>\n<p><a href=\"https:\/\/www.ifv-bahntechnik.de\/aussteller\" target=\"_blank\" rel=\"noopener noreferrer\"><img loading=\"lazy\" decoding=\"async\" class=\"aligncenter\" src=\"https:\/\/www.ifv-bahntechnik.de\/fileserver\/ifv-knoepfe\/startknopf-aussteller-400px.png\" alt=\"\" width=\"250\" height=\"250\" \/><\/a><\/p>\n<p style=\"text-align: right;\">.<\/p>\n<p style=\"text-align: right;\"><span style=\"color: #ffffff;\">.<\/span><\/p>\n<p style=\"text-align: right;\"><span style=\"color: #ffffff;\">.<\/span><\/p>\n<hr \/>\n<p style=\"text-align: right;\"><span style=\"color: #ffffff;\">.<\/span><\/p>\n<p style=\"text-align: right;\"><span style=\"color: #ffffff;\">.<\/span><\/p>\n<h3>Sie w\u00fcnschen MEHR INFORMATIONEN zum Thema Bahn-Digitalisierung?<\/h3>\n<p>Tragen Sie sich in den INFORMATIONSVERTEILER f\u00fcr den Informationsdienst Bahn-Digitalisierung ein!.<\/p>\n<p>&nbsp;<\/p>\n<p><img loading=\"lazy\" decoding=\"async\" class=\"aligncenter\" src=\"https:\/\/www.railway-network.eu\/tagungshomepage\/2018\/innotrans\/slides\/128_InnoTrans2018_IFV-BAHNTECHNIK_Copyright2018.jpg\" width=\"600\" height=\"632\" \/><\/p>\n<p style=\"text-align: right;\">.<\/p>\n<p style=\"text-align: right;\">.<\/p>\n<p><a class=\"caldera-forms-modal\" title=\"Click to open the form 2019_DIGI_INT in a modal\" href=\"https:\/\/ifv-bahntechnik.de\/informationsdienst\/\" target=\"_blank\" rel=\"noopener noreferrer\" data-form=\"CF5c810ee9e072d\">Tragen Sie sich mit dem ONLINE-FORMULAR* f\u00fcr den Informationsdienst ein<\/a><a class=\"caldera-forms-modal\" href=\"https:\/\/ifv-bahntechnik.de\/informationsdienst\/\" target=\"_blank\" rel=\"noopener noreferrer\"><img loading=\"lazy\" decoding=\"async\" class=\"aligncenter\" src=\"https:\/\/www.ifv-bahntechnik.de\/fileserver\/ifv-knoepfe\/startknopf-informationsdienst-400px.png\" alt=\"\" width=\"250\" height=\"250\" \/><\/a><\/p>\n<p>&nbsp;<\/p>\n<p>* Hinweis: Bei einigen Web-Browsern werden Fehlermeldungen oder Wartungshinweise angezeigt. Tats\u00e4chlich funktioniert das Online-Formular, nur eben nicht mit jedem Browser. Alternativ k\u00f6nnen Sie eine formlose E-Mail senden &gt;&gt;&gt; email@ifv-bahntechnik.de<\/p>\n<p style=\"text-align: right;\"><span style=\"color: #ffffff;\">.<\/span><\/p>\n<p style=\"text-align: right;\"><span style=\"color: #ffffff;\">.<\/span><\/p>\n<p style=\"text-align: right;\"><span style=\"color: #ffffff;\">.<\/span><\/p>\n<hr \/>\n<p style=\"text-align: right;\"><span style=\"color: #ffffff;\">.<\/span><br \/>\n<span style=\"color: #ffffff;\">.<\/span><a href=\"https:\/\/www.ifv-bahntechnik.de\/informationsdienst\"><br \/>\n<\/a><\/p>\n<p style=\"text-align: right;\">#<\/p>\n<p>&nbsp;<\/p>\n<p>&nbsp;<\/p>\n<p>&nbsp;<\/p>\n","protected":false},"excerpt":{"rendered":"<p>HERZLICH WILLKOMMEN 5. interdisziplin\u00e4re Expertentagung DIGITAL-RAIL 2019 . . Das finale Tagungsprogramm der 5. interdisziplin\u00e4ren Expertentagung DIGITAL-RAIL 2019 steht ab sofort zum Download bereit: DOWNLOAD &gt;&gt;&gt; Tagungsprospekt . . Die Anmeldung f\u00fcr Teilnehmer erfolgt entweder \u00fcber das Online-Formular * oder mit dem klassischen Anmeldeformular, das im Tagungsprospekt ( letzte Seite der PDF-DATEI\u00a0) enthalten ist. &nbsp; [&hellip;]<\/p>\n","protected":false},"author":1,"featured_media":0,"parent":0,"menu_order":2,"comment_status":"closed","ping_status":"closed","template":"","meta":{"footnotes":""},"class_list":["post-249","page","type-page","status-publish","hentry"],"_links":{"self":[{"href":"https:\/\/ifv-bahntechnik.de\/digital-rail\/wp-json\/wp\/v2\/pages\/249","targetHints":{"allow":["GET"]}}],"collection":[{"href":"https:\/\/ifv-bahntechnik.de\/digital-rail\/wp-json\/wp\/v2\/pages"}],"about":[{"href":"https:\/\/ifv-bahntechnik.de\/digital-rail\/wp-json\/wp\/v2\/types\/page"}],"author":[{"embeddable":true,"href":"https:\/\/ifv-bahntechnik.de\/digital-rail\/wp-json\/wp\/v2\/users\/1"}],"replies":[{"embeddable":true,"href":"https:\/\/ifv-bahntechnik.de\/digital-rail\/wp-json\/wp\/v2\/comments?post=249"}],"version-history":[{"count":23,"href":"https:\/\/ifv-bahntechnik.de\/digital-rail\/wp-json\/wp\/v2\/pages\/249\/revisions"}],"predecessor-version":[{"id":354,"href":"https:\/\/ifv-bahntechnik.de\/digital-rail\/wp-json\/wp\/v2\/pages\/249\/revisions\/354"}],"wp:attachment":[{"href":"https:\/\/ifv-bahntechnik.de\/digital-rail\/wp-json\/wp\/v2\/media?parent=249"}],"curies":[{"name":"wp","href":"https:\/\/api.w.org\/{rel}","templated":true}]}}