{"id":341,"date":"2019-10-10T02:50:51","date_gmt":"2019-10-10T00:50:51","guid":{"rendered":"https:\/\/ifv-bahntechnik.de\/digital-rail\/?page_id=341"},"modified":"2019-10-19T01:28:34","modified_gmt":"2019-10-18T23:28:34","slug":"fachprogramm","status":"publish","type":"page","link":"https:\/\/ifv-bahntechnik.de\/digital-rail\/fachprogramm\/","title":{"rendered":"Fachprogramm"},"content":{"rendered":"<p>&nbsp;<\/p>\n<p><img loading=\"lazy\" decoding=\"async\" class=\"\" src=\"https:\/\/www.ifv-bahntechnik.de\/fileserver\/2019\/digital-rail-2019-tagungslogo-600px.png\" width=\"200\" height=\"100\" \/>\u00a0 \u00a0<a href=\"https:\/\/www.ifv-bahntechnik.de\/digital-rail\" target=\"_blank\" rel=\"noopener noreferrer\"><img loading=\"lazy\" decoding=\"async\" class=\"alignnone\" src=\"https:\/\/www.railway-network.eu\/fileserver\/bahntechnik-symposium\/download\/FACHPROGRAMM_Fachsymposium350x100px.png\" alt=\"\" width=\"350\" height=\"100\" \/><\/a><\/p>\n<p>&nbsp;<\/p>\n<p style=\"text-align: right;\">.<\/p>\n<h3 id=\"fachprogramm-tag1\">Fachprogramm am Donnerstag, 24.10.2019<br \/>\n5. Expertentagung zum Thema BAHN-DIGITALISIERUNG \/\/\/\u00a0DIGITAL-RAIL.com<\/h3>\n<p>&nbsp;<\/p>\n<ul>\n<li>DOWNLOAD &gt;&gt;&gt;\u00a0<strong><a title=\"Tagungsprospekt [pdf]\" href=\"https:\/\/www.ifv-bahntechnik.de\/digital-rail.pdf\" target=\"_blank\" rel=\"noopener noreferrer\">Tagungsprospekt digital-rail 2019 <\/a><a title=\"DOWNLOAD [pdf]\" href=\"https:\/\/www.ifv-bahntechnik.de\/digital-rail.pdf\" target=\"_blank\" rel=\"noopener noreferrer\"><img loading=\"lazy\" decoding=\"async\" class=\"alignnone\" src=\"https:\/\/www.railway-network.info\/fileserver\/000-ifv-homepage-online\/pdf.png\" alt=\"DOWNLOAD [pdf]\" width=\"22\" height=\"22\" \/><\/a><\/strong><\/li>\n<\/ul>\n<div style=\"text-align: right;\"><\/div>\n<p>&nbsp;<\/p>\n<p><img decoding=\"async\" class=\"aligncenter\" src=\"https:\/\/www.railway-network.eu\/fileserver\/bahntechnik-symposium\/download\/FACHPROGRAMM_1-Konferenztag350x100px.png\" \/><\/p>\n<h6 style=\"text-align: center;\">*** 08:30 &#8211; 09:25 CHECK-IN \/ COME TOGETHER: Begr\u00fc\u00dfungskaffee &amp; Networking #1 ***<\/h6>\n<p><strong>DIGITAL-RAIL 2019: SO geht Bahn-Digitalisierung!<\/strong><br \/>\n<strong>Gru\u00dfwort zur 5. Expertentagung zum Thema Bahn-Informations- und Kommunikationstechnologie sowie Bahn 4.0<\/strong><br \/>\nDipl.-Volkswirt Eckhard SCHULZ &#8211; Vereinsgesch\u00e4ftsf\u00fchrer &#8211; [IFV BAHNTECHNIK e.V.; Berlin] et al.<\/p>\n<p style=\"text-align: right;\"><span style=\"color: #ffffff;\">.<\/span><\/p>\n<p><strong>G\u00fcterwagen 4.0 &#8211; Die letzte Meile im Schieneng\u00fcterverkehr bedarfsgerecht digitalisieren: <\/strong><br \/>\n<strong>Shunting Assistant and Monitoring Interface for Autonomous Rail Applications (SAMIRA)<\/strong><br \/>\nProf. Dr. Raphael PFAFF &#8211; Schienenfahrzeugtechnik, Fachbereich Maschinenbau u. Mechatronik &#8211; [FH Aachen]\n<p style=\"text-align: right;\"><span style=\"color: #ffffff;\">.<\/span><\/p>\n<p><strong>Digitale L\u00f6sungen f\u00fcr das System Bahn: <\/strong><br \/>\n<strong>Condition and Predictive Maintenance zur Erh\u00f6hung der Zuverl\u00e4ssigkeit und Senkung der LCC<\/strong><br \/>\nDr. Helmut M\u00d6LLER &#8211; Leiter des Kompetenzzentrums Komponenten und Funktionen &#8211; [DB Systemtechnik GmbH; M\u00fcnchen]\n<h6 style=\"text-align: center;\">Kaffeepause &amp; Networking #2<\/h6>\n<p><strong>prTS 50701: Der europ\u00e4ische Standard f\u00fcr Security im Bahnumfeld <\/strong><br \/>\n<strong>Hintergrund und Zielstellung der prTS 50701: \u201eIT-Sicherheitsgesetz\u201c und \u201eSecurity for Safety\u201c<\/strong><br \/>\nPatric BIRR, M. Sc., CISSP &#8211; Head of Business Center Rail Security, Head of Competence Center Security, Business Unit Transportation &#8211; [ICS GmbH; Stuttgart]\n<p style=\"text-align: right;\"><span style=\"color: #ffffff;\">.<\/span><\/p>\n<p><strong>Digitalisierung von Rail &amp; Urban-Traffic: <\/strong><br \/>\n<strong>Kommunikationssysteme mit spezifischen Produktl\u00f6sungen als Wegbegleiter<\/strong><br \/>\nMichael Thomas LOOSE &#8211; Process Industries and Drives Division, Process Automation, [Siemens AG; N\u00fcrnberg]\n<h6 style=\"text-align: center;\">12:50 &#8211; 13:50 Mittagspause &amp; Networking #3<\/h6>\n<p><strong>Zuverl\u00e4ssige Messdaten bei Schwingungen und Winkelgeschwindigkeit: ASC Sensoren und deren Anwendungsgebiete im Schienenverkehr (Technik der Beschleunigungssensoren, Drehratensensoren und Inertial Measurement Units)<\/strong><br \/>\nDiplom-Ingenieur Markus NOWACK &#8211; [ASC GmbH; Pfaffenhofen]\n<p style=\"text-align: right;\"><span style=\"color: #ffffff;\">.<\/span><\/p>\n<p><strong>Predictive Maintenance mit Hilfe von digitaler Messtechnik am Streckengleis: <\/strong><br \/>\n<strong>Way Side Monitoring<\/strong><br \/>\nDipl. Phys. J\u00f6rg Michael REINECKE &#8211; [DB Systemtechnik GmbH; Minden]\n<h6 style=\"text-align: center;\">Kaffeepause &amp; Networking #4<\/h6>\n<p><strong>Weichenprobleme als Herausforderung f\u00fcr die Bahn-Digitalisierung und interdisziplin\u00e4re L\u00f6sungsans\u00e4tze: <\/strong><br \/>\n<strong>Bahntaugliche Sensorik trifft auf Mathematik, Datenhosting &#8211; Verteilte Rechnersysteme schaffen Datenreduktion<\/strong><br \/>\nKlaus GRADISCHEK &#8211; Gesch\u00e4ftsf\u00fchrer &#8211; [Witt Solutions GmbH; Wustermark]\n<p style=\"text-align: right;\"><span style=\"color: #ffffff;\">.<\/span><\/p>\n<p>Potenzial f\u00fcr die Reduzierung von Verz\u00f6gerungen im Betriebsablauf durch Verwendung moderner Informationstechnik im Eisenbahnbetrieb: Wo stehen wir heute und wo gibt es noch Verbesserungsbedarf?<br \/>\nDipl.-Ing. Michael SEEMANN &#8211; Systembereichsleiter Fahrzeuge &#8211; [EisenbahnCert beim Eisenbahn-Bundesamt, Benannte Stelle Interoperabilit\u00e4t; M\u00fcnchen]\n<h6 style=\"text-align: center;\">ca. 17:15 Ende des Fachprogramms (Tag 1, Donnerstag, 24.10.2019)<\/h6>\n<p>&nbsp;<\/p>\n<p style=\"text-align: right;\"><span style=\"color: #ffffff;\">.<\/span><\/p>\n<hr \/>\n<p style=\"text-align: right;\"><span style=\"color: #ffffff;\">.<\/span><\/p>\n<h3 id=\"rahmenprogramm\">Abendveranstaltung am 24. Oktober 2019<\/h3>\n<p style=\"text-align: right;\"><span style=\"color: #ffffff;\">.<\/span><\/p>\n<p style=\"text-align: right;\"><span style=\"color: #ffffff;\"><img decoding=\"async\" class=\"aligncenter\" src=\"https:\/\/www.railway-network.eu\/fileserver\/bahntechnik-symposium\/download\/RAHMENPROGRAMM_Visitenkartenabend350x100px.png\" \/>.<\/span><\/p>\n<blockquote>\n<p style=\"text-align: right;\"><span style=\"color: #ffffff;\"><strong>.<\/strong><\/span><\/p>\n<p><strong>NETWORKING-EVENT <\/strong><\/p>\n<p><strong>Digital-Rail 2019\u00a0<\/strong><\/p>\n<p>Fachlicher Dialog &amp; Pers\u00f6nliches Networking<\/p>\n<p style=\"text-align: right;\"><span style=\"color: #ffffff;\">.<\/span><\/p>\n<p><strong><img loading=\"lazy\" decoding=\"async\" class=\"alignnone size-medium\" src=\"https:\/\/www.railway-network.eu\/fileserver\/bahntechnik-symposium\/download\/meeting-point.png\" width=\"110\" height=\"110\" \/>\u00a0\u00a0 VISITENKARTEN-ABEND<\/strong><\/p>\n<p><img loading=\"lazy\" decoding=\"async\" class=\"alignnone \" src=\"https:\/\/www.railway-network.eu\/fileserver\/bahntechnik-symposium\/download\/essen.png\" width=\"110\" height=\"138\" \/> \u00a0\u00a0 Abendessen in einem traditionellen Restaurant in M\u00fcnchen<\/p>\n<p><img loading=\"lazy\" decoding=\"async\" class=\"alignnone \" src=\"https:\/\/www.railway-network.eu\/fileserver\/bahntechnik-symposium\/download\/dialog.png\" width=\"112\" height=\"86\" \/>\u00a0 Geselliges Beisammensein\u00a0 (19:00 \u2013 ca. 22 Uhr)<\/p>\n<p style=\"text-align: right;\"><span style=\"color: #ffffff;\">.<\/span><\/p>\n<\/blockquote>\n<p style=\"text-align: right;\"><span style=\"color: #ffffff;\">_<\/span><\/p>\n<hr \/>\n<p>&nbsp;<\/p>\n<p style=\"text-align: right;\"><span style=\"color: #ffffff;\">.<\/span><\/p>\n<h3 id=\"fachprogramm-tag2\">Fachprogramm am Freitag, 25.10.2019<br \/>\n5. Expertentagung zum Thema BAHN-DIGITALISIERUNG \/\/\/\u00a0DIGITAL-RAIL.com<\/h3>\n<p style=\"text-align: right;\"><span style=\"color: #ffffff;\">.<\/span><\/p>\n<p><img decoding=\"async\" class=\"aligncenter\" src=\"https:\/\/www.railway-network.eu\/fileserver\/bahntechnik-symposium\/download\/FACHPROGRAMM_2-Konferenztag350x100px.png\" \/><\/p>\n<h6 style=\"text-align: center;\">*** 08:00 &#8211; 08:55 CHECK-IN \/ COME TOGETHER: Begr\u00fc\u00dfungskaffee &amp; Networking #6 ***<\/h6>\n<p style=\"text-align: right;\"><span style=\"color: #ffffff;\">.<\/span><\/p>\n<p><strong>Beschleunigung der Bahn-Digitalisierung durch systematische Vernetzung: <\/strong><br \/>\n<strong>Arbeitskreis Bahn-Digitalisierung im Netzwerk der interdisziplin\u00e4ren Arbeitskreise<\/strong><br \/>\nDipl.-Volkswirt Eckhard SCHULZ &#8211; [Arbeitskreis Bahn-Digitalisierung; Berlin] et al.<\/p>\n<p style=\"text-align: right;\"><span style=\"color: #ffffff;\">.<\/span><\/p>\n<p><strong>Kooperation von Mitgliedern des Arbeitskreises Bahn-Digitalisierung: <\/strong><br \/>\n<strong>Beispiel Infrastrukturmonitoring mit zukunftsweisenden Sensorl\u00f6sungen<\/strong><br \/>\nRenate BAY &#8211; Gesch\u00e4ftsf\u00fchrerin &#8211; [ASC GmbH; Pfaffenhofen] und<br \/>\nDr. Klaus Ulrich WOLTER &#8211; Fahrzeugsoftware, CTM, Informationstechnik &#8211; [DB Systemtechnik GmbH; M\u00fcnchen]\n<p style=\"text-align: right;\"><span style=\"color: #ffffff;\">.<\/span><\/p>\n<p><strong>Digitalen Gleisbau mit modernen Gleisbaumaschinen &#8211; Best Practice im internationalen Gesch\u00e4ft<\/strong><br \/>\nKrzysztof WILCZEK &#8211; [Plasser &amp; Theurer, Export von Bahnbaumaschinen, Gesellschaft m.b.H.; Wien] et al.<\/p>\n<h6 style=\"text-align: center;\">Kaffeepause &amp; Networking #7<\/h6>\n<p><strong>Funktionale Sicherheit und Videotechnik im Zusammenhang mit &#8220;k\u00fcnstlicher Intelligenz&#8221;:<\/strong><br \/>\n<strong>Wie kann die &#8220;k\u00fcnstliche Intelligenz&#8221; den Schienenverkehr unterst\u00fctzen und die Sicherheit verbessern?<\/strong><br \/>\nDiplom- Ingenieur Johannes TRAXLER &#8211; [AVI Systems GmbH; Krems an der Donau]\n<p style=\"text-align: right;\"><span style=\"color: #ffffff;\">.<\/span><\/p>\n<p><strong>Digitalisierung der Instandhaltung von Schienenfahrzeugen und deren Auftragsabwicklung: <\/strong><br \/>\n<strong>Betriebsdatenerfassung &#8211; elektronische Auftragsabwicklung &#8211; mobile L\u00f6sungen<\/strong><br \/>\nIng. Christian ZWETTI &#8211; Business Development and Consulting &#8211; [BOOM SOFTWARE AG; Leibnitz]\n<h6 style=\"text-align: center;\">12:05 &#8211; 13:05 Mittagspause &amp; Networking #8<\/h6>\n<p><strong>Karlsruher Messstra\u00dfenbahn als Messlabor auf Schienen:<\/strong><br \/>\n<strong>Ausr\u00fcstung eines bestehenden Niederflurfahrzeugs mit umfangreicher Messtechnik<\/strong><br \/>\nMarkus TESAR, M.Sc.- Institut f\u00fcr Fahrzeugsystemtechnik &#8211; Teilinstitut Bahnsystemtechnik &#8211; [Karlsruher Institut f\u00fcr Technologie (KIT); Karlsruhe]\n<p style=\"text-align: right;\"><span style=\"color: #ffffff;\">.<\/span><\/p>\n<p><strong>Sortieren von G\u00fcterwagen mit Hilfe von autonomen Draisinen: <\/strong><br \/>\n<strong>Wie man die Ideen zum Sortieren von autonomen G\u00fcterwagen mit heutiger Technologie schon umsetzen kann.<\/strong><br \/>\nDr. rer. nat. habil. Elias DAHLHAUS &#8211; Privatdozent &#8211; [Fachgebiet Algorithmik, Fachbereich Informatik;<br \/>\nTechnische Universit\u00e4t Darmstadt] et al.<\/p>\n<h6 style=\"text-align: center;\">Kaffeepause &amp; Networking #9<\/h6>\n<p><strong>Rail Data Science beginnt mit dem Schritt der pers\u00f6nlichen Qualifizierung f\u00fcr das \u201e4.0-Zeitalter\u201c:<\/strong><br \/>\n<strong>Big Data und \u201e4.0\u201c-Methodenwissen &#8211; speziell f\u00fcr konventionell ausgebildete Ingenieure im Bahnsektor<\/strong><br \/>\nProf. Dr. Raphael PFAFF &#8211; Schienenfahrzeugtechnik, Fachbereich Maschinenbau u. Mechatronik &#8211; [FH Aachen]\nund Dipl.-Volkswirt Eckhard SCHULZ &#8211; Vereinsgesch\u00e4ftsf\u00fchrer &#8211; [IFV BAHNTECHNIK e.V.; Berlin]\n<p style=\"text-align: right;\"><span style=\"color: #ffffff;\">.<\/span><\/p>\n<p><strong>Die Zukunft der BAHN-DIGITALISIERUNG in Deutschland und Europa<\/strong><br \/>\nREFERENTENPANEL (unter Ber\u00fccksichtigung der vorab eingereichten Teilnehmerfragen)<\/p>\n<p style=\"text-align: right;\"><span style=\"color: #ffffff;\">.<\/span><\/p>\n<p>ca. 16:00 Ende des Fachprogramms (Tag 2, Freitag, 25.10.2019)<br \/>\nVerabschiedung der Teilnehmer<\/p>\n<p style=\"text-align: right;\"><span style=\"color: #ffffff;\">.<\/span><\/p>\n<h6 style=\"text-align: center;\">*** Finales Networking #10 ***<\/h6>\n<h6 style=\"text-align: center;\">Letzte Gelegenheit zum Austausch von Visitenkarten und zur Verabredung von bilateralen Gespr\u00e4chen<\/h6>\n<h6 style=\"text-align: center;\">im Rahmen der Fachausstellung<\/h6>\n<h6 style=\"text-align: center;\"><strong>DIGITAL-RAIL 2010<\/strong><\/h6>\n<p style=\"text-align: right;\">.<\/p>\n<hr \/>\n<p style=\"text-align: right;\">.<\/p>\n<p style=\"text-align: left;\">DOWNLOAD TAGUNGSPROGRAMM &gt;&gt;&gt; <a href=\"https:\/\/www.ifv-bahntechnik.de\/digital-rail.pdf\" target=\"_blank\" rel=\"noopener noreferrer\">digital-rail.pdf<\/a><\/p>\n<p style=\"text-align: right;\"><span style=\"color: #ffffff;\">.<\/span><\/p>\n<p>ONLINE-ANMELDEFORMULAR &gt;&gt;&gt; <button class=\"caldera-forms-modal\" title=\"Click to open the form 2019_06_digital-rail_TN in a modal\" data-form=\"CF5bbf393f20a86\" data-remodal-target=\"cf-modal-CF5bbf393f20a865cf02e9d38d5e\">Teilnehmeranmeldung\u00a0<a href=\"https:\/\/ifv-bahntechnik.de\/digital-rail-2019\/teilnehmeranmeldung-digital-rail-2019\/\" target=\"_blank\" rel=\"noopener noreferrer\"><img loading=\"lazy\" decoding=\"async\" class=\"alignnone\" src=\"https:\/\/www.ifv-bahntechnik.de\/fileserver\/ifv-grafiken\/button600anmelden.png\" alt=\"\" width=\"149\" height=\"149\" \/><\/a> Digital-Rail2019<\/button><\/p>\n<p>&nbsp;<\/p>\n<p style=\"text-align: right;\"><span style=\"color: #ffffff;\">.<\/span><\/p>\n<p style=\"text-align: right;\"><span style=\"color: #ffffff;\">.<\/span><\/p>\n<hr \/>\n<p style=\"text-align: right;\"><span style=\"color: #ffffff;\">.<\/span><\/p>\n<p><a href=\"https:\/\/www.ifv-bahntechnik.de\/digital-rail.pdf\" target=\"_blank\" rel=\"noopener noreferrer\"><img decoding=\"async\" class=\"aligncenter\" src=\"https:\/\/www.ifv-bahntechnik.de\/fileserver\/2019\/digital-rail-2019-tagungsinformation-600px.png\" width=\"600\" height=\"\" \/><\/a><\/p>\n<p>&nbsp;<\/p>\n<p style=\"text-align: center;\">DOWNLOAD &gt;&gt;&gt;\u00a0<strong><a title=\"Tagungsprospekt [pdf]\" href=\"https:\/\/www.ifv-bahntechnik.de\/digital-rail.pdf\" target=\"_blank\" rel=\"noopener noreferrer\">Tagungsprospekt digital-rail 2019 <\/a><a title=\"DOWNLOAD [pdf]\" href=\"https:\/\/www.ifv-bahntechnik.de\/digital-rail.pdf\" target=\"_blank\" rel=\"noopener noreferrer\"><img loading=\"lazy\" decoding=\"async\" class=\"alignnone\" src=\"https:\/\/www.railway-network.info\/fileserver\/000-ifv-homepage-online\/pdf.png\" alt=\"DOWNLOAD [pdf]\" width=\"22\" height=\"22\" \/><\/a><\/strong><\/p>\n<div style=\"text-align: right;\"><\/div>\n<p>&nbsp;<\/p>\n<p>&nbsp;<\/p>\n<p style=\"text-align: right;\">#<\/p>\n","protected":false},"excerpt":{"rendered":"<p>&nbsp; \u00a0 \u00a0 &nbsp; . Fachprogramm am Donnerstag, 24.10.2019 5. Expertentagung zum Thema BAHN-DIGITALISIERUNG \/\/\/\u00a0DIGITAL-RAIL.com &nbsp; DOWNLOAD &gt;&gt;&gt;\u00a0Tagungsprospekt digital-rail 2019 &nbsp; *** 08:30 &#8211; 09:25 CHECK-IN \/ COME TOGETHER: Begr\u00fc\u00dfungskaffee &amp; Networking #1 *** DIGITAL-RAIL 2019: SO geht Bahn-Digitalisierung! Gru\u00dfwort zur 5. Expertentagung zum Thema Bahn-Informations- und Kommunikationstechnologie sowie Bahn 4.0 Dipl.-Volkswirt Eckhard SCHULZ &#8211; [&hellip;]<\/p>\n","protected":false},"author":1,"featured_media":0,"parent":0,"menu_order":0,"comment_status":"closed","ping_status":"closed","template":"","meta":{"footnotes":""},"class_list":["post-341","page","type-page","status-publish","hentry"],"_links":{"self":[{"href":"https:\/\/ifv-bahntechnik.de\/digital-rail\/wp-json\/wp\/v2\/pages\/341","targetHints":{"allow":["GET"]}}],"collection":[{"href":"https:\/\/ifv-bahntechnik.de\/digital-rail\/wp-json\/wp\/v2\/pages"}],"about":[{"href":"https:\/\/ifv-bahntechnik.de\/digital-rail\/wp-json\/wp\/v2\/types\/page"}],"author":[{"embeddable":true,"href":"https:\/\/ifv-bahntechnik.de\/digital-rail\/wp-json\/wp\/v2\/users\/1"}],"replies":[{"embeddable":true,"href":"https:\/\/ifv-bahntechnik.de\/digital-rail\/wp-json\/wp\/v2\/comments?post=341"}],"version-history":[{"count":5,"href":"https:\/\/ifv-bahntechnik.de\/digital-rail\/wp-json\/wp\/v2\/pages\/341\/revisions"}],"predecessor-version":[{"id":364,"href":"https:\/\/ifv-bahntechnik.de\/digital-rail\/wp-json\/wp\/v2\/pages\/341\/revisions\/364"}],"wp:attachment":[{"href":"https:\/\/ifv-bahntechnik.de\/digital-rail\/wp-json\/wp\/v2\/media?parent=341"}],"curies":[{"name":"wp","href":"https:\/\/api.w.org\/{rel}","templated":true}]}}