{"id":446,"date":"2021-09-18T19:18:03","date_gmt":"2021-09-18T17:18:03","guid":{"rendered":"https:\/\/ifv-bahntechnik.de\/digital-rail\/?page_id=446"},"modified":"2021-09-18T19:18:03","modified_gmt":"2021-09-18T17:18:03","slug":"referenten-anmeldung","status":"publish","type":"page","link":"https:\/\/ifv-bahntechnik.de\/digital-rail\/referenten-anmeldung\/","title":{"rendered":"REFERENTEN-Anmeldung"},"content":{"rendered":"<p><strong>LAST CALL FOR PAPERS\u00a0 &#8211;\u00a0 Finaler Aufruf zur Einreichung von Vortragsvorschl\u00e4ge<br \/>\n<\/strong><\/p>\n<p>&nbsp;<\/p>\n<p>Referenten k\u00f6nnen sich mit einem Vortragsvorschlag f\u00fcr die DIGITAL-RAIL 2021 um eine Referentenfreikarte bewerben.<\/p>\n<p><a href=\"https:\/\/ifv-bahntechnik.de\/referenten\/\"><img loading=\"lazy\" decoding=\"async\" class=\"aligncenter\" src=\"https:\/\/www.ifv-bahntechnik.de\/fileserver\/ifv-knoepfe\/startknopf-referenten-400px.png\" alt=\"\" width=\"100\" height=\"100\" \/><\/a><\/p>\n<p>&nbsp;<\/p>\n<blockquote><p><strong>Anmeldeschluss f\u00fcr Vortragsvorschl\u00e4ge: <u>30.09.2021<\/u><\/strong><\/p>\n<p><strong>Die Programmver\u00f6ffentlichung erfolgt am 01.10.2021.<\/strong><\/p>\n<p><strong>Die finale Vortragsversion f\u00fcr den Tagungsband <\/strong><\/p>\n<p><strong>(abstract) muss bis zum \u00a0<u>11.11.2021<\/u> eingereicht werden.<\/strong><\/p><\/blockquote>\n<p><strong>\u00a0<\/strong><\/p>\n<p><strong>W\u00e4hrend der 6. Expertentagung DIGITAL-RAIL 2021 werden alle relevanten Aspekte zum Thema Bahn-Digitalisierung \/ Automatisierung behandelt. <\/strong><\/p>\n<p><strong>Wir erwarten Vortr\u00e4ge (30 Min.), Impuls\u00adbeitr\u00e4ge (15 Min.) bzw. Workshops \u201clessons learnt\u201d (45 Min.) &#8211; insbesondere zu folgenden Themen: <\/strong><\/p>\n<p>&nbsp;<\/p>\n<ul>\n<li><strong><em>Prozess der BAHN-DIGITALISIERUNG<\/em><\/strong><em>: allgemeine Aspekte &#8211; Status quo &#8211; Ausblick und Perspektiven <\/em><\/li>\n<li><em>Aktuelle Forschungsprojekte bei der <strong>HARDWARE<\/strong> &#8211; preiswert und bahntauglich bei jedem Wetter?<\/em><\/li>\n<li><em>Neuentwicklungen bei der <strong>SOFTWARE<\/strong> f\u00fcr Bahn-Anwendungen &#8211; funktional und sicher? <\/em><\/li>\n<li><strong><em>Automatisierung im Bahnsektor: <\/em><\/strong><em>Welche Bereiche (Prozesse) kommen f\u00fcr Automatisierung in Frage?<\/em><\/li>\n<li><strong><em>Schnittstellen<\/em><\/strong><em> der Informations- und Kommunikationstechnologie &#8211; stets gute Verbindungen?<\/em><\/li>\n<li><strong><em>Normen, Regelwerke und Standards<\/em><\/strong><em> der Bahn-Digitalisierung (national \/ international) <\/em><\/li>\n<li><strong><em>Interoperabilit\u00e4t<\/em><\/strong><em>: Auswirkungen der Digitalisierung auf Fahrzeuge und Infrastruktur<\/em><\/li>\n<li><strong><em>Cybersecurity<\/em><\/strong><em> &#8211; Sicherheitsaspekte bei der Verkehrsinfrastruktur und der Fahrzeugtechnik<\/em><\/li>\n<li><strong><em>Wirtschaftliche Aspekte<\/em><\/strong><em> der Digitalisierung: Ist \u201cBig Data\u201d eher \u201cBig Cost\u201d oder \u201cBig Benefit\u201d?<\/em><\/li>\n<li><strong><em>Rechtliche Aspekte<\/em><\/strong><em> der Bahn-Digitalisierung: Produkthaftung f\u00fcr digitale Innovationen?<\/em><\/li>\n<li><strong><em>Anforderungen<\/em><\/strong><em> der Anwender (Bahn-Betriebe) und innovative L\u00f6sungsvorschl\u00e4ge (Hersteller)!<\/em><\/li>\n<li><strong><em>Vorschl\u00e4ge zu sonstigen Themen <\/em><\/strong><em>sind willkommen, sofern eine gute Begr\u00fcndung genannt wird, warum dieser Vortrag im Rahmen dieser Expertentagung gehalten werden sollte.<\/em><\/li>\n<\/ul>\n<p>&nbsp;<\/p>\n<p>Anmeldung f\u00fcr REFERENTEN (Anmeldeschluss f\u00fcr Referentenfreikarten: 30.09.2021) &gt;&gt;&gt; <a href=\"https:\/\/ifv-bahntechnik.de\/referenten\/\"><img loading=\"lazy\" decoding=\"async\" class=\"alignnone\" src=\"https:\/\/www.ifv-bahntechnik.de\/fileserver\/ifv-knoepfe\/startknopf-referenten-400px.png\" alt=\"\" width=\"100\" height=\"100\" \/><\/a><\/p>\n<p>&nbsp;<\/p>\n<p>Bei Fragen k\u00f6nnen Sie sich direkt an den Tagungsleiter wenden (Hr. Schulz, 0176 70094803).<\/p>\n<p>&nbsp;<\/p>\n","protected":false},"excerpt":{"rendered":"<p>LAST CALL FOR PAPERS\u00a0 &#8211;\u00a0 Finaler Aufruf zur Einreichung von Vortragsvorschl\u00e4ge &nbsp; Referenten k\u00f6nnen sich mit einem Vortragsvorschlag f\u00fcr die DIGITAL-RAIL 2021 um eine Referentenfreikarte bewerben. &nbsp; Anmeldeschluss f\u00fcr Vortragsvorschl\u00e4ge: 30.09.2021 Die Programmver\u00f6ffentlichung erfolgt am 01.10.2021. Die finale Vortragsversion f\u00fcr den Tagungsband (abstract) muss bis zum \u00a011.11.2021 eingereicht werden. \u00a0 W\u00e4hrend der 6. Expertentagung DIGITAL-RAIL [&hellip;]<\/p>\n","protected":false},"author":1,"featured_media":0,"parent":0,"menu_order":0,"comment_status":"closed","ping_status":"closed","template":"","meta":{"footnotes":""},"class_list":["post-446","page","type-page","status-publish","hentry"],"_links":{"self":[{"href":"https:\/\/ifv-bahntechnik.de\/digital-rail\/wp-json\/wp\/v2\/pages\/446","targetHints":{"allow":["GET"]}}],"collection":[{"href":"https:\/\/ifv-bahntechnik.de\/digital-rail\/wp-json\/wp\/v2\/pages"}],"about":[{"href":"https:\/\/ifv-bahntechnik.de\/digital-rail\/wp-json\/wp\/v2\/types\/page"}],"author":[{"embeddable":true,"href":"https:\/\/ifv-bahntechnik.de\/digital-rail\/wp-json\/wp\/v2\/users\/1"}],"replies":[{"embeddable":true,"href":"https:\/\/ifv-bahntechnik.de\/digital-rail\/wp-json\/wp\/v2\/comments?post=446"}],"version-history":[{"count":1,"href":"https:\/\/ifv-bahntechnik.de\/digital-rail\/wp-json\/wp\/v2\/pages\/446\/revisions"}],"predecessor-version":[{"id":447,"href":"https:\/\/ifv-bahntechnik.de\/digital-rail\/wp-json\/wp\/v2\/pages\/446\/revisions\/447"}],"wp:attachment":[{"href":"https:\/\/ifv-bahntechnik.de\/digital-rail\/wp-json\/wp\/v2\/media?parent=446"}],"curies":[{"name":"wp","href":"https:\/\/api.w.org\/{rel}","templated":true}]}}