{"id":104,"date":"2019-03-24T11:55:41","date_gmt":"2019-03-24T10:55:41","guid":{"rendered":"https:\/\/ifv-bahntechnik.de\/railway-sensors\/?page_id=104"},"modified":"2019-03-24T12:00:44","modified_gmt":"2019-03-24T11:00:44","slug":"phasen-der-arbeitskreisarbeit","status":"publish","type":"page","link":"https:\/\/ifv-bahntechnik.de\/railway-sensors\/arbeitskreis\/phasen-der-arbeitskreisarbeit\/","title":{"rendered":"PHASEN DER ARBEITSKREISARBEIT"},"content":{"rendered":"<p style=\"text-align: right;\"><strong>_<\/strong><\/p>\n<p><a href=\"https:\/\/ifv-bahntechnik.de\/msr\/\"><img loading=\"lazy\" decoding=\"async\" class=\"aligncenter\" src=\"https:\/\/www.ifv-bahntechnik.de\/fileserver\/2019\/neuer-arbeitskreis-bahn-msr-anmeldeschluss.png\" alt=\"\" width=\"600\" height=\"474\" \/><\/a><\/p>\n<p style=\"text-align: right;\"><strong>_<\/strong><\/p>\n<h2><strong>PHASEN DER ARBEITSKREISARBEIT<\/strong><\/h2>\n<p style=\"text-align: right;\"><strong>.<\/strong><\/p>\n<p>&nbsp;<\/p>\n<p style=\"text-align: right;\"><strong>.<\/strong><\/p>\n<p><strong>Anmeldephase\u00a0<\/strong><\/p>\n<ul>\n<li>In der Zeit vom <strong>15.02. &#8211; 15.04.2019 <\/strong>k\u00f6nnen verbindliche Antr\u00e4ge auf Mitgliedschaft eingereicht werden.<\/li>\n<li>F\u00fcr den Arbeitskreis gibt es Jahreskarten zum Standardpreis bzw. Karten zu verg\u00fcnstigten Vorzugskonditionen f\u00fcr IFV-Mitgliedsunternehmen.<\/li>\n<li>Nachtr\u00e4gliche Anmeldungen k\u00f6nnen grunds\u00e4tzlich nicht ber\u00fccksichtigt werden, um eine effiziente Bearbeitung der &#8220;Arbeitskreis-Arbeitsliste&#8221; zu gew\u00e4hrleisten.<\/li>\n<li><strong style=\"text-align: right;\">Konstituierende Sitzung am 24.03.2019 in Berlin<\/strong><\/li>\n<\/ul>\n<ul>\n<li>Abendveranstaltung \/ Networking-Event am 24.04.2019<\/li>\n<\/ul>\n<p style=\"text-align: right;\"><strong>.<\/strong><\/p>\n<p><strong>Arbeitsphase\u00a0<\/strong><\/p>\n<ul>\n<li>In der aktiven Arbeitsphase finden vier Termine in 2019 &#8211; 2020 statt.<\/li>\n<li>W\u00e4hrend dieser Arbeitsphase k\u00f6nnen keine neuen Arbeitskreismitglieder aufgenommen werden, um die Effizienz der Zusammenarbeit nicht zu beeintr\u00e4chtigen.<\/li>\n<li>Einladungen zu den Arbeitskreistreffen gehen ausschlie\u00dflich an die Mitglieder des Arbeitskreises.<\/li>\n<li>Es bleibt den Arbeitskreismitgliedern \u00fcberlassen, ob und welche Ergebnisse der Zusammenarbeit ver\u00f6ffentlicht werden sollen.<\/li>\n<\/ul>\n<p style=\"text-align: right;\"><strong>.<\/strong><\/p>\n<p><strong>N\u00e4chster Einstiegstermin f\u00fcr eine weitere Staffel des Arbeitskreises<\/strong><\/p>\n<ul>\n<li>Fr\u00fchestens 2020 wird \u00fcber eine Fortf\u00fchrung des Arbeitskreises entschieden.<\/li>\n<li>Erst ab diesem Zeitpunkt k\u00f6nnen neue Antr\u00e4ge auf Mitgliedschaft gestellt werden.<\/li>\n<li>Danke f\u00fcr Ihr Verst\u00e4ndnis bez\u00fcglich dieser effizienzorientierten Spielregeln.<\/li>\n<li>Falls Sie Fragen haben, k\u00f6nnen Sie gerne mit uns <strong><a href=\"https:\/\/ifv-bahntechnik.de\/fragen\/\" target=\"_blank\" rel=\"noopener noreferrer\">Kontakt<\/a><\/strong> aufnehmen.<\/li>\n<\/ul>\n<p style=\"text-align: right;\">_<\/p>\n<p style=\"text-align: right;\">.<\/p>\n<p style=\"text-align: right;\">.<\/p>\n<h3><a href=\"https:\/\/ifv-bahntechnik.de\/neuer-arbeitskreis-msr\" target=\"_blank\" rel=\"noopener noreferrer\"><img loading=\"lazy\" decoding=\"async\" class=\"aligncenter\" src=\"https:\/\/www.railway-network.eu\/fileserver\/button\/button600anmelden.png\" alt=\"ANMELDEN\" width=\"300\" height=\"300\" \/><\/a><\/h3>\n<p style=\"text-align: right;\">.<\/p>\n<p style=\"text-align: right;\">.<\/p>\n<p>&nbsp;<\/p>\n","protected":false},"excerpt":{"rendered":"<p>_ _ PHASEN DER ARBEITSKREISARBEIT . &nbsp; . Anmeldephase\u00a0 In der Zeit vom 15.02. &#8211; 15.04.2019 k\u00f6nnen verbindliche Antr\u00e4ge auf Mitgliedschaft eingereicht werden. F\u00fcr den Arbeitskreis gibt es Jahreskarten zum Standardpreis bzw. Karten zu verg\u00fcnstigten Vorzugskonditionen f\u00fcr IFV-Mitgliedsunternehmen. Nachtr\u00e4gliche Anmeldungen k\u00f6nnen grunds\u00e4tzlich nicht ber\u00fccksichtigt werden, um eine effiziente Bearbeitung der &#8220;Arbeitskreis-Arbeitsliste&#8221; zu gew\u00e4hrleisten. Konstituierende Sitzung [&hellip;]<\/p>\n","protected":false},"author":1,"featured_media":0,"parent":22,"menu_order":0,"comment_status":"closed","ping_status":"closed","template":"","meta":{"footnotes":""},"class_list":["post-104","page","type-page","status-publish","hentry"],"_links":{"self":[{"href":"https:\/\/ifv-bahntechnik.de\/railway-sensors\/wp-json\/wp\/v2\/pages\/104","targetHints":{"allow":["GET"]}}],"collection":[{"href":"https:\/\/ifv-bahntechnik.de\/railway-sensors\/wp-json\/wp\/v2\/pages"}],"about":[{"href":"https:\/\/ifv-bahntechnik.de\/railway-sensors\/wp-json\/wp\/v2\/types\/page"}],"author":[{"embeddable":true,"href":"https:\/\/ifv-bahntechnik.de\/railway-sensors\/wp-json\/wp\/v2\/users\/1"}],"replies":[{"embeddable":true,"href":"https:\/\/ifv-bahntechnik.de\/railway-sensors\/wp-json\/wp\/v2\/comments?post=104"}],"version-history":[{"count":3,"href":"https:\/\/ifv-bahntechnik.de\/railway-sensors\/wp-json\/wp\/v2\/pages\/104\/revisions"}],"predecessor-version":[{"id":107,"href":"https:\/\/ifv-bahntechnik.de\/railway-sensors\/wp-json\/wp\/v2\/pages\/104\/revisions\/107"}],"up":[{"embeddable":true,"href":"https:\/\/ifv-bahntechnik.de\/railway-sensors\/wp-json\/wp\/v2\/pages\/22"}],"wp:attachment":[{"href":"https:\/\/ifv-bahntechnik.de\/railway-sensors\/wp-json\/wp\/v2\/media?parent=104"}],"curies":[{"name":"wp","href":"https:\/\/api.w.org\/{rel}","templated":true}]}}