{"id":24,"date":"2019-03-20T08:39:30","date_gmt":"2019-03-20T07:39:30","guid":{"rendered":"https:\/\/ifv-bahntechnik.de\/railway-sensors\/?page_id=24"},"modified":"2024-06-07T11:44:57","modified_gmt":"2024-06-07T09:44:57","slug":"expertentagung","status":"publish","type":"page","link":"https:\/\/ifv-bahntechnik.de\/railway-sensors\/expertentagung\/","title":{"rendered":"EXPERTENTAGUNG"},"content":{"rendered":"<ul>\n<li><strong>DIGITAL-RAIL.com &amp; RAILWAY-SENSORS.com<\/strong><\/li>\n<li>Der Termin der 8. Expertentagung steht fest:&nbsp; <strong>19.-20. November 2024<\/strong><\/li>\n<li>Tagungsort: M\u00fcnchen (Firmenstandort von DB Systemtechnik GmbH)<\/li>\n<li>Tagungshomepage &gt;&gt;&gt;&nbsp;<a class=\"fasc-button fasc-size-medium fasc-type-flat fasc-rounded-medium fasc-style-bold\" style=\"background-color: #ff0000; color: #ffffff;\" target=\"_blank\" rel=\"noopener\" href=\"https:\/\/expertentagung.info\/digital-rail\">Expertentagung.info\/digital-rail<\/a><\/li>\n<\/ul>\n<p style=\"text-align: right;\"><span style=\"color: #ffffff;\">.<\/span><\/p>\n<hr>\n<p style=\"text-align: right;\"><span style=\"color: #ffffff;\">.<\/span><\/p>\n<p><strong>Terminfahrplan \/ Arbeitskreissitzungen:<\/strong><\/p>\n<ul>\n<li>Einladung zur Arbeitskreis-Sitzungen<\/li>\n<li>Exklusiv f\u00fcr Mitglieder des Arbeitskreises BAHN-SENSORTECHNIK \/ BAHN-MSR<\/li>\n<li>Siehe pers\u00f6nliche Einladung<\/li>\n<li>Antrag auf Mitgliedschaft &gt;&gt;&gt; Download <a class=\"art-button\" href=\"https:\/\/bahnverband.info\/download\/arbeitskreis.pdf\">arbeitskreis.pdf<\/a><\/li>\n<\/ul>\n<p>&nbsp;<\/p>\n<hr>\n<p style=\"text-align: right;\">&nbsp;<\/p>\n<p>Teilnahme f\u00fcr Mitglieder des Arbeitskreises BAHN-SENSORTECHNIK ist kostenlos m\u00f6glich. Anmeldung \u00fcber das Anmeldefomrular.<\/p>\n<p>Anfragen &gt;&gt;&gt; <a href=\"https:\/\/bahnverband.info\/verbandsgeschaeftsfuehrer\/\" target=\"_blank\" rel=\"noopener noreferrer\">Ansprechpartner<\/a><\/p>\n<p>&nbsp;<\/p>\n<hr>\n<p>&nbsp;<\/p>\n<p>Expertentagung RAILWAY-SENSORS&nbsp; \/\/\/&nbsp; BAHN-SENSORTECHNIK<\/p>\n<ul>\n<li>Fachprogramm 1. Konferenztag &gt;&gt;&gt;<\/li>\n<li>Fachprogramm 2. Konferenztag &gt;&gt;&gt;<\/li>\n<\/ul>\n<p>Es wird eine tagungsbegleitende Fachausstellung angeboten, bei der die Partnerfirmen von RAILWAY-SENSORS als Aussteller auftreten und ihre Leistungsf\u00e4higkeit bei BAHN-SENSORTECHNIK zeigen k\u00f6nnen.<\/p>\n<p style=\"text-align: right;\"><span style=\"color: #ffffff;\">.<\/span><\/p>\n<p>&nbsp;<\/p>\n<p>Referentenanmeldung:<\/p>\n<ul>\n<li>Referenten sind eingeladen, sich AB SOFORT im Rahmen des OPEN CALL FOR PAPERS zu beim Veranstalter zu melden und einen Vortragsvorschlag einzureichen:<\/li>\n<li>Thematische Vorgaben: Die Vortragsvorschl\u00e4ge sollen erkennbar mit dem Leit-Thema der Tagung RAILWAY-SENSORS zusammenh\u00e4ngen.<\/li>\n<\/ul>\n<p style=\"text-align: right;\"><span style=\"color: #ffffff;\"><strong>.<\/strong><\/span><\/p>\n<p><strong>Insbesondere sind Fachvortr\u00e4gen in folgenden thematischen Modulen erw\u00fcnscht:<\/strong><\/p>\n<ul>\n<li>MESS-, STEUER- und REGELUNGSTECHNIK (spezifische Anforderungen im Bahnbereich)<\/li>\n<li>BAHN-SENSORTECHNIK (state of the art): ANALOGE vs. DIGITALE SENSORTECHNIK<\/li>\n<li>DATENANALYTIK (data science) im Bereich Bahntechnik: (a) Bahn-Infrastruktur, (b) Schienenfahrzeuge<\/li>\n<li>FORSCHUNGSPROJEKTE f\u00fcr Anwendungen der Bahn- und Verkehrstechnik<\/li>\n<\/ul>\n<p>Vortragsthemen, die von den o.g. thematischen Modulen sind m\u00f6glich, sollten jedoch kurz begr\u00fcndet bzw. erl\u00e4utert werden.<\/p>\n<p>Vorschl\u00e4ge k\u00f6nnen f\u00fcr Fachvortr\u00e4ge (20 oder 30 Minuten Redezeit) oder Workshops (30 &#8211; 45 Minuten Interaktion) eingereicht werden.<\/p>\n<p>&nbsp;<\/p>\n<p><a href=\"https:\/\/expertentagung.info\/referenten\/\"><img loading=\"lazy\" decoding=\"async\" class=\"aligncenter\" src=\"https:\/\/www.ifv-bahntechnik.de\/fileserver\/ifv-knoepfe\/startknopf-referenten-400px.png\" alt=\"\" width=\"250\" height=\"249\"><\/a><\/p>\n<p style=\"text-align: right;\"><span style=\"color: #ffffff;\">.<\/span><\/p>\n<h3>Haben Sie Fragen?<\/h3>\n<p>Konzeptionelle Anfragen zur Tagung beantwortet Ihnen der Koordinator f\u00fcr RAILWAY-SENSORS,<\/p>\n<p>Diplom-Volkswirt Eckhard SCHULZ, Gesch\u00e4ftsf\u00fchrer des Interdisziplin\u00e4ren Forschungsverbundes Bahntechnik e.V.<\/p>\n<p style=\"text-align: right;\"><span style=\"color: #ffffff;\">.<\/span><\/p>\n<p>KONTAKT &gt;&gt;&gt; <a href=\"https:\/\/bahnverband.info\/verbandsgeschaeftsfuehrer\/\" target=\"_blank\" rel=\"noopener noreferrer\">https:\/\/bahnverband.info\/verbandsgeschaeftsfuehrer\/<\/a>\/<\/p>\n<p>&nbsp;<\/p>\n<p>&nbsp;<\/p>\n<p>&nbsp;<\/p>\n<p>&nbsp;<\/p>\n","protected":false},"excerpt":{"rendered":"<p>DIGITAL-RAIL.com &amp; RAILWAY-SENSORS.com Der Termin der 8. Expertentagung steht fest:&nbsp; 19.-20. November 2024 Tagungsort: M\u00fcnchen (Firmenstandort von DB Systemtechnik GmbH) Tagungshomepage &gt;&gt;&gt;&nbsp;Expertentagung.info\/digital-rail . . Terminfahrplan \/ Arbeitskreissitzungen: Einladung zur Arbeitskreis-Sitzungen Exklusiv f\u00fcr Mitglieder des Arbeitskreises BAHN-SENSORTECHNIK \/ BAHN-MSR Siehe pers\u00f6nliche Einladung Antrag auf Mitgliedschaft &gt;&gt;&gt; Download arbeitskreis.pdf &nbsp; &nbsp; Teilnahme f\u00fcr Mitglieder des Arbeitskreises BAHN-SENSORTECHNIK [&hellip;]<\/p>\n","protected":false},"author":1,"featured_media":0,"parent":0,"menu_order":0,"comment_status":"closed","ping_status":"closed","template":"","meta":{"footnotes":""},"class_list":["post-24","page","type-page","status-publish","hentry"],"_links":{"self":[{"href":"https:\/\/ifv-bahntechnik.de\/railway-sensors\/wp-json\/wp\/v2\/pages\/24","targetHints":{"allow":["GET"]}}],"collection":[{"href":"https:\/\/ifv-bahntechnik.de\/railway-sensors\/wp-json\/wp\/v2\/pages"}],"about":[{"href":"https:\/\/ifv-bahntechnik.de\/railway-sensors\/wp-json\/wp\/v2\/types\/page"}],"author":[{"embeddable":true,"href":"https:\/\/ifv-bahntechnik.de\/railway-sensors\/wp-json\/wp\/v2\/users\/1"}],"replies":[{"embeddable":true,"href":"https:\/\/ifv-bahntechnik.de\/railway-sensors\/wp-json\/wp\/v2\/comments?post=24"}],"version-history":[{"count":18,"href":"https:\/\/ifv-bahntechnik.de\/railway-sensors\/wp-json\/wp\/v2\/pages\/24\/revisions"}],"predecessor-version":[{"id":245,"href":"https:\/\/ifv-bahntechnik.de\/railway-sensors\/wp-json\/wp\/v2\/pages\/24\/revisions\/245"}],"wp:attachment":[{"href":"https:\/\/ifv-bahntechnik.de\/railway-sensors\/wp-json\/wp\/v2\/media?parent=24"}],"curies":[{"name":"wp","href":"https:\/\/api.w.org\/{rel}","templated":true}]}}