{"id":76,"date":"2019-03-22T12:06:05","date_gmt":"2019-03-22T11:06:05","guid":{"rendered":"https:\/\/ifv-bahntechnik.de\/railway-sensors\/?page_id=76"},"modified":"2019-04-24T05:41:10","modified_gmt":"2019-04-24T03:41:10","slug":"asc-gmbh","status":"publish","type":"page","link":"https:\/\/ifv-bahntechnik.de\/railway-sensors\/netzwerk\/asc-gmbh\/","title":{"rendered":"ASC GmbH"},"content":{"rendered":"<p style=\"text-align: right;\">.<\/p>\n<p><strong>ASC GmbH<\/strong><br \/>\nLedererstra\u00dfe 10<br \/>\n85276 Pfaffenhofen<br \/>\nDeutschland<\/p>\n<p>&nbsp;<\/p>\n<p style=\"text-align: right;\">.<\/p>\n<hr \/>\n<p style=\"text-align: right;\">.<\/p>\n<p>&nbsp;<\/p>\n<div class=\"art-postcontent clearfix\">\n<p>&nbsp;<\/p>\n<p><a href=\"https:\/\/www.ifv-bahntechnik.de\/fileserver\/firmenfoerderkreis\/asc_ifv-bahntechnik-ffk_800.png\" rel=\"noopener noreferrer\"><img decoding=\"async\" class=\"alignnone\" src=\"https:\/\/www.ifv-bahntechnik.de\/fileserver\/firmenfoerderkreis\/asc_ifv-bahntechnik-ffk_600.png\" alt=\"\" width=\"600\" height=\"\" \/><\/a><\/p>\n<p style=\"text-align: right;\">.<\/p>\n<p style=\"text-align: right;\">.<\/p>\n<h3>Das Firmenprofil finden Sie zum Download auf dem Informationsportal &gt;&gt;&gt; www.bahntechnik-firmen.info<\/h3>\n<p>&nbsp;<\/p>\n<ul>\n<li><a href=\"https:\/\/bahntechnik-firmen.info\/\/\" target=\"_blank\" rel=\"noopener noreferrer\"><img loading=\"lazy\" decoding=\"async\" class=\"alignnone wp-image-33\" src=\"https:\/\/www.railway-network.eu\/fileserver\/ifv-bytes\/CLICK_FIRMENPROFIL_online_.png\" alt=\"CLICK_FIRMENPROFIL_online_\" width=\"180\" height=\"27\" \/><\/a><\/li>\n<li>&gt;&gt;&gt; Download &gt;&gt;&gt; <a href=\"https:\/\/bahntechnik-firmen.info\/\/asc.pdf\" target=\"_blank\" rel=\"noopener noreferrer\"><strong>www-bahntechnik-firmen.info\/asc.pdf<\/strong><\/a><\/li>\n<\/ul>\n<p>&nbsp;<\/p>\n<p style=\"text-align: right;\">.<\/p>\n<p style=\"text-align: right;\">.<\/p>\n<hr \/>\n<p style=\"text-align: right;\">.<\/p>\n<p style=\"text-align: right;\">.<\/p>\n<ul>\n<li><strong>Beachten Sie die Information von unserem Mitgliedsunternehmen ASC GmbH zum Thema SENSOR-L\u00d6SUNGEN:<\/strong><\/li>\n<\/ul>\n<p>&nbsp;<\/p>\n<p><a href=\"https:\/\/www.ifv-bahntechnik.de\/fileserver\/2019\/Informationen-von---ASC-GmbH---Foerdendes-Mitglied-im-IFV-Bahntechnik.pdf\" target=\"_blank\" rel=\"noopener noreferrer\"><img decoding=\"async\" class=\"aligncenter\" src=\"https:\/\/www.ifv-bahntechnik.de\/fileserver\/2019\/information-download---asc---600px.png\" \/><\/a><\/p>\n<p>&nbsp;<\/p>\n<p style=\"text-align: right;\">.<\/p>\n<hr \/>\n<p style=\"text-align: right;\">.<\/p>\n<p>&nbsp;<\/p>\n<div class=\"art-postmetadataheader\">\n<h1 class=\"art-postheader entry-title\"><span class=\"art-postheadericon\">Advanced Sensors Calibration \u2013 ASC GmbH tritt dem Firmenf\u00f6rderkreis des IFV BAHNTECHNIK e.V. bei<\/span><\/h1>\n<\/div>\n<div class=\"art-postcontent clearfix\">\n[Berlin, 20.05.2015 \/ Pfaffenhofen]\n<p style=\"text-align: right;\">.<\/p>\n<p>ASC GmbH wird von IFV-Gesch\u00e4ftsf\u00fchrer E. Schulz im Kreis der f\u00f6rdernden Mitglieder begr\u00fc\u00dft: \u201e<em>Mit ASC wird das\u00a0Netzwerk kompetenter Unternehmen auf dem Gebiet\u00a0der Sensortechnik sinnvoll ausgebaut. Sensortechnik wird f\u00fcr den Bahnbereich\u00a0immer wichtiger \u2013 sowohl bei Fahrzeugen als auch bei der Infrastruktur k\u00f6nnen die Produkte von ASC sehr gute Dienste leisten!<\/em>\u201c<\/p>\n<p style=\"text-align: right;\">.<\/p>\n<p><a href=\"https:\/\/asc-sensors.de\/\" target=\"_blank\" rel=\"noopener noreferrer\"><img loading=\"lazy\" decoding=\"async\" class=\"alignnone\" src=\"https:\/\/www.railway-network.eu\/fileserver.2017\/ASCLogo.png\" alt=\"\" width=\"165\" height=\"63\" \/><\/a><\/p>\n<p style=\"text-align: right;\">.<\/p>\n<p style=\"text-align: right;\">.<\/p>\n<p><strong>UNTERNEHMEN:<\/strong><\/p>\n<p>Die ASC GmbH \u2013 Advanced Sensors Calibration\u00a0\u2013 mit Sitz im bayerischen Pfaffenhofen geh\u00f6rt zu den weltweit f\u00fchrenden Herstellern von kapazitiven und piezoresistiven Beschleunigungssensoren, Drehratensensoren sowie IMUs (Inertial Measurement Units). Neben Standardsensoren ist ASC insbesondere auf die Herstellung ma\u00dfgeschneiderter L\u00f6sungen spezialisiert, die genau an die Bed\u00fcrfnisse der Kunden angepasst sind. Diese werden auch in kleiner St\u00fcckzahl produziert.\u00a0So kommen ASC Sensoren beispielsweise bei Crashtests in der Fahrzeugentwicklung, zur Sicherheits- und Verschlei\u00df\u00fcberwachung bei Schienenfahrzeugen, zur Stabilit\u00e4ts\u00fcberwachung bei Windr\u00e4dern oder zur Messung der Schwankungen bei Containerschiffen zum Einsatz.<\/p>\n<p style=\"text-align: right;\">.<\/p>\n<p><strong>PRODUKTE:<\/strong><\/p>\n<p>ASC Produkte kommen in den verschiedensten Branchen wie Automobil, Schienenfahrzeuge, Windenergie, Landwirtschaft, Luft- und Raumfahrt, Geophysik, Tiefbohrungen, Tunnelbau, Automatisierung oder Maschinenbau zum Einsatz.<\/p>\n<ul>\n<li>Kapazitive Beschleunigungssensoren: Im Schienenverkehr \u00fcberwachen ASC Sensoren die Stabilit\u00e4t von Drehgestellen sowie Verschlei\u00df und Funktion von Lagern, Wellen, Bremsen und R\u00e4dern. Defekte werden schneller lokalisiert, Wartungszyklen optimiert und Kosten reduziert.<\/li>\n<li>Messung der Bremsfunktion von Z\u00fcgen:\u00a0Bei Testfahrten werden mit ASC Sensoren verschiedene Bremsfunktionstests durchgef\u00fchrt.<\/li>\n<li>Geologische Messungen am Gleis:\u00a0ASC Sensoren messen auch St\u00f6\u00dfe, die durch Z\u00fcge \u00fcber das Schienenbett ins Erdreich \u00fcbertragen werden. Die gewonnenen Daten geben Auskunft dar\u00fcber, ob die Bodenbeschaffenheit noch ausreicht, um der Schiene gen\u00fcgend Festigkeit zu geben.<\/li>\n<\/ul>\n<p>F\u00fchrende Unternehmen weltweit vertrauen auf ASC-Produkte. Das Unternehmen bietet erg\u00e4nzend Services wie Wartung, Reparatur und Kalibrierung sowohl f\u00fcr eigene als auch f\u00fcr Fremdprodukte an. Au\u00dferdem vertreibt ASC exklusiv Beschleunigungssensoren, Drehratensensoren (Gyro), piezoelektrische Sensoren sowie unged\u00e4mpfte piezoresistive Sensoren f\u00fcr In-Dummy-Applikationen in Deutschland, \u00d6sterreich und der Schweiz.<\/p>\n<p style=\"text-align: right;\">.<\/p>\n<p>INTERNET:<\/p>\n<ul>\n<li>Homepage\u00a0&gt;&gt;&gt;\u00a0<strong><a href=\"https:\/\/www.asc-sensors.de\/\" target=\"_blank\" rel=\"noopener noreferrer\">www.asc-sensors.de<\/a><\/strong><\/li>\n<\/ul>\n<\/div>\n<p style=\"text-align: right;\">.<\/p>\n<hr \/>\n<p style=\"text-align: right;\">.<\/p>\n<p>UPDATE:<\/p>\n<ul>\n<li>Frau BAY war Referentin beim IFV-INNOVATIONSFORUM 2017<\/li>\n<li>HALL OF FAME RAILWAY-RESEARCH-ASSOCIATION.eu [\u00a0<strong>2017<\/strong>\u00a0]:<\/li>\n<\/ul>\n<p><a href=\"https:\/\/railway-network.com\/tagungshomepage\/2017\/innovation-day\/fotoalbum\/slides\/08_BAY_ID2017_IFV-Bahntechnik_Copyright2017.html\" target=\"_blank\" rel=\"noopener noreferrer\"><img loading=\"lazy\" decoding=\"async\" class=\" aligncenter\" src=\"https:\/\/www.railway-network.eu\/tagungshomepage\/2017\/innovation-day\/fotoalbum\/slides\/08_BAY_ID2017_IFV-Bahntechnik_Copyright2017.png\" width=\"555\" height=\"569\" \/><\/a><\/p>\n<p style=\"text-align: right;\">.<\/p>\n<p style=\"text-align: right;\">.<\/p>\n<p style=\"text-align: right;\">.<\/p>\n<hr \/>\n<p style=\"text-align: right;\">.<\/p>\n<p>&nbsp;<\/p>\n<p>Social Media:<\/p>\n<ul>\n<li>Twitter:\u00a0<a href=\"https:\/\/twitter.com\/bahntechnik\/status\/601054776638464000\" target=\"_blank\" rel=\"noopener noreferrer\">twitter.com\/bahntechnik\/status\/601054776638464000<\/a><\/li>\n<li>XING:\u00a0<a href=\"https:\/\/www.xing.com\/communities\/posts\/asc-gmbh-advanced-sensors-calibration-tritt-dem-bahntechnik-netzwerk-bei-1009682429\" target=\"_blank\" rel=\"noopener noreferrer\">www.xing.com\/communities\/posts\/asc-gmbh-advanced-sensors-calibration-tritt-dem-bahntechnik-netzwerk-bei-1009682429<\/a><\/li>\n<\/ul>\n<p style=\"text-align: right;\">.<\/p>\n<p>IFV Nachrichten:<\/p>\n<ul>\n<li><a href=\"https:\/\/ifv-bahntechnik.de\/railway-sensors\/netzwerk\/asc-gmbh\/berufung-in-den-wirtschaftsbeirat\/\">Berufung in den Wirtschaftsbeirat des IFV BAHNTECHNIK e.V.<\/a><\/li>\n<\/ul>\n<p>&nbsp;<\/p>\n<\/div>\n<p>&nbsp;<\/p>\n<div class=\"art-postcontent clearfix\">\n<p>#<\/p>\n<\/div>\n<p>&nbsp;<\/p>\n","protected":false},"excerpt":{"rendered":"<p>. ASC GmbH Ledererstra\u00dfe 10 85276 Pfaffenhofen Deutschland &nbsp; . . &nbsp; &nbsp; . . Das Firmenprofil finden Sie zum Download auf dem Informationsportal &gt;&gt;&gt; www.bahntechnik-firmen.info &nbsp; &gt;&gt;&gt; Download &gt;&gt;&gt; www-bahntechnik-firmen.info\/asc.pdf &nbsp; . . . . Beachten Sie die Information von unserem Mitgliedsunternehmen ASC GmbH zum Thema SENSOR-L\u00d6SUNGEN: &nbsp; &nbsp; . . &nbsp; Advanced Sensors [&hellip;]<\/p>\n","protected":false},"author":1,"featured_media":0,"parent":36,"menu_order":0,"comment_status":"closed","ping_status":"closed","template":"","meta":{"footnotes":""},"class_list":["post-76","page","type-page","status-publish","hentry"],"_links":{"self":[{"href":"https:\/\/ifv-bahntechnik.de\/railway-sensors\/wp-json\/wp\/v2\/pages\/76","targetHints":{"allow":["GET"]}}],"collection":[{"href":"https:\/\/ifv-bahntechnik.de\/railway-sensors\/wp-json\/wp\/v2\/pages"}],"about":[{"href":"https:\/\/ifv-bahntechnik.de\/railway-sensors\/wp-json\/wp\/v2\/types\/page"}],"author":[{"embeddable":true,"href":"https:\/\/ifv-bahntechnik.de\/railway-sensors\/wp-json\/wp\/v2\/users\/1"}],"replies":[{"embeddable":true,"href":"https:\/\/ifv-bahntechnik.de\/railway-sensors\/wp-json\/wp\/v2\/comments?post=76"}],"version-history":[{"count":12,"href":"https:\/\/ifv-bahntechnik.de\/railway-sensors\/wp-json\/wp\/v2\/pages\/76\/revisions"}],"predecessor-version":[{"id":220,"href":"https:\/\/ifv-bahntechnik.de\/railway-sensors\/wp-json\/wp\/v2\/pages\/76\/revisions\/220"}],"up":[{"embeddable":true,"href":"https:\/\/ifv-bahntechnik.de\/railway-sensors\/wp-json\/wp\/v2\/pages\/36"}],"wp:attachment":[{"href":"https:\/\/ifv-bahntechnik.de\/railway-sensors\/wp-json\/wp\/v2\/media?parent=76"}],"curies":[{"name":"wp","href":"https:\/\/api.w.org\/{rel}","templated":true}]}}