{"id":118,"date":"2019-06-22T20:15:26","date_gmt":"2019-06-22T18:15:26","guid":{"rendered":"https:\/\/ifv-bahntechnik.de\/vereinsmitglieder\/?page_id=118"},"modified":"2019-06-22T22:16:06","modified_gmt":"2019-06-22T20:16:06","slug":"gremienarbeit","status":"publish","type":"page","link":"https:\/\/ifv-bahntechnik.de\/vereinsmitglieder\/gremienarbeit\/","title":{"rendered":"Gremienarbeit"},"content":{"rendered":"<p><a href=\"https:\/\/www.ifv-bahntechnik.de\"><img loading=\"lazy\" decoding=\"async\" class=\"alignnone\" src=\"https:\/\/www.railway-network.eu\/fileserver\/bilderrahmen\/ifv-bahntechnik-berlin-450px.png\" alt=\"\" width=\"450\" height=\"277\" \/><\/a><a href=\"https:\/\/www.ifv-bahntechnik.de\"><img loading=\"lazy\" decoding=\"async\" class=\"alignnone\" src=\"https:\/\/ifv-bahntechnik.de\/wp-content\/uploads\/ifv-logo-300x300.png\" alt=\"\" width=\"269\" height=\"269\" \/><\/a><\/p>\n<p>&nbsp;<\/p>\n<p>&nbsp;<\/p>\n<p>Die Mitglieder und F\u00f6rderer des IFV BAHNTECHNIK e.V. sind eingeladen, sich f\u00fcr die ehrenamtliche Mitarbeit in folgenden Gremien zu engagieren.<\/p>\n<p>&nbsp;<\/p>\n<p>&nbsp;<\/p>\n<h2>I. AUSSCH\u00dcSSE\u00a0zur Weiterentwicklung des IFV BAHNTECHNIK<\/h2>\n<p>&nbsp;<\/p>\n<ul>\n<li>Ehrenamtliche Aktivit\u00e4ten-Ausschuss (<a href=\"https:\/\/ifv-bahntechnik.de\/vereinsmitglieder\/gremienarbeit\/ausschuesse\/eaa\">EAA<\/a>)<\/li>\n<li>Mitglieder-Werbeasschuss (<a href=\"https:\/\/ifv-bahntechnik.de\/vereinsmitglieder\/gremienarbeit\/ausschuesse\/mwa\/\">MWA<\/a>)<\/li>\n<li>Rechts-, Wirtschafts-, und Satzungs\u00e4nderungsausschuss (<a href=\"https:\/\/ifv-bahntechnik.de\/vereinsmitglieder\/gremienarbeit\/ausschuesse\/rwsa\/\">RWSA<\/a>)<\/li>\n<\/ul>\n<p>&nbsp;<\/p>\n<p>Anmeldeformular f\u00fcr die AUSSCHUSSARBEIT &gt;&gt;&gt; <strong><a class=\"art-button\" href=\"https:\/\/ifv-bahntechnik.de\/vereinsmitglieder\/gremienarbeit\/ausschuesse\/anmeldung-fuer-die-gremienarbeit\/\">JETZT ANMELDEN<\/a><\/strong><\/p>\n<p style=\"text-align: right;\">.<\/p>\n<p>&nbsp;<\/p>\n<hr \/>\n<p style=\"text-align: right;\">.<\/p>\n<p style=\"text-align: right;\">.<\/p>\n<h2>II. LENKUNGSKREIS\u00a0f\u00fcr die neuen Thinktanks<\/h2>\n<p>&nbsp;<\/p>\n<ul>\n<li>\u00a0Thinktank P\u00fcnktlichkeit im \u00f6ffentlichen Verkehr (insbesondere Bahnverkehr)<\/li>\n<li>\u00a0Thinktank Preismodelle im \u00f6ffentlichen Verkehr (insbesondere Zeitkarten)<\/li>\n<li>\u00a0Thinktank Obsoleszenz im Fahrzeugbau (insbesondere Schienenfahrzeuge)<\/li>\n<li>\u00a0Thinktank Instandhaltungsprozesse Fahrzeuge<\/li>\n<li>\u00a0Thinktank Instandhaltungsprozesse Infrastruktur<\/li>\n<li>\u00a0Thinktank URBAN MOBILITY (insbesondere Stra\u00dfenbahn und U-Bahn)<\/li>\n<li>\u00a0Thinktank Bahn-WERKSTOFFE (insbesondere \u201eBionik\u201c und \u201eneue Materialien\u201c)<\/li>\n<li>\u00a0Thinktank BAHN-SICHERHEIT I (Passive Sicherheit \/ Crashworthiness)<\/li>\n<li>\u00a0Thinktank BAHN-SICHERHEIT II (Sicherer Innenraum \/ Interior equipment)<\/li>\n<li>\u00a0Thinktank BAHN-SICHERHEIT III (Sicheres Fahrzeug-Design \/ Exterior design)<\/li>\n<li>\u00a0Thinktank VERKEHRSSICHERHEIT (autonomes Fahren bzw. Automatisierung)<\/li>\n<li>\u00a0Thinktank Rechtliche Aspekte im Bahnwesen (aktuelle Rechtsprechung)<\/li>\n<li>\u00a0Thinktank Spezialthemen f\u00fcr Bahn-Betreiber<\/li>\n<li>\u00a0Thinktank REAKTIVIERUNG VON BAHNSTRECKEN<\/li>\n<li>Weitere THINKTANKS in Planung (Vorschl\u00e4ge k\u00f6nnen jederzeit eingereicht werden)<\/li>\n<\/ul>\n<p>&nbsp;<\/p>\n<p>Anmeldeformular f\u00fcr die MITARBEIT im LENKUNGSAUSSCHUSS &gt;&gt;&gt; <strong><a class=\"art-button\" href=\"https:\/\/ifv-bahntechnik.de\/vereinsmitglieder\/gremienarbeit\/anmeldung-lenkungskreis\/\">JETZT ANMELDEN!<\/a><\/strong><\/p>\n<p style=\"text-align: right;\">.<\/p>\n<p style=\"text-align: right;\">.<\/p>\n<hr \/>\n<p style=\"text-align: right;\">.<\/p>\n<p style=\"text-align: right;\">.<\/p>\n<h2>Information zu den VEREINSORGANEN<\/h2>\n<p>&nbsp;<\/p>\n<p><strong>Beim IFV BAHNTECHNIK e.V. gibt es folgende Vereinsorgane:<\/strong><\/p>\n<p>&nbsp;<\/p>\n<ul>\n<li><strong>Mitgliederversammlung<\/strong> (h\u00f6chstes Organ, entscheidet \u00fcber alle Angelegenheiten des Vereins gem\u00e4\u00df der <a href=\"https:\/\/www.ifv-bahntechnik.de\/satzung.pdf\" target=\"_blank\" rel=\"noopener noreferrer\">Vereinssatzung<\/a>). In der Mitgliederversammlung des IFV haben nur die pers\u00f6nlichen Mitglieder jeweils ein Stimmerecht (Beschlussfassung sowie passives und aktives Wahlrecht); wohingegen die f\u00f6rdernden Mitglieder (Mitgliedsfirmen) lediglich ein Rederecht besitzen. (Der Sinn dieser Regelung besteht darin, dass die Firmenvertreter bei Beschlussfassungen nicht erst die Weisungen des Unternehmens einholen m\u00fcssen. Firmenvertreter, die bei Abstimmungen ein Stimmrecht aus\u00fcben m\u00f6chten, k\u00f6nnen eine pers\u00f6nliche Mitgliedschaft beantragen.)<\/li>\n<li><strong>Vereinsvorstand<\/strong> (ausf\u00fchrendes Organ, welches gem\u00e4\u00df den Beschl\u00fcssen der MV handelt) &#8211; Beim IFV gibt es neben dem Vereinsvorstand (1. Vorsitzender, 2. Vorsitzender, Schriftf\u00fchrer, Schatzmeister, Vorstand mit besonderen Aufgaben) auch noch einen erweiterten Vorstand (ohne Stimmrecht &#8211; aber mit Rederecht). Im Regelfall wird versucht, einvernehmliche Vorstandsbeschl\u00fcsse herbeizuf\u00fchren. Bei &#8220;Patt-Situationen&#8221; entscheidet die Stimme des 1. Vorsitzenden.<\/li>\n<li><strong>Vereinsgesch\u00e4ftsf\u00fchrer<\/strong> (&#8220;Besonderer Vertreter&#8221; des Vereins, der f\u00fcr die operative Gesch\u00e4ftsf\u00fchrung bestellt wurde und die Vereinsgesch\u00e4ftsstelle leitet)<\/li>\n<li><strong>Fachbeirat<\/strong> (Dreiteiliges Expertengremium (Wissenschaftlicher Beirat, Wirtschaftlicher Beirat, Politisch-Gesellschaftlicher Beirat), welches aus Experten besteht, die den Vorstand und den Gesch\u00e4ftsf\u00fchrer beraten sollen.)<\/li>\n<li><strong>Rechnungspr\u00fcfer<\/strong> (Die Rechnungspr\u00fcfer werden von der MV gew\u00e4hlt, um das Rechnungswesen des Vereins in regelm\u00e4\u00dfigen Abst\u00e4nden zu pr\u00fcfen.)<\/li>\n<\/ul>\n<p style=\"text-align: right;\"><span style=\"color: #ffffff;\">.<\/span><\/p>\n<p style=\"text-align: right;\"><span style=\"color: #ffffff;\">.<\/span><\/p>\n<hr \/>\n<p style=\"text-align: right;\"><span style=\"color: #ffffff;\">.<\/span><\/p>\n<p style=\"text-align: right;\"><span style=\"color: #ffffff;\">.<\/span><\/p>\n<p>Haben Sie Fragen?<\/p>\n<p>&gt;&gt;&gt; <a href=\"https:\/\/ifv-bahntechnik.de\/vereinsmitglieder\/kontakt\/\">Kontakt zur Gesch\u00e4ftsstelle<\/a><\/p>\n<p style=\"text-align: right;\">.<\/p>\n<p style=\"text-align: right;\">.<\/p>\n<p style=\"text-align: right;\">#<\/p>\n<p style=\"text-align: right;\">\n","protected":false},"excerpt":{"rendered":"<p>&nbsp; &nbsp; Die Mitglieder und F\u00f6rderer des IFV BAHNTECHNIK e.V. sind eingeladen, sich f\u00fcr die ehrenamtliche Mitarbeit in folgenden Gremien zu engagieren. &nbsp; &nbsp; I. AUSSCH\u00dcSSE\u00a0zur Weiterentwicklung des IFV BAHNTECHNIK &nbsp; Ehrenamtliche Aktivit\u00e4ten-Ausschuss (EAA) Mitglieder-Werbeasschuss (MWA) Rechts-, Wirtschafts-, und Satzungs\u00e4nderungsausschuss (RWSA) &nbsp; Anmeldeformular f\u00fcr die AUSSCHUSSARBEIT &gt;&gt;&gt; JETZT ANMELDEN . &nbsp; . . II. LENKUNGSKREIS\u00a0f\u00fcr [&hellip;]<\/p>\n","protected":false},"author":1,"featured_media":0,"parent":0,"menu_order":0,"comment_status":"closed","ping_status":"closed","template":"","meta":{"footnotes":""},"class_list":["post-118","page","type-page","status-publish","hentry"],"_links":{"self":[{"href":"https:\/\/ifv-bahntechnik.de\/vereinsmitglieder\/wp-json\/wp\/v2\/pages\/118","targetHints":{"allow":["GET"]}}],"collection":[{"href":"https:\/\/ifv-bahntechnik.de\/vereinsmitglieder\/wp-json\/wp\/v2\/pages"}],"about":[{"href":"https:\/\/ifv-bahntechnik.de\/vereinsmitglieder\/wp-json\/wp\/v2\/types\/page"}],"author":[{"embeddable":true,"href":"https:\/\/ifv-bahntechnik.de\/vereinsmitglieder\/wp-json\/wp\/v2\/users\/1"}],"replies":[{"embeddable":true,"href":"https:\/\/ifv-bahntechnik.de\/vereinsmitglieder\/wp-json\/wp\/v2\/comments?post=118"}],"version-history":[{"count":11,"href":"https:\/\/ifv-bahntechnik.de\/vereinsmitglieder\/wp-json\/wp\/v2\/pages\/118\/revisions"}],"predecessor-version":[{"id":177,"href":"https:\/\/ifv-bahntechnik.de\/vereinsmitglieder\/wp-json\/wp\/v2\/pages\/118\/revisions\/177"}],"wp:attachment":[{"href":"https:\/\/ifv-bahntechnik.de\/vereinsmitglieder\/wp-json\/wp\/v2\/media?parent=118"}],"curies":[{"name":"wp","href":"https:\/\/api.w.org\/{rel}","templated":true}]}}