{"id":121,"date":"2019-06-22T20:16:50","date_gmt":"2019-06-22T18:16:50","guid":{"rendered":"https:\/\/ifv-bahntechnik.de\/vereinsmitglieder\/?page_id=121"},"modified":"2021-08-29T07:28:00","modified_gmt":"2021-08-29T05:28:00","slug":"kontakt","status":"publish","type":"page","link":"https:\/\/ifv-bahntechnik.de\/vereinsmitglieder\/kontakt\/","title":{"rendered":"KONTAKT"},"content":{"rendered":"<h2>Ihr direkter Draht zum IFV BAHNTECHNIK<\/h2>\n<p style=\"text-align: right;\"><a href=\"https:\/\/www.ifv-bahntechnik.de\"><img loading=\"lazy\" decoding=\"async\" class=\"aligncenter\" src=\"https:\/\/ifv-bahntechnik.de\/wp-content\/uploads\/ifv-logo-300x300.png\" alt=\"\" width=\"269\" height=\"269\" \/><\/a>.<\/p>\n<p><strong>IFV BAHNTECHNIK e.V.<\/strong><\/p>\n<p><strong>Interdisziplin\u00e4rer Forschungsverbund Bahntechnik e.V.<\/strong><\/p>\n<ul>\n<li>Postanschrift: <strong>Salzufer 17-19<\/strong> SG20 (c\/o TU Berlin), 10587 Berlin<\/li>\n<li>Besucheradresse: <strong>Fregestra\u00dfe 67<\/strong> (Haus der Verb\u00e4nde), 12159 Berlin<\/li>\n<li>Wegbeschreibung zum Download &gt;&gt;&gt; <a href=\"https:\/\/www.ifv-bahntechnik.de\/wegbeschreibung.pdf\" target=\"_blank\" rel=\"noopener noreferrer\">www.ifv-bahntechnik.de\/wegbeschreibung.pdf<\/a><\/li>\n<\/ul>\n<p>========================================<\/p>\n<p>Tel. Sekretariat: 030 39720170<\/p>\n<p>Tel. Tagungsmanagement: 030 39720172<\/p>\n<p>Tel. Gesch\u00e4ftsf\u00fchrer: 0176 70094803<\/p>\n<p>Fax: 030 31425452<\/p>\n<p>Mail: schulz@ifv-bahntechnik.de<\/p>\n<p>www.ifv-bahntechnik.de<\/p>\n<p>&nbsp;<\/p>\n<h3>Unsere neue Adresse:<\/h3>\n<p>&nbsp;<\/p>\n<blockquote><p>&nbsp;<\/p>\n<p><strong>IFV BAHNTECHNIK e.V. <\/strong><\/p>\n<p><strong>Fregestra\u00dfe 67<\/strong><\/p>\n<p><strong>12159 Berlin <\/strong><\/p>\n<p>&nbsp;<\/p>\n<p><a href=\"https:\/\/www.ifv-bahntechnik.de\/wegbeschreibung.pdf\" target=\"_blank\" rel=\"noopener noreferrer\"><img decoding=\"async\" src=\"https:\/\/ifv-bahntechnik.de\/wp-content\/uploads\/wegbeschreibung600px.png\" \/><\/a><\/p>\n<p>&nbsp;<\/p>\n<p>Download &gt;&gt;&gt;\u00a0 <a href=\"https:\/\/www.ifv-bahntechnik.de\/wegbeschreibung.pdf\" target=\"_blank\" rel=\"noopener noreferrer\"><strong>Wegbeschreibung.pdf<\/strong> <\/a><\/p>\n<h3><\/h3>\n<\/blockquote>\n<p style=\"text-align: right;\">.<\/p>\n<p style=\"text-align: right;\">.<\/p>\n<hr \/>\n<p style=\"text-align: right;\">.<\/p>\n<p style=\"text-align: right;\">.<\/p>\n<p style=\"text-align: right;\">.<\/p>\n<h2>ANSPRECHPARTNER<\/h2>\n<p style=\"text-align: right;\">.<\/p>\n<h2>Vereinsgesch\u00e4ftsf\u00fchrer \/ Forschungskoordinator<\/h2>\n<p>&nbsp;<\/p>\n<ul>\n<li><img decoding=\"async\" src=\"https:\/\/www.railway-network.eu\/fileserver\/personenfotos\/ifv-vereinsgeschaeftsfuehrung600px.png\" \/><\/li>\n<li><strong>Diplom-Volkswirt E. SCHULZ\u00a0<\/strong><\/li>\n<li>Vereinsgesch\u00e4ftsf\u00fchrer \/ CEO<\/li>\n<li>Interdisziplin\u00e4rer Forschungsverbund Bahntechnik e.V.<\/li>\n<li>Kompetenznetz-Manager sowie Arbeitskreis-Koordinator<\/li>\n<li>Zust\u00e4ndig f\u00fcr &gt;&gt;&gt;\u00a0<em><strong>Allgemeine Anfragen zum Bahntechnik-Netzwerk &amp; Inhaltliche Koordination (insbesondere von Forschungsprojekten)<\/strong><\/em><\/li>\n<li>Herausgeber der Schriftenreihe BAHNTECHNIK AKTUELL<\/li>\n<li>Telefon Vereinsgesch\u00e4ftsstelle:\u00a0<strong>030 39720171<\/strong><\/li>\n<li>B\u00fcro Berlin: 030 81898731<\/li>\n<li>B\u00fcro N\u00fcrnberg: 0911 209112<\/li>\n<li>Mobil: 0176 70094803<\/li>\n<li>E-Mail:\u00a0<a href=\"mailto:geschaeftsfuehrer@ifv-bahntechnik.de\">geschaeftsfuehrer@ifv-bahntechnik.de<\/a><\/li>\n<\/ul>\n<p>&nbsp;<\/p>\n<hr \/>\n<p>&nbsp;<\/p>\n<h2>Tagungsmanagement \/ Teilnehmer-Management \/ Mitglieder-Service<\/h2>\n<p>&nbsp;<\/p>\n<ul>\n<li><img decoding=\"async\" src=\"https:\/\/www.railway-network.eu\/fileserver\/personenfotos\/ifv-tagungsmanagement600px.png\" \/><\/li>\n<li><strong>Frau<\/strong>\u00a0<strong>J. HEYER\u00a0<\/strong><\/li>\n<li>Gepr\u00fcfte Veranstaltungsfachwirtin \/ Bachelor Professional of Event Organisation, CCI<\/li>\n<li>Projektmanagerin Tagungen &amp; Events<\/li>\n<li>c\/o IFV Beratung und Service GmbH (in Kooperation mit IFV Bahntechnik e.V.)<\/li>\n<li>Zust\u00e4ndig f\u00fcr &gt;&gt;&gt;\u00a0<strong><em>Tagungs-Management,\u00a0<\/em><\/strong><em><strong>Teilnehmer-Anmeldungen, Sponsoren und Aussteller, Lieferanten-Anfragen<\/strong><\/em><\/li>\n<li>Telefon:\u00a0<strong>030 39720172<\/strong><\/li>\n<li>Telefax: 030 31425452<\/li>\n<li>E-Mail:\u00a0<a href=\"mailto:tagung@ifv-bahntechnik.de\">tagung@ifv-bahntechnik.de<\/a><\/li>\n<\/ul>\n<p>.<\/p>\n<hr \/>\n<p>.<\/p>\n<h2>Vereinsverwaltung \/ Sekreatariat (Rechnungswesen \/ Buchhaltung)<\/h2>\n<p>.<\/p>\n<ul>\n<li><img decoding=\"async\" src=\"https:\/\/www.railway-network.eu\/fileserver\/personenfotos\/ifv-vereinsverwaltung600px.png\" \/><\/li>\n<li><\/li>\n<li><strong>N.N.<br \/>\n<\/strong><\/li>\n<li>Vereinsgesch\u00e4ftsstelle \/ Assistenz des Gesch\u00e4ftsf\u00fchrers<\/li>\n<li>IFV Bahntechnik e.V.<\/li>\n<li>Zust\u00e4ndig f\u00fcr &gt;&gt;&gt;\u00a0<em><strong>Rechnungswesen (Buchhaltung), Vereinsverwaltung (Mitgliedschaftsantr\u00e4ge) sowie Buchbestellungen<\/strong><\/em><\/li>\n<li>Telefon:\u00a0<strong>030 39720170<\/strong><\/li>\n<li>Telefax: 030 31425452<\/li>\n<li>E-Mail:\u00a0<a href=\"mailto:verwaltung@ifv-bahntechnik.de\">verwaltung@ifv-bahntechnik.de<\/a><\/li>\n<\/ul>\n<p style=\"text-align: right;\">.<\/p>\n<p style=\"text-align: right;\">.<\/p>\n<hr \/>\n<p style=\"text-align: right;\">.<\/p>\n<p style=\"text-align: right;\">.<\/p>\n<h3>EHRENAMTLICHE ANSPRECHPARTNER beim IFV BAHNTECHNIK e.V.:<\/h3>\n<p>&nbsp;<\/p>\n<p><strong>Satzungsm\u00e4\u00dfige Organe \/ Funktionstr\u00e4ger \/ Gremiensprecher<\/strong><\/p>\n<ul>\n<li><a title=\"VORSTAND\" href=\"https:\/\/www.ifv-bahntechnik.de\/nachrichten\/ifv\/ansprechpartner\/vorstand\">Vereinsvorstand<\/a>\u00a0\/\u00a0 zu erreichen \u00fcber\u00a0<a title=\"GESCH\u00c4FTSSTELLE\" href=\"https:\/\/www.ifv-bahntechnik.de\/nachrichten\/ifv\/ansprechpartner\/vereinsgeschaeftsstelle\">Vereinsgesch\u00e4ftsstelle\u00a0<\/a><a title=\"GESCH\u00c4FTSF\u00dcHRER\" href=\"https:\/\/www.ifv-bahntechnik.de\/nachrichten\/ifv\/ansprechpartner\/geschaeftsfuehrer\">(siehe oben)<\/a><\/li>\n<li><strong>VEREINSVORSTAND DES IFV BAHNTECHNIK e.V. (Stand: 14.12.2018)<br \/>\n<\/strong><\/li>\n<li>Sprecher\u00a0des Vorstands: Prof. Dr. Raphael <strong>PFAFF <\/strong>(FH Aachen)*<\/li>\n<li>Stellvertretender Sprecher des Vorstands: Dipl-Ing. Roger A. <strong>DIRKSMEIER<\/strong> (Rail Systems bei FOGTEC Brandschutz GmbH &amp; Co. KG)**<\/li>\n<li>Mitglied des Vereinsvorstands (Schatzmeister):\u00a0Dipl.-Ing. Mihai <strong>DEMIAN<\/strong> (Certified Consultant)**<\/li>\n<li>Mitglied des Vereinsvorstands (Schriftf\u00fchrer): Dipl.-Ing. Steffen <strong>K\u00dcRTH<\/strong> (Siemens Mobility GmbH)**<\/li>\n<li>Mitglied des Vereinsvorstands (Vorstand mit besonderen Aufgaben):\u00a0Dipl.-Ing., IWE Michael <strong>BRANDHORST<\/strong> (Photon Meissener Technologies GmbH)**<\/li>\n<li>Mitglied im erweiterten Vereinsvorstand: Frau Renate <strong>BAY<\/strong> (ASC GmbH \u2013 German Sensor Engineering)<\/li>\n<li>Mitglied im erweiterten Vereinsvorstand: Dipl.-Ing. R\u00fcdiger <strong>WENDT<\/strong>* (Alstom)<\/li>\n<li>* <em>satzungsgem\u00e4\u00df gew\u00e4hlt am 14.12.2018 f\u00fcr eine Amtszeit von zwei Jahren<\/em><\/li>\n<li>** <em>satzungsgem\u00e4\u00df gew\u00e4hlt am 05.07.2019 f\u00fcr eine Amtszeit von zwei Jahren<\/em><\/li>\n<\/ul>\n<p style=\"text-align: right;\">.<\/p>\n<p style=\"text-align: right;\">.<\/p>\n<hr \/>\n<p style=\"text-align: right;\">.<\/p>\n<p style=\"text-align: right;\">.<\/p>\n<p>&gt;&gt;&gt; STARTSEITE (homepage)<\/p>\n<p style=\"padding-left: 60px;\"><a href=\"https:\/\/www.ifv-bahntechnik.de\/\"><img loading=\"lazy\" decoding=\"async\" class=\"alignnone\" src=\"https:\/\/www.ifv-bahntechnik.de\/fileserver\/ifv-grafiken\/ifv-bahntechnik-eV-logo-online.png\" alt=\"\" width=\"216\" height=\"216\" \/><\/a><br \/>\n&gt;&gt;&gt;\u00a0<small><a href=\"https:\/\/www.ifv-bahntechnik.de\/\">www.ifv-bahntechnik.de<\/a><\/small><\/p>\n","protected":false},"excerpt":{"rendered":"<p>Ihr direkter Draht zum IFV BAHNTECHNIK . IFV BAHNTECHNIK e.V. Interdisziplin\u00e4rer Forschungsverbund Bahntechnik e.V. Postanschrift: Salzufer 17-19 SG20 (c\/o TU Berlin), 10587 Berlin Besucheradresse: Fregestra\u00dfe 67 (Haus der Verb\u00e4nde), 12159 Berlin Wegbeschreibung zum Download &gt;&gt;&gt; www.ifv-bahntechnik.de\/wegbeschreibung.pdf ======================================== Tel. Sekretariat: 030 39720170 Tel. Tagungsmanagement: 030 39720172 Tel. Gesch\u00e4ftsf\u00fchrer: 0176 70094803 Fax: 030 31425452 Mail: schulz@ifv-bahntechnik.de www.ifv-bahntechnik.de [&hellip;]<\/p>\n","protected":false},"author":1,"featured_media":0,"parent":0,"menu_order":0,"comment_status":"closed","ping_status":"closed","template":"","meta":{"footnotes":""},"class_list":["post-121","page","type-page","status-publish","hentry"],"_links":{"self":[{"href":"https:\/\/ifv-bahntechnik.de\/vereinsmitglieder\/wp-json\/wp\/v2\/pages\/121","targetHints":{"allow":["GET"]}}],"collection":[{"href":"https:\/\/ifv-bahntechnik.de\/vereinsmitglieder\/wp-json\/wp\/v2\/pages"}],"about":[{"href":"https:\/\/ifv-bahntechnik.de\/vereinsmitglieder\/wp-json\/wp\/v2\/types\/page"}],"author":[{"embeddable":true,"href":"https:\/\/ifv-bahntechnik.de\/vereinsmitglieder\/wp-json\/wp\/v2\/users\/1"}],"replies":[{"embeddable":true,"href":"https:\/\/ifv-bahntechnik.de\/vereinsmitglieder\/wp-json\/wp\/v2\/comments?post=121"}],"version-history":[{"count":7,"href":"https:\/\/ifv-bahntechnik.de\/vereinsmitglieder\/wp-json\/wp\/v2\/pages\/121\/revisions"}],"predecessor-version":[{"id":379,"href":"https:\/\/ifv-bahntechnik.de\/vereinsmitglieder\/wp-json\/wp\/v2\/pages\/121\/revisions\/379"}],"wp:attachment":[{"href":"https:\/\/ifv-bahntechnik.de\/vereinsmitglieder\/wp-json\/wp\/v2\/media?parent=121"}],"curies":[{"name":"wp","href":"https:\/\/api.w.org\/{rel}","templated":true}]}}