{"id":127,"date":"2019-06-22T20:35:52","date_gmt":"2019-06-22T18:35:52","guid":{"rendered":"https:\/\/ifv-bahntechnik.de\/vereinsmitglieder\/?page_id=127"},"modified":"2019-07-19T11:18:39","modified_gmt":"2019-07-19T09:18:39","slug":"ausschuesse","status":"publish","type":"page","link":"https:\/\/ifv-bahntechnik.de\/vereinsmitglieder\/gremienarbeit\/ausschuesse\/","title":{"rendered":"AUSSCH\u00dcSSE zur Weiterentwicklung des Vereins"},"content":{"rendered":"<p>&nbsp;<\/p>\n<ul>\n<li>Ehrenamtliche Aktivit\u00e4ten-Ausschuss (<a href=\"https:\/\/ifv-bahntechnik.de\/vereinsmitglieder\/gremienarbeit\/ausschuesse\/eaa\/\">EAA<\/a>)<\/li>\n<\/ul>\n<p>&nbsp;<\/p>\n<ul>\n<li>Mitglieder-Werbeasschuss (<a href=\"https:\/\/ifv-bahntechnik.de\/vereinsmitglieder\/gremienarbeit\/ausschuesse\/mwa\/\">MWA<\/a>)<\/li>\n<\/ul>\n<p>&nbsp;<\/p>\n<ul>\n<li>Rechts-, Wirtschafts-, und Satzungs\u00e4nderungsausschuss (<a href=\"https:\/\/ifv-bahntechnik.de\/vereinsmitglieder\/gremienarbeit\/ausschuesse\/rwsa\/\">RWSA<\/a>)<\/li>\n<\/ul>\n<p>&nbsp;<\/p>\n<ul>\n<li>Programm- und Festausschuss (<a href=\"https:\/\/ifv-bahntechnik.de\/vereinsmitglieder\/gremienarbeit\/ausschuesse\/programmausschuss-25-jahre\/\">25 Jahre IFV BAHNTECHNIK e.V.<\/a>)<\/li>\n<\/ul>\n<p style=\"text-align: right;\">.<\/p>\n<p style=\"text-align: right;\">.<\/p>\n<p>Online-Anmeldeformular f\u00fcr die Ausschussarbeit &gt;&gt;&gt; <strong><a class=\"art-button\" href=\"https:\/\/ifv-bahntechnik.de\/vereinsmitglieder\/gremienarbeit\/ausschuesse\/anmeldung-fuer-die-gremienarbeit\/\">JETZT ANMELDEN!<\/a><\/strong><\/p>\n<p style=\"text-align: right;\">.<\/p>\n<p style=\"text-align: right;\">.<\/p>\n<hr \/>\n<p style=\"text-align: right;\">.<\/p>\n<p style=\"text-align: right;\">.<\/p>\n<p>Haben Sie Fragen?<\/p>\n<p>&gt;&gt;&gt; <strong><a href=\"https:\/\/ifv-bahntechnik.de\/vereinsmitglieder\/kontakt\/\">Kontakt zur Gesch\u00e4ftsstelle<\/a><\/strong><\/p>\n<p style=\"text-align: right;\">.<\/p>\n<p style=\"text-align: right;\">.<\/p>\n","protected":false},"excerpt":{"rendered":"<p>&nbsp; Ehrenamtliche Aktivit\u00e4ten-Ausschuss (EAA) &nbsp; Mitglieder-Werbeasschuss (MWA) &nbsp; Rechts-, Wirtschafts-, und Satzungs\u00e4nderungsausschuss (RWSA) &nbsp; Programm- und Festausschuss (25 Jahre IFV BAHNTECHNIK e.V.) . . Online-Anmeldeformular f\u00fcr die Ausschussarbeit &gt;&gt;&gt; JETZT ANMELDEN! . . . . Haben Sie Fragen? &gt;&gt;&gt; Kontakt zur Gesch\u00e4ftsstelle . .<\/p>\n","protected":false},"author":1,"featured_media":0,"parent":118,"menu_order":0,"comment_status":"closed","ping_status":"closed","template":"","meta":{"footnotes":""},"class_list":["post-127","page","type-page","status-publish","hentry"],"_links":{"self":[{"href":"https:\/\/ifv-bahntechnik.de\/vereinsmitglieder\/wp-json\/wp\/v2\/pages\/127","targetHints":{"allow":["GET"]}}],"collection":[{"href":"https:\/\/ifv-bahntechnik.de\/vereinsmitglieder\/wp-json\/wp\/v2\/pages"}],"about":[{"href":"https:\/\/ifv-bahntechnik.de\/vereinsmitglieder\/wp-json\/wp\/v2\/types\/page"}],"author":[{"embeddable":true,"href":"https:\/\/ifv-bahntechnik.de\/vereinsmitglieder\/wp-json\/wp\/v2\/users\/1"}],"replies":[{"embeddable":true,"href":"https:\/\/ifv-bahntechnik.de\/vereinsmitglieder\/wp-json\/wp\/v2\/comments?post=127"}],"version-history":[{"count":4,"href":"https:\/\/ifv-bahntechnik.de\/vereinsmitglieder\/wp-json\/wp\/v2\/pages\/127\/revisions"}],"predecessor-version":[{"id":198,"href":"https:\/\/ifv-bahntechnik.de\/vereinsmitglieder\/wp-json\/wp\/v2\/pages\/127\/revisions\/198"}],"up":[{"embeddable":true,"href":"https:\/\/ifv-bahntechnik.de\/vereinsmitglieder\/wp-json\/wp\/v2\/pages\/118"}],"wp:attachment":[{"href":"https:\/\/ifv-bahntechnik.de\/vereinsmitglieder\/wp-json\/wp\/v2\/media?parent=127"}],"curies":[{"name":"wp","href":"https:\/\/api.w.org\/{rel}","templated":true}]}}