{"id":129,"date":"2019-06-22T20:36:52","date_gmt":"2019-06-22T18:36:52","guid":{"rendered":"https:\/\/ifv-bahntechnik.de\/vereinsmitglieder\/?page_id=129"},"modified":"2021-08-30T00:18:27","modified_gmt":"2021-08-29T22:18:27","slug":"eaa","status":"publish","type":"page","link":"https:\/\/ifv-bahntechnik.de\/vereinsmitglieder\/gremienarbeit\/ausschuesse\/eaa\/","title":{"rendered":"Ehrenamtliche Aktivit\u00e4ten-Ausschuss (EAA)"},"content":{"rendered":"<h2>Ehrenamtliche Aktivit\u00e4ten-Ausschuss (EAA)<\/h2>\n<p style=\"text-align: right;\">.<\/p>\n<blockquote><p>Aktueller Hinweis: <strong>Wegen der COVID-19-Situation wird die Ausschussarbeit bis auf weiteres ausgesetzt &#8211; bzw. von der TASK FORCE &#8220;CORONA&#8221; \u00fcbernommen.<\/strong><\/p><\/blockquote>\n<p style=\"text-align: right;\">.<\/p>\n<p><strong>Zielsetzung der Ausschussarbeit: <\/strong><\/p>\n<p>Welche Ergebnisse k\u00f6nnen aus der Ausschussarbeit resultieren?<\/p>\n<p>&nbsp;<\/p>\n<p style=\"padding-left: 40px;\"><strong> Der EAA formuliert Ideen und entwickelt konkrete Vorschl\u00e4ge f\u00fcr Aktivit\u00e4ten, die den satzungsm\u00e4\u00dfigen Vereinszielen entsprechen und die von den pers\u00f6nlichen Vereinsmitgliedern im Rahmen von ehrenamtlichen T\u00e4tigkeiten umgesetzt werden k\u00f6nnen<\/strong>, sofern diese Vorschl\u00e4ge &#8211; nach einer Vorpr\u00fcfung und Stellungnahme durch die Vereinsgesch\u00e4ftsstelle bez\u00fcglich der wirtschaftlichen Umsetzbarkeit &#8211; durch einen einstimmigen Beschluss von Vorstand und Gesch\u00e4ftsf\u00fchrung angenommen wurden.<\/p>\n<p>&nbsp;<\/p>\n<p style=\"padding-left: 40px;\"><strong> Der EAA unterst\u00fctzt die pers\u00f6nlichen Mitglieder bei der Umsetzung der unter I. entwickelten Vorschl\u00e4ge, <\/strong>insbesondere dann, wenn der Verein keine anderen Ressourcen f\u00fcr die Umsetzung zur Verf\u00fcgung gestellt hat. (Im Zweifelsfall sind die Ausschussmitglieder des EAA f\u00fcr die Umsetzung der eigenen Vorschl\u00e4ge zust\u00e4ndig.)<\/p>\n<p style=\"text-align: right;\">.<\/p>\n<p style=\"text-align: right;\">.<\/p>\n<hr \/>\n<p style=\"text-align: right;\">.<\/p>\n<p style=\"text-align: right;\">.<\/p>\n<p>Anmeldeformular f\u00fcr die AUSSCHUSSARBEIT &gt;&gt;&gt;\u00a0<strong><a class=\"art-button\" href=\"https:\/\/ifv-bahntechnik.de\/vereinsmitglieder\/gremienarbeit\/ausschuesse\/anmeldung-fuer-die-gremienarbeit\/\">JETZT ANMELDEN<\/a><\/strong><\/p>\n<p style=\"text-align: right;\">.<\/p>\n<p style=\"text-align: right;\">.<\/p>\n<hr \/>\n<p style=\"text-align: right;\">.<\/p>\n<p>Haben Sie Fragen?<\/p>\n<p>&gt;&gt;&gt; <strong><a href=\"https:\/\/ifv-bahntechnik.de\/vereinsmitglieder\/kontakt\/\">Kontakt zur Vereinsgesch\u00e4ftsstelle<\/a><\/strong><\/p>\n<p>&nbsp;<\/p>\n","protected":false},"excerpt":{"rendered":"<p>Ehrenamtliche Aktivit\u00e4ten-Ausschuss (EAA) . Aktueller Hinweis: Wegen der COVID-19-Situation wird die Ausschussarbeit bis auf weiteres ausgesetzt &#8211; bzw. von der TASK FORCE &#8220;CORONA&#8221; \u00fcbernommen. . Zielsetzung der Ausschussarbeit: Welche Ergebnisse k\u00f6nnen aus der Ausschussarbeit resultieren? &nbsp; Der EAA formuliert Ideen und entwickelt konkrete Vorschl\u00e4ge f\u00fcr Aktivit\u00e4ten, die den satzungsm\u00e4\u00dfigen Vereinszielen entsprechen und die von den [&hellip;]<\/p>\n","protected":false},"author":1,"featured_media":0,"parent":127,"menu_order":1,"comment_status":"closed","ping_status":"closed","template":"","meta":{"footnotes":""},"class_list":["post-129","page","type-page","status-publish","hentry"],"_links":{"self":[{"href":"https:\/\/ifv-bahntechnik.de\/vereinsmitglieder\/wp-json\/wp\/v2\/pages\/129","targetHints":{"allow":["GET"]}}],"collection":[{"href":"https:\/\/ifv-bahntechnik.de\/vereinsmitglieder\/wp-json\/wp\/v2\/pages"}],"about":[{"href":"https:\/\/ifv-bahntechnik.de\/vereinsmitglieder\/wp-json\/wp\/v2\/types\/page"}],"author":[{"embeddable":true,"href":"https:\/\/ifv-bahntechnik.de\/vereinsmitglieder\/wp-json\/wp\/v2\/users\/1"}],"replies":[{"embeddable":true,"href":"https:\/\/ifv-bahntechnik.de\/vereinsmitglieder\/wp-json\/wp\/v2\/comments?post=129"}],"version-history":[{"count":8,"href":"https:\/\/ifv-bahntechnik.de\/vereinsmitglieder\/wp-json\/wp\/v2\/pages\/129\/revisions"}],"predecessor-version":[{"id":384,"href":"https:\/\/ifv-bahntechnik.de\/vereinsmitglieder\/wp-json\/wp\/v2\/pages\/129\/revisions\/384"}],"up":[{"embeddable":true,"href":"https:\/\/ifv-bahntechnik.de\/vereinsmitglieder\/wp-json\/wp\/v2\/pages\/127"}],"wp:attachment":[{"href":"https:\/\/ifv-bahntechnik.de\/vereinsmitglieder\/wp-json\/wp\/v2\/media?parent=129"}],"curies":[{"name":"wp","href":"https:\/\/api.w.org\/{rel}","templated":true}]}}