{"id":131,"date":"2019-06-22T20:37:30","date_gmt":"2019-06-22T18:37:30","guid":{"rendered":"https:\/\/ifv-bahntechnik.de\/vereinsmitglieder\/?page_id=131"},"modified":"2021-08-30T00:14:42","modified_gmt":"2021-08-29T22:14:42","slug":"mwa","status":"publish","type":"page","link":"https:\/\/ifv-bahntechnik.de\/vereinsmitglieder\/gremienarbeit\/ausschuesse\/mwa\/","title":{"rendered":"Mitglieder-Werbeasschuss (MWA)"},"content":{"rendered":"<h2>Mitglieder-Werbeasschuss (MWA)<\/h2>\n<p style=\"text-align: right;\">.<\/p>\n<p><strong>Zielsetzung der Ausschussarbeit: <\/strong><\/p>\n<p>Welche Ergebnisse k\u00f6nnen aus der Ausschussarbeit resultieren?<\/p>\n<p>&nbsp;<\/p>\n<p style=\"padding-left: 40px;\"><strong> Der MWA formuliert Ideen und entwickelt konkrete Vorschl\u00e4ge f\u00fcr Kampagnen zur Anwerbung von neuen Vereinsmitgliedern, die sich mit den satzungsm\u00e4\u00dfigen Vereinszielen identifizieren k\u00f6nnen und welche einen erheblichen Nutzen aus den Vereinsaktivit\u00e4ten ziehen k\u00f6nnten, <\/strong>sofern diese Vorschl\u00e4ge &#8211; nach einer Vorpr\u00fcfung und Stellungnahme durch die Vereinsgesch\u00e4ftsstelle bez\u00fcglich der praktischen Umsetzbarkeit &#8211; durch einen einstimmigen Beschluss von Vorstand und Gesch\u00e4ftsf\u00fchrung angenommen wurden.<\/p>\n<p>&nbsp;<\/p>\n<p style=\"padding-left: 40px;\"><strong> Der EAA unterst\u00fctzt die Vereinsgesch\u00e4ftsstelle bei der Ansprache von potenziellen Mitgliedern und kann zudem selbst aktiv werden, um die unter I. definierten Kampagnen zu realisieren. <\/strong>(Dies ist insbesondere dann erforderlich, wenn der Verein keine anderen Ressourcen f\u00fcr die Umsetzung zur Verf\u00fcgung gestellt hat. (Im Zweifelsfall sind die Ausschussmitglieder des MWA f\u00fcr die Umsetzung der eigenen Vorschl\u00e4ge und der Durchf\u00fchrung der zuvor definierten Kampagnen zust\u00e4ndig.)<\/p>\n<p>&nbsp;<\/p>\n<p style=\"padding-left: 40px;\"><strong>Die Nutzung bereits bestehender Kontakte von Ausschuss-Mitgliedern bei der direkten Ansprache von neuen Mitgliedern (Personen oder Firmen) sind willkommen und erw\u00fcnscht. <\/strong><\/p>\n<p style=\"text-align: right;\">.<\/p>\n<p style=\"text-align: right;\">.<\/p>\n<hr>\n<p style=\"text-align: right;\">.<\/p>\n<p style=\"text-align: right;\">.<\/p>\n<p>Allgemeines Ameldeformular f\u00fcr die AUSSCHUSSARBEIT &gt;&gt;&gt; <strong><a class=\"art-button\" href=\"https:\/\/ifv-bahntechnik.de\/vereinsmitglieder\/gremienarbeit\/ausschuesse\/anmeldung-fuer-die-gremienarbeit\/\">JETZT ANMELDEN<\/a><\/strong><\/p>\n<p>&nbsp;<\/p>\n<p>Anmeldeformular f\u00fcr den n\u00e4chsten TERMIN &gt;&gt;&gt; <a class=\"fasc-button fasc-size-medium fasc-type-popout fasc-style-bold\" style=\"background-color: #ff0000; color: #ffffff;\" href=\"https:\/\/ifv-bahntechnik.de\/vereinsmitglieder\/mwa\/\">Amelden f\u00fcr die Online-Sitzung am 3. September 2021<\/a><\/p>\n<p style=\"text-align: right;\">.<\/p>\n<p style=\"text-align: right;\">.<\/p>\n<hr>\n<p style=\"text-align: right;\">.<\/p>\n<p>Haben Sie Fragen?<\/p>\n<p>&gt;&gt;&gt; <strong><a href=\"https:\/\/ifv-bahntechnik.de\/vereinsmitglieder\/kontakt\/\">Kontakt zur Vereinsgesch\u00e4ftsstelle<\/a><\/strong><\/p>\n<p>&nbsp;<\/p>\n","protected":false},"excerpt":{"rendered":"<p>Mitglieder-Werbeasschuss (MWA) . Zielsetzung der Ausschussarbeit: Welche Ergebnisse k\u00f6nnen aus der Ausschussarbeit resultieren? &nbsp; Der MWA formuliert Ideen und entwickelt konkrete Vorschl\u00e4ge f\u00fcr Kampagnen zur Anwerbung von neuen Vereinsmitgliedern, die sich mit den satzungsm\u00e4\u00dfigen Vereinszielen identifizieren k\u00f6nnen und welche einen erheblichen Nutzen aus den Vereinsaktivit\u00e4ten ziehen k\u00f6nnten, sofern diese Vorschl\u00e4ge &#8211; nach einer Vorpr\u00fcfung und [&hellip;]<\/p>\n","protected":false},"author":1,"featured_media":0,"parent":127,"menu_order":2,"comment_status":"closed","ping_status":"closed","template":"","meta":{"footnotes":""},"class_list":["post-131","page","type-page","status-publish","hentry"],"_links":{"self":[{"href":"https:\/\/ifv-bahntechnik.de\/vereinsmitglieder\/wp-json\/wp\/v2\/pages\/131","targetHints":{"allow":["GET"]}}],"collection":[{"href":"https:\/\/ifv-bahntechnik.de\/vereinsmitglieder\/wp-json\/wp\/v2\/pages"}],"about":[{"href":"https:\/\/ifv-bahntechnik.de\/vereinsmitglieder\/wp-json\/wp\/v2\/types\/page"}],"author":[{"embeddable":true,"href":"https:\/\/ifv-bahntechnik.de\/vereinsmitglieder\/wp-json\/wp\/v2\/users\/1"}],"replies":[{"embeddable":true,"href":"https:\/\/ifv-bahntechnik.de\/vereinsmitglieder\/wp-json\/wp\/v2\/comments?post=131"}],"version-history":[{"count":5,"href":"https:\/\/ifv-bahntechnik.de\/vereinsmitglieder\/wp-json\/wp\/v2\/pages\/131\/revisions"}],"predecessor-version":[{"id":381,"href":"https:\/\/ifv-bahntechnik.de\/vereinsmitglieder\/wp-json\/wp\/v2\/pages\/131\/revisions\/381"}],"up":[{"embeddable":true,"href":"https:\/\/ifv-bahntechnik.de\/vereinsmitglieder\/wp-json\/wp\/v2\/pages\/127"}],"wp:attachment":[{"href":"https:\/\/ifv-bahntechnik.de\/vereinsmitglieder\/wp-json\/wp\/v2\/media?parent=131"}],"curies":[{"name":"wp","href":"https:\/\/api.w.org\/{rel}","templated":true}]}}