{"id":133,"date":"2019-06-22T20:38:01","date_gmt":"2019-06-22T18:38:01","guid":{"rendered":"https:\/\/ifv-bahntechnik.de\/vereinsmitglieder\/?page_id=133"},"modified":"2021-08-30T00:15:51","modified_gmt":"2021-08-29T22:15:51","slug":"rwsa","status":"publish","type":"page","link":"https:\/\/ifv-bahntechnik.de\/vereinsmitglieder\/gremienarbeit\/ausschuesse\/rwsa\/","title":{"rendered":"Rechts-, Wirtschafts-, und Satzungs\u00e4nderungsausschuss (RWSA)"},"content":{"rendered":"<h2>Rechts-, Wirtschafts-, und Satzungs\u00e4nderungsausschuss (RWSA)<\/h2>\n<p style=\"text-align: right;\">.<\/p>\n<p><strong>Zielsetzung der Ausschussarbeit: <\/strong><\/p>\n<p>Welche Ergebnisse k\u00f6nnen aus der Ausschussarbeit resultieren?<\/p>\n<p>&nbsp;<\/p>\n<p style=\"padding-left: 40px;\"><strong> Der RWSA formuliert Vorschl\u00e4ge zur SATZUNGS\u00c4NDERUNGEN, wobei die Merkposten aus vorangegangenen Gremiensitzungen sowie eigene Vorschl\u00e4ge in die \u00c4nderungsvorschl\u00e4ge einflie\u00dfen sollen. <\/strong>Diese Vorschl\u00e4ge sollen mit anderen Vereinsgremien &#8211; insbesondere dem Vereins\u00advorstand &#8211; diskutiert werden, welcher ggf. entsprechende Beschlussantr\u00e4ge f\u00fcr Satzungs\u00e4nderungen formuliert und der n\u00e4chsten Mitgliederversammlung zur Entscheidung vorlegt.<\/p>\n<p>&nbsp;<\/p>\n<p style=\"padding-left: 40px;\"><strong> Der RWSA entwickelt Vorschl\u00e4ge zur Verbesserung der Wirtschaftlichkeit der Vereinsaktivit\u00e4ten. <\/strong>Dies ist beispielsweise m\u00f6glich, wenn spezielle Einkaufskonditionen ausgehandelt werden k\u00f6nnen bzw. wenn Rahmenvertr\u00e4ge mit Institutionen bzw. Unternehmen (Sponsoring) verf\u00fcgbar gemacht werden.<\/p>\n<p>&nbsp;<\/p>\n<p style=\"padding-left: 40px;\"><strong>Der RWSA ber\u00e4t die Vereinsgremien (auf Anfrage) beim Abschluss von zeitlich unbefristeten Vertr\u00e4gen &#8211; insbesondere bei Kooperationen mit anderen Vereinen und bei Vertr\u00e4gen mit eng verbundenen Gesch\u00e4ftspartnern.<\/strong><\/p>\n<p style=\"text-align: right;\">.<\/p>\n<p style=\"text-align: right;\">.<\/p>\n<hr>\n<p style=\"text-align: right;\">.<\/p>\n<p style=\"text-align: right;\">.<\/p>\n<p>Allgemeines Ameldeformular f\u00fcr die AUSSCHUSSARBEIT &gt;&gt;&gt; <strong><a class=\"art-button\" href=\"https:\/\/ifv-bahntechnik.de\/vereinsmitglieder\/gremienarbeit\/ausschuesse\/anmeldung-fuer-die-gremienarbeit\/\">JETZT ANMELDEN<\/a><\/strong><\/p>\n<p>&nbsp;<\/p>\n<p>Anmeldeformular f\u00fcr den n\u00e4chsten TERMIN &gt;&gt;&gt; <a class=\"fasc-button fasc-size-medium fasc-type-popout fasc-style-bold\" style=\"background-color: #ff0000; color: #ffffff;\" href=\"https:\/\/ifv-bahntechnik.de\/vereinsmitglieder\/rwsa\/\">Amelden f\u00fcr die Online-Sitzung am 1. September 2021<\/a><\/p>\n<p style=\"text-align: right;\">.<\/p>\n<p style=\"text-align: right;\">.<\/p>\n<hr>\n<p style=\"text-align: right;\">.<\/p>\n<p>Haben Sie Fragen?<\/p>\n<p>&gt;&gt;&gt; <strong><a href=\"https:\/\/ifv-bahntechnik.de\/vereinsmitglieder\/kontakt\/\">Kontakt zur Vereinsgesch\u00e4ftsstelle<\/a><\/strong><\/p>\n<p>&nbsp;<\/p>\n","protected":false},"excerpt":{"rendered":"<p>Rechts-, Wirtschafts-, und Satzungs\u00e4nderungsausschuss (RWSA) . Zielsetzung der Ausschussarbeit: Welche Ergebnisse k\u00f6nnen aus der Ausschussarbeit resultieren? &nbsp; Der RWSA formuliert Vorschl\u00e4ge zur SATZUNGS\u00c4NDERUNGEN, wobei die Merkposten aus vorangegangenen Gremiensitzungen sowie eigene Vorschl\u00e4ge in die \u00c4nderungsvorschl\u00e4ge einflie\u00dfen sollen. Diese Vorschl\u00e4ge sollen mit anderen Vereinsgremien &#8211; insbesondere dem Vereins\u00advorstand &#8211; diskutiert werden, welcher ggf. entsprechende Beschlussantr\u00e4ge f\u00fcr [&hellip;]<\/p>\n","protected":false},"author":1,"featured_media":0,"parent":127,"menu_order":3,"comment_status":"closed","ping_status":"closed","template":"","meta":{"footnotes":""},"class_list":["post-133","page","type-page","status-publish","hentry"],"_links":{"self":[{"href":"https:\/\/ifv-bahntechnik.de\/vereinsmitglieder\/wp-json\/wp\/v2\/pages\/133","targetHints":{"allow":["GET"]}}],"collection":[{"href":"https:\/\/ifv-bahntechnik.de\/vereinsmitglieder\/wp-json\/wp\/v2\/pages"}],"about":[{"href":"https:\/\/ifv-bahntechnik.de\/vereinsmitglieder\/wp-json\/wp\/v2\/types\/page"}],"author":[{"embeddable":true,"href":"https:\/\/ifv-bahntechnik.de\/vereinsmitglieder\/wp-json\/wp\/v2\/users\/1"}],"replies":[{"embeddable":true,"href":"https:\/\/ifv-bahntechnik.de\/vereinsmitglieder\/wp-json\/wp\/v2\/comments?post=133"}],"version-history":[{"count":4,"href":"https:\/\/ifv-bahntechnik.de\/vereinsmitglieder\/wp-json\/wp\/v2\/pages\/133\/revisions"}],"predecessor-version":[{"id":382,"href":"https:\/\/ifv-bahntechnik.de\/vereinsmitglieder\/wp-json\/wp\/v2\/pages\/133\/revisions\/382"}],"up":[{"embeddable":true,"href":"https:\/\/ifv-bahntechnik.de\/vereinsmitglieder\/wp-json\/wp\/v2\/pages\/127"}],"wp:attachment":[{"href":"https:\/\/ifv-bahntechnik.de\/vereinsmitglieder\/wp-json\/wp\/v2\/media?parent=133"}],"curies":[{"name":"wp","href":"https:\/\/api.w.org\/{rel}","templated":true}]}}