{"id":16,"date":"2019-06-21T22:07:46","date_gmt":"2019-06-21T20:07:46","guid":{"rendered":"https:\/\/ifv-bahntechnik.de\/vereinsmitglieder\/?page_id=16"},"modified":"2020-02-12T23:33:48","modified_gmt":"2020-02-12T22:33:48","slug":"veranstaltungen","status":"publish","type":"page","link":"https:\/\/ifv-bahntechnik.de\/vereinsmitglieder\/veranstaltungen\/","title":{"rendered":"Veranstaltungen f\u00fcr Vereinsmitglieder"},"content":{"rendered":"<h2>AUSBLICK auf geplante Networking-Veranstaltungen<\/h2>\n<p style=\"text-align: right;\">.<\/p>\n<h3>NETWORKING-EVENTS f\u00fcr Mitglieder des IFV BAHNTECHNIK e.V. 2020<\/h3>\n<h3><\/h3>\n<p>Derzeit sind folgende Veranstaltung in PLANUNG:<\/p>\n<ul>\n<li>Sommer-Empfang (f\u00fcr alle Mitglieder &#8211; diesmal mit einem NEUMITGLIEDER-TREFFEN)<\/li>\n<li>Sommer-Exkursion (f\u00fcr Vorst\u00e4nde, Gesch\u00e4ftsf\u00fchrer, Beir\u00e4te)<\/li>\n<li>Jubil\u00e4umsfeier 25 Jahre IFV BAHNTECHNIK e.V. (f\u00fcr Mitglieder, F\u00f6rderer, Partner und G\u00e4ste)<\/li>\n<li>InnoTrans &#8211; MeetingPoint (f\u00fcr Vereinsmitglieder und F\u00f6rderer)<\/li>\n<li>Winter-Empfang (f\u00fcr alle Mitglieder)<\/li>\n<\/ul>\n<h2><\/h2>\n<p style=\"text-align: right;\">.<\/p>\n<hr \/>\n<p style=\"text-align: right;\">.<\/p>\n<p>&nbsp;<\/p>\n<h2><\/h2>\n<h2>R\u00dcCKBLICK auf das SYSTEMATISCHE NETWORKING im Sommer 2019<\/h2>\n<p>&nbsp;<\/p>\n<p style=\"text-align: right;\"><img decoding=\"async\" class=\"aligncenter\" src=\"https:\/\/www.ifv-bahntechnik.de\/fileserver\/2019\/sommer-event-2019px600.png\" \/><\/p>\n<p style=\"text-align: right;\">.<\/p>\n<p style=\"text-align: right;\">.<\/p>\n<p><strong>SOMMER-EXKURSION f\u00fcr f\u00f6rdernde Mitglieder<\/strong>\u00a0am 04.07. 2019 (08:15 \u2013 13:45 Uhr) &gt;&gt;&gt;\u00a0<strong><a class=\"art-button\" href=\"https:\/\/ifv-bahntechnik.de\/vereinsmitglieder\/veranstaltungen\/sommer-exkursion\/\">Information<\/a><\/strong><\/p>\n<p>&gt;&gt;&gt;\u00a0<a href=\"https:\/\/ifv-bahntechnik.de\/vereinsmitglieder\/startseite\/anmeldung-zur-sommer-exkursion-firmenfoerderkreis\/\">Anmeldeformular f\u00fcr Mitglieder im Firmenf\u00f6rderkreis<\/a><\/p>\n<p style=\"text-align: right;\">.<\/p>\n<p><strong>MITGLIEDERVERSAMMLUNG f\u00fcr alle Mitglieder<\/strong>\u00a0am 05.07.2019 (14:00 \u2013 17:30 Uhr) &gt;&gt;&gt;\u00a0<strong><a class=\"art-button\" href=\"https:\/\/ifv-bahntechnik.de\/vereinsmitglieder\/veranstaltungen\/mitgliederversammlung\/\">Information<\/a><\/strong><\/p>\n<p>&gt;&gt;&gt;\u00a0<a href=\"https:\/\/ifv-bahntechnik.de\/vereinsmitglieder\/startseite\/anmeldeformular_persoenliche_mitglieder\/\">Anmeldeformular f\u00fcr pers\u00f6nliche Vereinsmitglieder (KOMBI-Formular f\u00fcr MV plus Sommer-Empfang)<\/a><\/p>\n<p>&gt;&gt;&gt;\u00a0<a href=\"https:\/\/ifv-bahntechnik.de\/vereinsmitglieder\/startseite\/anmeldeformular-fuer-mitglieder-im-firmenfoerderkreis\/\">Anmeldeformular f\u00fcr Mitglieder im Firmenf\u00f6rderkreis (KOMBI-Formular f\u00fcr MV plus Sommer-Empfang)<\/a><\/p>\n<p style=\"text-align: right;\">.<\/p>\n<p><strong>SOMMER-EMPFANG f\u00fcr Mitglieder und G\u00e4ste<\/strong>\u00a0am 06.07.2019 (18:00 \u2013 22:00 Uhr) &gt;&gt;&gt;\u00a0<strong><a class=\"art-button\" href=\"https:\/\/ifv-bahntechnik.de\/vereinsmitglieder\/veranstaltungen\/sommer-empfang\/\">Information<\/a><\/strong><\/p>\n<p>&gt;&gt;&gt;\u00a0<a href=\"https:\/\/ifv-bahntechnik.de\/vereinsmitglieder\/startseite\/anmeldung-zum-sommer-empfang\/\">Anmeldeformular f\u00fcr den Sommerempfang (ohne Teilnahme an der MV)\u00a0<\/a><\/p>\n<p style=\"text-align: right;\">.<\/p>\n<hr \/>\n<p style=\"text-align: right;\">.<\/p>\n<p>&nbsp;<\/p>\n<h3>SAVE THE DATE!<\/h3>\n<p style=\"text-align: right;\">.<\/p>\n<p>Aktuelle Veranstaltungen f\u00fcr Vereinsmitglieder im Sommer 2019<\/p>\n<p style=\"text-align: right;\">.<\/p>\n<blockquote><p>&gt;&gt; SOMMER-EXKURSION 2019 f\u00fcr f\u00f6rdernde Mitglieder und Funktionstr\u00e4ger am 04.07.2019 &gt;&gt;&gt; <strong><a class=\"art-button\" href=\"https:\/\/ifv-bahntechnik.de\/vereinsmitglieder\/veranstaltungen\/sommer-exkursion\/\">Information<\/a><\/strong><\/p><\/blockquote>\n<p style=\"text-align: right;\">.<\/p>\n<blockquote><p>&gt;&gt; 30. ordentliche MITGLIEDERVERSAMMLUNG 2019 f\u00fcr alle Mitglieder am 05.07.2019 &gt;&gt;&gt; <strong><a class=\"art-button\" href=\"https:\/\/ifv-bahntechnik.de\/vereinsmitglieder\/veranstaltungen\/mitgliederversammlung\/\">Information<\/a><\/strong><\/p><\/blockquote>\n<p style=\"text-align: right;\">.<\/p>\n<blockquote><p>&gt;&gt; SOMMER-EMPFANG 2019 f\u00fcr alle Mitglieder (und G\u00e4ste) am 05.07.2019 &gt;&gt;&gt; <strong><a class=\"art-button\" href=\"https:\/\/ifv-bahntechnik.de\/vereinsmitglieder\/veranstaltungen\/sommer-empfang\/\">Information<\/a><\/strong><\/p><\/blockquote>\n<p style=\"text-align: right;\">.<\/p>\n<hr \/>\n<p style=\"text-align: right;\">.<\/p>\n<p><strong>Mittelfristiger Ausblick:<\/strong> Veranstaltungen f\u00fcr Vereinsmitglieder im Herbst \/ Winter 2019:<\/p>\n<p style=\"text-align: right;\">.<\/p>\n<p style=\"padding-left: 40px;\">Diese Seiten befinden sich noch im Aufbau.<\/p>\n<p style=\"padding-left: 40px;\">Bitte nutzen Sie den IFV-Kalender f\u00fcr die Terminvorschau &gt;&gt;&gt; <a href=\"https:\/\/www.ifv-bahntechnik.de\/kalender.pdf\" target=\"_blank\" rel=\"noopener noreferrer\">https:\/\/www.ifv-bahntechnik.de\/kalender.pdf<\/a><\/p>\n<p style=\"text-align: right;\">.<\/p>\n<hr \/>\n<p style=\"text-align: right;\">.<\/p>\n<p><strong>Langfristiger Ausblick:<\/strong> Veranstaltungen f\u00fcr Vereinsmitglieder im Jahr 2020:<\/p>\n<p style=\"text-align: right;\">.<\/p>\n<p style=\"padding-left: 40px;\">Diese Seiten befinden sich noch im Aufbau.<\/p>\n<p style=\"padding-left: 40px;\">Bitte nutzen Sie den IFV-Kalender f\u00fcr die Terminvorschau &gt;&gt;&gt; <a href=\"https:\/\/www.ifv-bahntechnik.de\/kalender.pdf\" target=\"_blank\" rel=\"noopener noreferrer\">https:\/\/www.ifv-bahntechnik.de\/kalender.pdf<\/a><\/p>\n<p style=\"text-align: right;\">.<\/p>\n<hr \/>\n<p style=\"text-align: right;\">.<\/p>\n<p>TERMIN-ARCHIV: Dokumentation von vergangenen Fachveranstaltungen des IFV BAHNTECHNIK e.V.<\/p>\n<p style=\"text-align: right;\">.<\/p>\n<p style=\"padding-left: 40px;\">Diese Seiten befinden sich noch im Aufbau. \/\/\/ Das Veranstaltungsarchiv des IFV BAHNTECHNIK e.V. wird derzeit \u00fcberarbeitet.<\/p>\n<p style=\"padding-left: 40px;\">Die Dokumentation der IFV Fachtagungen finden Sie in gedruckter Form in der Schriftenreihe BAHNTECHNIK AKTUELL.<\/p>\n<p style=\"text-align: right;\">.<\/p>\n<ul>\n<li>\n<blockquote><p>&gt;&gt;&gt; DOWNLOAD &gt;&gt;&gt; <a href=\"https:\/\/www.ifv-bahntechnik.de\/gesamtverzeichnis.pdf\" target=\"_blank\" rel=\"noopener noreferrer\">https:\/\/www.ifv-bahntechnik.de\/gesamtverzeichnis.pdf<\/a><\/p><\/blockquote>\n<\/li>\n<\/ul>\n<p style=\"text-align: right;\">.<\/p>\n<ul>\n<li>\n<blockquote><p>&gt;&gt;&gt; BESTELLFORMULAR &gt;&gt;&gt; <a href=\"https:\/\/www.ifv-bahntechnik.de\/literatur.pdf\" target=\"_blank\" rel=\"noopener noreferrer\">https:\/\/www.ifv-bahntechnik.de\/literatur.pdf<\/a><\/p><\/blockquote>\n<\/li>\n<\/ul>\n<p style=\"text-align: right;\">.<\/p>\n<p style=\"text-align: right;\">.<\/p>\n<hr \/>\n<p style=\"text-align: right;\">.<\/p>\n<p>Haben Sie Fragen?<\/p>\n<p>&gt;&gt;&gt; <strong><a href=\"https:\/\/ifv-bahntechnik.de\/kontakt\/\">KONTAKT zur Vereinsgesch\u00e4ftsstelle<\/a><\/strong><\/p>\n<p style=\"text-align: right;\">#<\/p>\n<p>&nbsp;<\/p>\n","protected":false},"excerpt":{"rendered":"<p>AUSBLICK auf geplante Networking-Veranstaltungen . NETWORKING-EVENTS f\u00fcr Mitglieder des IFV BAHNTECHNIK e.V. 2020 Derzeit sind folgende Veranstaltung in PLANUNG: Sommer-Empfang (f\u00fcr alle Mitglieder &#8211; diesmal mit einem NEUMITGLIEDER-TREFFEN) Sommer-Exkursion (f\u00fcr Vorst\u00e4nde, Gesch\u00e4ftsf\u00fchrer, Beir\u00e4te) Jubil\u00e4umsfeier 25 Jahre IFV BAHNTECHNIK e.V. (f\u00fcr Mitglieder, F\u00f6rderer, Partner und G\u00e4ste) InnoTrans &#8211; MeetingPoint (f\u00fcr Vereinsmitglieder und F\u00f6rderer) Winter-Empfang (f\u00fcr alle [&hellip;]<\/p>\n","protected":false},"author":1,"featured_media":0,"parent":0,"menu_order":0,"comment_status":"closed","ping_status":"closed","template":"","meta":{"footnotes":""},"class_list":["post-16","page","type-page","status-publish","hentry"],"_links":{"self":[{"href":"https:\/\/ifv-bahntechnik.de\/vereinsmitglieder\/wp-json\/wp\/v2\/pages\/16","targetHints":{"allow":["GET"]}}],"collection":[{"href":"https:\/\/ifv-bahntechnik.de\/vereinsmitglieder\/wp-json\/wp\/v2\/pages"}],"about":[{"href":"https:\/\/ifv-bahntechnik.de\/vereinsmitglieder\/wp-json\/wp\/v2\/types\/page"}],"author":[{"embeddable":true,"href":"https:\/\/ifv-bahntechnik.de\/vereinsmitglieder\/wp-json\/wp\/v2\/users\/1"}],"replies":[{"embeddable":true,"href":"https:\/\/ifv-bahntechnik.de\/vereinsmitglieder\/wp-json\/wp\/v2\/comments?post=16"}],"version-history":[{"count":11,"href":"https:\/\/ifv-bahntechnik.de\/vereinsmitglieder\/wp-json\/wp\/v2\/pages\/16\/revisions"}],"predecessor-version":[{"id":241,"href":"https:\/\/ifv-bahntechnik.de\/vereinsmitglieder\/wp-json\/wp\/v2\/pages\/16\/revisions\/241"}],"wp:attachment":[{"href":"https:\/\/ifv-bahntechnik.de\/vereinsmitglieder\/wp-json\/wp\/v2\/media?parent=16"}],"curies":[{"name":"wp","href":"https:\/\/api.w.org\/{rel}","templated":true}]}}