{"id":184,"date":"2019-07-17T12:23:02","date_gmt":"2019-07-17T10:23:02","guid":{"rendered":"https:\/\/ifv-bahntechnik.de\/vereinsmitglieder\/?page_id=184"},"modified":"2021-08-30T00:16:59","modified_gmt":"2021-08-29T22:16:59","slug":"programmausschuss-25-jahre","status":"publish","type":"page","link":"https:\/\/ifv-bahntechnik.de\/vereinsmitglieder\/gremienarbeit\/ausschuesse\/programmausschuss-25-jahre\/","title":{"rendered":"Programm- und Festausschuss 25 Jahre IFV"},"content":{"rendered":"<p style=\"text-align: right;\">.<\/p>\n<blockquote><p>AKTUELLER HINWEIS: Wegen der Corona-Situation wird die Jubil\u00e4umsfeier VERSCHOBEN!<\/p><\/blockquote>\n<p style=\"text-align: right;\">.<\/p>\n<h2>Wir werden 25!<\/h2>\n<p style=\"text-align: right;\">.<\/p>\n<p>Gem\u00e4\u00df den Beratungen auf der 30. Mitgliederversammlung soll eine Jubil\u00e4umsveranstaltung &#8220;25 Jahre IFV BAHNTECHNIK e.V.&#8221; vorbereitet und durchgef\u00fchrt werden.<\/p>\n<p><strong>Die Jubil\u00e4umsveranstaltung &#8220;25 Jahre IFV&#8221; soll ein festlich gestaltetes Dankesch\u00f6n an Gr\u00fcnder, F\u00f6rderer, Wegbegleiter und Protagonisten der modernen Bahn- und Verkehrstechnik darstellen. Mit dieser Veranstaltung m\u00f6chte der IFV BAHNTECHNIK e.V. weniger einen Blick in die Vergangenheit werfen, sondern vielmehr proaktiv f\u00fcr das Thema INNOVATIONEN IN DER BAHNTECHNIK werben.<\/strong><\/p>\n<ul>\n<li>Kontextuelles Ziel der Veranstaltung ist die Bekanntmachung von aktuellen und relevanten Themen der Bahn- und Verkehrstechnik, wie in der Vereinssatzung des IFV beschrieben.<\/li>\n<li>Inhaltlicher Ansatz:\n<ul>\n<li>Relevante Themen in einer R\u00fcckschau umreissen: ELEKTROMOBILIT\u00c4T seit 1881<\/li>\n<li>Aktuelle Themen in einer Vorschau ansprechen: KLIMAFREUNDLICHER VERKEHR FINDET AUF DER SCHIENE STATT<\/li>\n<\/ul>\n<\/li>\n<li>Organisatorischer Rahmen: wird durch den Programm- und Festausschuss festgelegt<\/li>\n<\/ul>\n<p style=\"text-align: right;\">.<\/p>\n<p><strong>Ausf\u00fchrungshinweise:\u00a0\u00a0<\/strong><\/p>\n<ul>\n<li>Die Jubil\u00e4umsveranstaltung &#8220;25 Jahre IFV&#8221; soll als DREITEILIGE FESTVERANSTALTUNG mit INHALTLICHEM VORTRAGSTEIL, INTERAKTIVEM DISKUSSIONSTEIL und GESELLIGEM NETWORKINGTEIL ausgestaltet werden.<\/li>\n<li>unter Beachtung der Budgetrestriktionen aus der Sponsoren-Konferenz<\/li>\n<li>unter Einbeziehung der Vereinsgremien Vorstand, Gesch\u00e4ftsf\u00fchrung, Fachbeirat<\/li>\n<li>unter Mitwirkung von Vereinsmitgliedern, die sich im Programm- und Festausschuss 25 Jahre IFV aktiv engagieren m\u00f6chten.<\/li>\n<\/ul>\n<p style=\"text-align: right;\">.<\/p>\n<p><strong>Mitglieder im Programm- und Festausschuss &#8220;25 Jahre IFV&#8221;<\/strong> &#8212; in alphabetischer Reihenfolge (Stand: 05.07.2019)<\/p>\n<ul>\n<li>Frau R. BAY (als Mitglied im erweiterten Vereinsvorstand)<\/li>\n<li>Herr Martin CORMANN (als Vereinsmitglied)<\/li>\n<li>Prof. Dr. R. PFAFF (als Sprecher des Vorstands)<\/li>\n<li>Frau J. REIT (als Vereinsmitglied)<\/li>\n<li>Herr E. SCHULZ (als Vereinsgesch\u00e4ftsf\u00fchrer)<\/li>\n<li>Weitere Mitglieder k\u00f6nnen sich jederzeit formlos bei der <a href=\"https:\/\/ifv-bahntechnik.de\/vereinsmitglieder\/kontakt\/\" target=\"_blank\" rel=\"noopener noreferrer\">Vereinsgesch\u00e4ftsstelle<\/a> anmelden.<\/li>\n<\/ul>\n<p>&nbsp;<\/p>\n<p>&nbsp;<\/p>\n","protected":false},"excerpt":{"rendered":"<p>. AKTUELLER HINWEIS: Wegen der Corona-Situation wird die Jubil\u00e4umsfeier VERSCHOBEN! . Wir werden 25! . Gem\u00e4\u00df den Beratungen auf der 30. Mitgliederversammlung soll eine Jubil\u00e4umsveranstaltung &#8220;25 Jahre IFV BAHNTECHNIK e.V.&#8221; vorbereitet und durchgef\u00fchrt werden. Die Jubil\u00e4umsveranstaltung &#8220;25 Jahre IFV&#8221; soll ein festlich gestaltetes Dankesch\u00f6n an Gr\u00fcnder, F\u00f6rderer, Wegbegleiter und Protagonisten der modernen Bahn- und Verkehrstechnik [&hellip;]<\/p>\n","protected":false},"author":1,"featured_media":0,"parent":127,"menu_order":0,"comment_status":"closed","ping_status":"closed","template":"","meta":{"footnotes":""},"class_list":["post-184","page","type-page","status-publish","hentry"],"_links":{"self":[{"href":"https:\/\/ifv-bahntechnik.de\/vereinsmitglieder\/wp-json\/wp\/v2\/pages\/184","targetHints":{"allow":["GET"]}}],"collection":[{"href":"https:\/\/ifv-bahntechnik.de\/vereinsmitglieder\/wp-json\/wp\/v2\/pages"}],"about":[{"href":"https:\/\/ifv-bahntechnik.de\/vereinsmitglieder\/wp-json\/wp\/v2\/types\/page"}],"author":[{"embeddable":true,"href":"https:\/\/ifv-bahntechnik.de\/vereinsmitglieder\/wp-json\/wp\/v2\/users\/1"}],"replies":[{"embeddable":true,"href":"https:\/\/ifv-bahntechnik.de\/vereinsmitglieder\/wp-json\/wp\/v2\/comments?post=184"}],"version-history":[{"count":4,"href":"https:\/\/ifv-bahntechnik.de\/vereinsmitglieder\/wp-json\/wp\/v2\/pages\/184\/revisions"}],"predecessor-version":[{"id":383,"href":"https:\/\/ifv-bahntechnik.de\/vereinsmitglieder\/wp-json\/wp\/v2\/pages\/184\/revisions\/383"}],"up":[{"embeddable":true,"href":"https:\/\/ifv-bahntechnik.de\/vereinsmitglieder\/wp-json\/wp\/v2\/pages\/127"}],"wp:attachment":[{"href":"https:\/\/ifv-bahntechnik.de\/vereinsmitglieder\/wp-json\/wp\/v2\/media?parent=184"}],"curies":[{"name":"wp","href":"https:\/\/api.w.org\/{rel}","templated":true}]}}