{"id":2,"date":"2019-06-19T10:51:44","date_gmt":"2019-06-19T08:51:44","guid":{"rendered":"https:\/\/ifv-bahntechnik.de\/vereinsmitglieder\/?page_id=2"},"modified":"2021-12-20T18:23:34","modified_gmt":"2021-12-20T17:23:34","slug":"startseite","status":"publish","type":"page","link":"https:\/\/ifv-bahntechnik.de\/vereinsmitglieder\/startseite\/","title":{"rendered":"Startseite f\u00fcr Vereinsmitglieder"},"content":{"rendered":"<p><a href=\"https:\/\/www.ifv-bahntechnik.de\"><img loading=\"lazy\" decoding=\"async\" class=\"aligncenter\" src=\"https:\/\/www.railway-network.eu\/fileserver\/bilderrahmen\/ifv-bahntechnik-berlin-450px.png\" alt=\"\" width=\"599\" height=\"369\" \/><\/a>\u00a0\u00a0<\/p>\r\n\r\n<p style=\"text-align: right;\">.<\/p>\r\n<ul>\r\n<li>N\u00e4chste MITGLIEDERVERSAMMLUNG des IFV BAHNTECHNIK am 21 Dezember 2021<\/li>\r\n<\/ul>\r\n<p><img loading=\"lazy\" decoding=\"async\" class=\"aligncenter\" src=\"https:\/\/ifv-bahntechnik.de\/wp-content\/uploads\/33mv2021startseite.png\" width=\"600\" height=\"424\" \/><\/p>\r\n<p style=\"text-align: right;\">.<\/p>\r\n<h3>Veranstaltungshinweise:<\/h3>\r\n<p>&nbsp;<\/p>\r\n<p><strong>DIGITAL-RAIL 2021<\/strong> <strong>&#8211; Bahn-Digitalisierung und Automatisierung <\/strong><\/p>\r\n<p>am 24.- 25. November 2021 in M\u00fcnchen (bei unserem Kooperationspartner DB Systemtechnik GmbH)<\/p>\r\n<p>&nbsp;<\/p>\r\n<p><strong>TSI 2021<\/strong> <strong>&#8211; Bahntechnische Zulassung und Interoperabilit\u00e4t von Bahn-Infrastruktur und Schienenfahrzeugen gem\u00e4\u00df den Technical Specifications for Interoperability (TSI) sowie Zulassung von Stra\u00dfenbahnen nach der Verordnung \u00fcber den Bau und Betrieb der Stra\u00dfenbahnen<\/strong><strong> (BOStrab)<\/strong><\/p>\r\n<p>TSI &#8211; am 15. &#8211; 16. Dezember 2021 &#8211; in Berlin<\/p>\r\n<p>BOStrab &#8211; am 17. Dezember 2021 &#8211; dto.<\/p>\r\n<p style=\"text-align: right;\">.<\/p>\r\n<p><strong>RAILWAY TECHNOLOGY 2022<\/strong> <strong>&#8211; ANTRIEBSTECHNIK, FAHRDYNAMIK, BREMSTECHNIK <\/strong><\/p>\r\n<p>im Fr\u00fchjahr 2022 in Aachen (genauer Termin wird noch bekannt gegeben)<\/p>\r\n<p style=\"text-align: center;\">&#8212;&#8212;&#8212;&#8212;&#8212;&#8212;<\/p>\r\n<p><strong>Veranstaltungsr\u00fcckschau 2020<\/strong><\/p>\r\n<ul>\r\n<li><strong>TSI 2020<\/strong> &#8211; Virtual-Conference-Center.com<\/li>\r\n<li>Expertentreffpunkt Bahntechnik 2020 \/ 2021 &gt;&gt;&gt; VIRTUAL-MEETING-POINT.com\u00a0<\/li>\r\n<\/ul>\r\n<p style=\"text-align: right;\">.<\/p>\r\n<p><strong>Folgende Veranstaltungen mussten &#8211; pandemiebedingt &#8211; verschoben, virtualisiert oder gestrichen werden:<\/strong><\/p>\r\n<ul>\r\n<li>Winter-Empfang 2020 (f\u00fcr alle Mitglieder) &gt;&gt;&gt; Virtuelle Mitgliederversammlung im Dezember 2020<\/li>\r\n<li>Sommer-Empfang 2020 (f\u00fcr alle Mitglieder &#8211; diesmal mit einem NEUMITGLIEDER-TREFFEN)\u00a0<\/li>\r\n<li>Sommer-Exkursion 2020 (f\u00fcr Vorst\u00e4nde, Gesch\u00e4ftsf\u00fchrer, Beir\u00e4te) &gt;&gt;&gt; Virtual-Train.com<\/li>\r\n<li>InnoTrans 2020 &#8211; MeetingPoint (f\u00fcr Vereinsmitglieder und F\u00f6rderer) &gt;&gt;&gt; Virtual-Meeting-Point.com<\/li>\r\n<li>Jubil\u00e4umsfeier 25 Jahre IFV BAHNTECHNIK e.V. (f\u00fcr Mitglieder, F\u00f6rderer, Partner und G\u00e4ste)\u00a0<\/li>\r\n<\/ul>\r\n<p style=\"text-align: right;\">.<\/p>\r\n<hr \/>\r\n<p style=\"text-align: right;\">.<\/p>\r\n<h3>Weitere aktuelle Nachrichten des Vereins finden Sie in der Rubrik &#8220;AKTUELLE NACHRICHTEN&#8221;.\u00a0<\/h3>\r\n<p>&nbsp;<\/p>\r\n<p>&gt;&gt;&gt; HIER &gt;&gt;&gt; <a href=\"https:\/\/ifv-bahntechnik.de\/aktuelle-nachrichten\/\">https:\/\/ifv-bahntechnik.de\/aktuelle-nachrichten\/<\/a><\/p>\r\n<p style=\"text-align: right;\">.<\/p>\r\n<p style=\"text-align: right;\">.<\/p>\r\n<hr \/>\r\n<p style=\"text-align: right;\">.<\/p>\r\n<p>&nbsp;<\/p>\r\n<p>Im <a href=\"https:\/\/ifv-bahntechnik.de\/vereinsmitglieder\/archiv\/\">ARCHIV<\/a> finden Sie einen R\u00dcCKBLICK auf Networking-Veranstaltungen der letzten Zeit:\u00a0<\/p>\r\n<p style=\"text-align: right;\">.<\/p>\r\n<h3>SOMMER-EXKURSION 2019 f\u00fcr Gesch\u00e4ftsf\u00fchrer, Vorst\u00e4nde, Beiratsmitglieder und Repr\u00e4sentanten von F\u00f6rderkreisfirmen des IFV BAHNTECHNIK e.V.<\/h3>\r\n<p style=\"text-align: right;\">.<\/p>\r\n<p><a href=\"https:\/\/ifv-bahntechnik.de\/vereinsmitglieder\/veranstaltungen\/\"><img loading=\"lazy\" decoding=\"async\" class=\"aligncenter\" src=\"https:\/\/www.ifv-bahntechnik.de\/fileserver\/2019\/sommer-event-2019px600.png\" alt=\"\" width=\"600\" height=\"651\" \/><\/a><\/p>\r\n<p>&nbsp;<\/p>\r\n<p style=\"text-align: right;\">.<\/p>\r\n<p style=\"text-align: right;\">.<\/p>\r\n<ul>\r\n<li>Information und Anmeldung zu den\u00a0<strong><a href=\"https:\/\/ifv-bahntechnik.de\/vereinsmitglieder\/veranstaltungen\/\">Veranstaltungen f\u00fcr Vereinsmitglieder im Sommer 2019<\/a><\/strong><\/li>\r\n<\/ul>\r\n<p>&nbsp;<\/p>\r\n<p>&nbsp;<\/p>\r\n<hr \/>\r\n<p>&nbsp;<\/p>\r\n<p style=\"text-align: right;\">.<\/p>\r\n<p style=\"text-align: right;\">.<\/p>\r\n<p style=\"text-align: right;\">.<\/p>\r\n<p>Sehr geehrte Damen und Herren,\u00a0<\/p>\r\n<p>liebe Vereinsmitglieder des IFV BAHNTECHNIK e.V.!<\/p>\r\n<p style=\"text-align: right;\">.<\/p>\r\n<p style=\"text-align: right;\">.<\/p>\r\n<p>Auf diesen neuen Mitgliederseiten finden Sie die EINSTIEGSPUNKTE f\u00fcr unsere unterschiedlichen Mitglieder- und Funktionstr\u00e4ger-Gruppen.\u00a0<\/p>\r\n<p style=\"padding-left: 40px;\">1. PERS\u00d6NLICHE MITGLIEDER mit Stimmrecht<\/p>\r\n<p style=\"padding-left: 40px;\">2. PERS\u00d6NLICHE MITGLIEDER ohne Stimmrecht &#8211; weil &#8220;ruhende Mitgliedschaft&#8221;<\/p>\r\n<p style=\"padding-left: 40px;\">3. FIRMENF\u00d6RDERKREISMITGLIEDER\u00a0<\/p>\r\n<p style=\"padding-left: 40px;\">4. Mitglieder im FACHBEIRAT<\/p>\r\n<p style=\"padding-left: 40px;\">5. Gew\u00e4hlte Funktionstr\u00e4ger: Vereinsvorstand, Rechnungspr\u00fcfer, Besondere Vertreter des Vereins (gem. \u00a7 30 BGB)\u00a0<\/p>\r\n<p style=\"text-align: right;\">.<\/p>\r\n<p style=\"text-align: right;\">.<\/p>\r\n<p>Aus aktuellem Anlass (Mitgliederversammlung, Sommer-Empfang und Sommer-Exkursion) haben wir spezielle Seiten f\u00fcr den <a href=\"https:\/\/ifv-bahntechnik.de\/vereinsmitglieder\/veranstaltungen\/\">PROGRAMMABLAUF<\/a> und f\u00fcr die <a href=\"https:\/\/ifv-bahntechnik.de\/vereinsmitglieder\/veranstaltungen\/\">ONLINE-R\u00dcCKMELDEFORMULARE<\/a>* eingerichtet:\u00a0<\/p>\r\n<p>&nbsp;<\/p>\r\n<p style=\"padding-left: 80px;\">* Technischer Hinweis: Die Online-Formulare werden nicht von jedem Web-Browser akzeptiert. Stattdessen erscheinen bei einigen Browsern Wartungs- oder Sicherheitshinweise, die von uns nicht beeinflusst werden k\u00f6nnen. Verwenden Sie in diesen F\u00e4llen einen anderen Browser oder greifen Sie auf die R\u00fcckfall-Ebene des konventionellen R\u00fcckmelde-Formulars (PDF-Dateien werden zum Download bereitgestellt) bzw. auf die Papierversion zur\u00fcck, die Sie mit dem Einladungsbrief erhalten haben.\u00a0<\/p>\r\n<p style=\"text-align: right;\">.<\/p>\r\n<p>Wenn Sie Fragen haben, k\u00f6nnen Sie sich jederzeit direkt an die <a href=\"https:\/\/ifv-bahntechnik.de\/kontakt\/\">VEREINSGESCH\u00c4FTSSTELLE<\/a> wenden.\u00a0<\/p>\r\n<p>&nbsp;<\/p>\r\n<p>Mit freundlichem Gru\u00df aus der\u00a0Vereinsgesch\u00e4ftsstelle\u00a0<\/p>\r\n<p>Team Mitarbeiterverwaltung\u00a0<\/p>\r\n<p>IFV BAHNTECHNIK e.V.\u00a0<\/p>\r\n<p>&nbsp;<\/p>\r\n<p>&nbsp;<\/p>\r\n<p>P.S.<\/p>\r\n<p>Sofern Sie Ihren Mitgliedschaftsstatus \u00e4ndern m\u00f6chten (z. B. upgrade von pers\u00f6nlicher Mitgliedschaft auf f\u00f6rdernde Mitgliedschaft), wenden Sie sich ebenfalls direkt an die Vereinsgesch\u00e4ftsstelle, damit wir den Verwaltungsaufwand auf allen Seiten optimieren k\u00f6nnen.\u00a0<\/p>\r\n<p>&nbsp;<\/p>\r\n<p>&nbsp;<\/p>\r\n","protected":false},"excerpt":{"rendered":"<p>\u00a0\u00a0 . N\u00e4chste MITGLIEDERVERSAMMLUNG des IFV BAHNTECHNIK am 21 Dezember 2021 . Veranstaltungshinweise: &nbsp; DIGITAL-RAIL 2021 &#8211; Bahn-Digitalisierung und Automatisierung am 24.- 25. November 2021 in M\u00fcnchen (bei unserem Kooperationspartner DB Systemtechnik GmbH) &nbsp; TSI 2021 &#8211; Bahntechnische Zulassung und Interoperabilit\u00e4t von Bahn-Infrastruktur und Schienenfahrzeugen gem\u00e4\u00df den Technical Specifications for Interoperability (TSI) sowie Zulassung von [&hellip;]<\/p>\n","protected":false},"author":7,"featured_media":0,"parent":0,"menu_order":0,"comment_status":"closed","ping_status":"open","template":"","meta":{"footnotes":""},"class_list":["post-2","page","type-page","status-publish","hentry"],"_links":{"self":[{"href":"https:\/\/ifv-bahntechnik.de\/vereinsmitglieder\/wp-json\/wp\/v2\/pages\/2","targetHints":{"allow":["GET"]}}],"collection":[{"href":"https:\/\/ifv-bahntechnik.de\/vereinsmitglieder\/wp-json\/wp\/v2\/pages"}],"about":[{"href":"https:\/\/ifv-bahntechnik.de\/vereinsmitglieder\/wp-json\/wp\/v2\/types\/page"}],"author":[{"embeddable":true,"href":"https:\/\/ifv-bahntechnik.de\/vereinsmitglieder\/wp-json\/wp\/v2\/users\/7"}],"replies":[{"embeddable":true,"href":"https:\/\/ifv-bahntechnik.de\/vereinsmitglieder\/wp-json\/wp\/v2\/comments?post=2"}],"version-history":[{"count":24,"href":"https:\/\/ifv-bahntechnik.de\/vereinsmitglieder\/wp-json\/wp\/v2\/pages\/2\/revisions"}],"predecessor-version":[{"id":530,"href":"https:\/\/ifv-bahntechnik.de\/vereinsmitglieder\/wp-json\/wp\/v2\/pages\/2\/revisions\/530"}],"wp:attachment":[{"href":"https:\/\/ifv-bahntechnik.de\/vereinsmitglieder\/wp-json\/wp\/v2\/media?parent=2"}],"curies":[{"name":"wp","href":"https:\/\/api.w.org\/{rel}","templated":true}]}}