{"id":202,"date":"2019-09-17T16:49:40","date_gmt":"2019-09-17T14:49:40","guid":{"rendered":"https:\/\/ifv-bahntechnik.de\/vereinsmitglieder\/?page_id=202"},"modified":"2021-08-30T01:03:51","modified_gmt":"2021-08-29T23:03:51","slug":"vorteile","status":"publish","type":"page","link":"https:\/\/ifv-bahntechnik.de\/vereinsmitglieder\/vorteile\/","title":{"rendered":"VORTEILE f\u00fcr Vereinsmitglieder"},"content":{"rendered":"<p><a href=\"https:\/\/www.ifv-bahntechnik.de\/nutzwert.pdf\" target=\"_blank\" rel=\"noopener noreferrer\"><img loading=\"lazy\" decoding=\"async\" class=\"aligncenter\" src=\"https:\/\/www.ifv-bahntechnik.de\/fileserver\/nutzwert600.png\" alt=\"\" width=\"600\" height=\"715\" \/><br \/>\n<\/a><\/p>\n<p style=\"text-align: center;\">\u00a0<a title=\"DOWNLOAD [pdf]\" href=\"https:\/\/www.ifv-bahntechnik.de\/nutzwert.pdf\" target=\"_blank\" rel=\"noopener noreferrer\"><img loading=\"lazy\" decoding=\"async\" class=\"alignnone\" style=\"box-sizing: border-box; border: 0px; vertical-align: middle; margin: 10px;\" title=\"DOWNLOAD (((pdf)))\" src=\"https:\/\/www.railway-network.eu\/ifv-bytes\/pdf.png\" alt=\"DOWNLOAD (((pdf)))\" width=\"22\" height=\"22\" \/><\/a><\/p>\n<p style=\"text-align: right;\">.<\/p>\n<p>Der IFV BAHNTECHNIK e.V. ist das gr\u00f6\u00dfte Netzwerk f\u00fcr Firmen und Experten im Bereich Bahn- und Verkehrstechnik. Als eingetragener Verein vertreten wir die Interessen unserer Mitglieder und bieten viele ideelle und finanzielle Vorteile. F\u00fcr unsere Mitglieder bieten wir viele <strong>Beratungs- und Service-Leistungen mit einem hohen Nutzwert<\/strong> bzw. mit einem geldwerten Vorteil an.<\/p>\n<p>&nbsp;<\/p>\n<p>Die Vorteile f\u00fcr Vereinsmitglieder k\u00f6nnen nach finanziellen und ideellen Vorteilen unterschieden werden:<\/p>\n<p style=\"text-align: right;\">.<\/p>\n<h1>Finanzielle Vorteile = Sonderpreise f\u00fcr Vereinsmitglieder:<\/h1>\n<p style=\"text-align: right;\">&#8211;<\/p>\n<p>&nbsp;<\/p>\n<h3><strong>FIRE-SAFETY 2020 &#8211; Fachsymposium Bahn-Brandschutz im M\u00e4rz 2020<\/strong><\/h3>\n<ul>\n<li>100,00 Euro Preisvorteil f\u00fcr alle Mitarbeiter von Firmen im IFV-Firmenf\u00f6rderkreis (Teilnehmer-Fr\u00fchzahlerpreis)<\/li>\n<li>050,00 Euro Preisvorteil f\u00fcr pers\u00f6nliche Mitglieder im IFV-Expertenkreis (Teilnehmer-Fr\u00fchzahlerpreis)<\/li>\n<\/ul>\n<p>&nbsp;<\/p>\n<p style=\"text-align: right;\">&#8211;<\/p>\n<p>&nbsp;<\/p>\n<h3><strong>Seminar RAIL-DATA-SCIENCE im Februar 2020<\/strong><\/h3>\n<ul>\n<li>100,00 Euro Preisvorteil f\u00fcr alle Mitarbeiter von Firmen im IFV-Firmenf\u00f6rderkreis (Teilnehmer-Fr\u00fchzahlerpreis)<\/li>\n<li>050,00 Euro Preisvorteil f\u00fcr pers\u00f6nliche Mitglieder im IFV-Expertenkreis (Teilnehmer-Fr\u00fchzahlerpreis)<\/li>\n<\/ul>\n<p>&nbsp;<\/p>\n<p style=\"text-align: right;\">&#8211;<\/p>\n<p>&nbsp;<\/p>\n<h3><strong>Bahntechnik Symposium ECO FRIENDLY TRANSPORT im Dezember 2019<\/strong><\/h3>\n<ul>\n<li>1000,00 Euro Preisvorteil f\u00fcr Fachaussteller beim Deutsch-Niederl\u00e4ndischen Wirtschaftsforum (Mitglieder im Firmenf\u00f6rderkreis)<\/li>\n<li>100,00 Euro Preisvorteil f\u00fcr alle Mitarbeiter von Firmen im IFV-Firmenf\u00f6rderkreis (Teilnehmer-Fr\u00fchzahlerpreis)<\/li>\n<li>50,00 Euro Preisvorteil f\u00fcr pers\u00f6nliche Mitglieder im IFV-Expertenkreis (Teilnehmer-Fr\u00fchzahlerpreis)<\/li>\n<\/ul>\n<p>&nbsp;<\/p>\n<p style=\"text-align: right;\">&#8211;<\/p>\n<h3><strong>Arbeitskreis BAHNBAU &#8211; Reaktivierung von Bahnstrecken &#8211; Konstituierende Sitzung im Dezember 2019<\/strong><\/h3>\n<ul>\n<li>1000,00 Euro Preisvorteil f\u00fcr Firmen im IFV-Firmenf\u00f6rderkreis<\/li>\n<\/ul>\n<p style=\"text-align: right;\">&#8211;<\/p>\n<p>&nbsp;<\/p>\n<h3><strong>Bahnakustik-Seminar im September \/ Oktober 2019<\/strong><\/h3>\n<ul>\n<li>100,00 Euro Preisvorteil f\u00fcr alle Mitarbeiter von Firmen im IFV-Firmenf\u00f6rderkreis (Teilnehmer-Fr\u00fchzahlerpreis)<\/li>\n<li>050,00 Euro Preisvorteil f\u00fcr pers\u00f6nliche Mitglieder im IFV-Expertenkreis (Teilnehmer-Fr\u00fchzahlerpreis)<\/li>\n<\/ul>\n<p>&nbsp;<\/p>\n<p style=\"text-align: right;\">&#8211;<\/p>\n<p>&nbsp;<\/p>\n<h3><strong>Expertentagung BAHN-DIGITALISIERUNG im Oktober 2019<\/strong><\/h3>\n<ul>\n<li>Preisvorteil f\u00fcr Fachaussteller &#8211; in Abh\u00e4ngigkeit von der Standgr\u00f6\u00dfe und dem gew\u00e4hlten Sponsoren-Paket<\/li>\n<li>100,00 Euro Preisvorteil f\u00fcr alle Mitarbeiter von Firmen im IFV-Firmenf\u00f6rderkreis (Teilnehmer-Fr\u00fchzahlerpreis)<\/li>\n<li>50,00 Euro Preisvorteil f\u00fcr pers\u00f6nliche Mitglieder im IFV-Expertenkreis (Teilnehmer-Fr\u00fchzahlerpreis)<\/li>\n<\/ul>\n<p>&nbsp;<\/p>\n<p style=\"text-align: right;\">&#8211;<\/p>\n<hr \/>\n<p style=\"text-align: right;\">&#8211;<\/p>\n<p style=\"text-align: right;\">&#8211;<\/p>\n<h1>IDEELLE VORTEILE der Mitgliedschaft<\/h1>\n<p style=\"text-align: right;\">.<\/p>\n<h2>I. Vorteile f\u00fcr korrespondierende Mitglieder<\/h2>\n<p style=\"text-align: right;\">.<\/p>\n<p>Korrespondierende Mitglieder zahlen KEINEN finanziellen Beitrag &#8211; erhalten KEINEN finanziellen Rabatt d.h. keine Sonderpreise bei IFV-Tagugnen.<\/p>\n<ul>\n<li>Wissensvorteil durch den Bezug des kostenlosen Bahntechnik-Newsletters &#8220;Informationsdienst Bahntechnik&#8221; &#8211; Informationen vom IFV, Tagungen und Projekte<\/li>\n<li>Einladungen zur Teilnahme an Fachtagungen [zu regul\u00e4ren Konditionen &#8211; d. h. ohne Rabatt]<\/li>\n<\/ul>\n<p style=\"text-align: right;\">.<\/p>\n<p style=\"text-align: right;\">.<\/p>\n<h2>II. Vorteile f\u00fcr pers\u00f6nliche Mitglieder &#8211; [Bahntechnik-Experten]<\/h2>\n<p style=\"text-align: right;\">.<\/p>\n<p>Pers\u00f6nliche Mitglieder zahlen einen Jahresbeitrag von 50 Euro* &#8211; erhalten Sonderpreise bei jeder Veranstaltungen in H\u00f6he des Jahres-Mitgliedsbeitrags: Somit lohnt sich die Mitgliedschaft bereits ab EINER einzigen Sonderpreis-Veranstaltung pro Jahr. Hinzu kommen Vorteile aus dem Besuch von kostenfreien Veranstaltungen.<\/p>\n<p>Besonders interessant sind die <strong>ideellen Vorteile f\u00fcr pers\u00f6nliche Mitglieder<\/strong>:<\/p>\n<ul>\n<li>Dauerhaft kostenlose Ver\u00f6ffentlichung eines Expertenprofils im Expertenportal: <a href=\"https:\/\/www.bahntechnik-experten.info\" target=\"_blank\" rel=\"noopener noreferrer\">www.bahntechnik-experten.info<\/a><\/li>\n<li>Privilegierte Teilnahme an Fachveranstaltungen [Sonderkonditionen f\u00fcr pers\u00f6nliche Mitglieder &#8211; Rabatt in H\u00f6he von 50 Euro] und Vorteile bei der Anmeldung sowie beim Bezug von Tagungsdokumentationen<\/li>\n<li>Karrieref\u00f6rderung (Netzwerkkontakte und Teilnahme an Karrieref\u00f6rderungsprogrammen)<\/li>\n<li>Bevorzugte Teilnahme an Sonderveranstaltungen des IFV BAHNTECHNIK e.V. (IFV-Innovation-Day, Sommer-Empfang, Winter-Empfang)<\/li>\n<li>Sofern freie Pl\u00e4tze vorhanden sind: Teilnahme an Fachexkursionen f\u00fcr F\u00f6rderkreismitglieder bzw. Besuche von Partnerorganisationen oder Institutionen (Ministerien etc.)<\/li>\n<li>Weitere Vorteile werden fallweise in IFV-Rundbriefen angek\u00fcndigt.<\/li>\n<\/ul>\n<p style=\"text-align: right;\">.<\/p>\n<p style=\"text-align: right;\">.<\/p>\n<h2>III. Vorteile f\u00fcr f\u00f6rdernde Mitglieder &#8211; [Bahntechnik-Firmen]<\/h2>\n<p style=\"text-align: right;\">.<\/p>\n<p>F\u00f6rdernde Mitglieder sind UNTERNEHMEN oder FORSCHUNGSEINRICHTUNGEN, die eine GESAMTMITGLIEDSCHAFT (&#8220;corporate membership&#8221;) abgeschlossen haben. Der Mitgliedsstatus gilt f\u00fcr ALLE MITARBEITER an allen STANDORTEN und allen GESCH\u00c4FTSBEREICHEN des f\u00f6rdernden Mitglieds. Der Jahresbeitrag betr\u00e4gt 500 Euro und ist unabh\u00e4ngig von Mitarbeiterzahl oder Finanzkennzahlen des Unternehmens.<\/p>\n<p style=\"text-align: left;\">Alle Mitarbeiter des Mitgliedsunternehmen k\u00f6nnen die <strong>ideellen Vorteile f\u00fcr Bahntechnik-Firmen<\/strong> nutzen:<\/p>\n<ul>\n<li>SYSTEMATISCHES NETWORKING &#8211; Kontaktm\u00f6glichkeiten sind &#8220;thematisch sortenrein geclustert&#8221;<\/li>\n<li>Kostenlose Ver\u00f6ffentlichung eines Unternehmensprofils: <a href=\"https:\/\/bahntechnik-firmen.info\" target=\"_blank\" rel=\"noopener noreferrer\">www.bahntechnik-firmen.info<\/a><\/li>\n<li>Sonderkonditionen f\u00fcr ALLE Mitarbeiter des Mitgliedsunternehmens bei Veranstaltungen des IFV BAHNTECHNIK (Symposien, Seminare)<\/li>\n<li>Sonderkonditionen f\u00fcr ALLE Mitarbeiter des Mitgliedsunternehmens bei Gremien und Netzwerkgruppen des IFV BAHNTECHNIK (Thinktanks, Arbeitskreise, F\u00fchrungskr\u00e4ftezirkel, Kompetenznetze etc.). Beispielsweise betr\u00e4gt der Preisvorteil f\u00fcr IFV-Firmenmitglieder pro Bahntechnik-Arbeitskreis 1000 Euro p.a.!<\/li>\n<li>Unterst\u00fctzung des IFV bei geplanten Forschungsprojekten (optional mit subventionierter Forschungsberatung bzw. F\u00f6rdermittelakquisition)<\/li>\n<li>Optional buchbare Service-Module des IFV bzw. unserer kompetenten Netzwerk-Partner, insbesondere:<\/li>\n<\/ul>\n<p style=\"padding-left: 80px;\">&#8211; Modul 01: Innovationen (Forschungsunterst\u00fctzung, Projektkoordination, Innovationsmanagement)<br \/>\n&#8211; Modul 02: Tagungs- und Eventmanagement f\u00fcr Veranstaltungen im Kundenauftrag<br \/>\n&#8211; Modul 03: Internet- und Intranet-Dienstleistungen (\u201eunternehmens\u00fcbergreifende\u201c virtuelle Netzwerke)<br \/>\n&#8211; Modul 04: Marktforschung (Markt-, Kunden- und Wettbewerbsanalyse, Trend- und Potenzialanalyse)<br \/>\n&#8211; Modul 05: Werbung (Anzeigenschaltung, Neue Medien, Messeauftritte) und Preis-Management<br \/>\n&#8211; Modul 06: Public Relations (\u00d6ffentlichkeitsarbeit, Hauptstadtlobbying in Berlin und\/oder Br\u00fcssel)<br \/>\n&#8211; Modul 07: Personalentwicklung (Inhouse-Training: Mitarbeiter-, Teamtraining, F\u00fchrungskr\u00e4fte-Coaching)<br \/>\n&#8211; Modul 08: Review-Partnership bei Fachvortr\u00e4gen und\/oder Publikationen sowie bei Messeauftritten<br \/>\n&#8211; Modul 09: Strategische Gesch\u00e4ftsfeldentwicklung (Produktentwicklung, Dienstleistungsentwicklung)<\/p>\n<p style=\"text-align: right;\">.<\/p>\n<hr \/>\n<p style=\"text-align: right;\">.<\/p>\n<p style=\"text-align: right;\">.<\/p>\n<h1>NUTZWERT der Mitgliedschaft im Firmenf\u00f6rderkreis zum Download:<\/h1>\n<p style=\"text-align: right;\">&#8211;<\/p>\n<p><a href=\"https:\/\/www.ifv-bahntechnik.de\/nutzwert.pdf\" target=\"_blank\" rel=\"noopener noreferrer\"><img loading=\"lazy\" decoding=\"async\" class=\"aligncenter\" src=\"https:\/\/www.ifv-bahntechnik.de\/fileserver\/nutzwert600.png\" alt=\"\" width=\"600\" height=\"715\" \/><\/a><\/p>\n<p style=\"text-align: center;\">Download &gt;&gt;&gt; <a href=\"https:\/\/www.ifv-bahntechnik.de\/nutzwert.pdf\" target=\"_blank\" rel=\"noopener noreferrer\"><strong>https:\/\/www.ifv-bahntechnik.de\/nutzwert.pdf<\/strong><\/a>\u00a0 &lt;&lt;&lt; <a title=\"DOWNLOAD [pdf]\" href=\"https:\/\/www.ifv-bahntechnik.de\/nutzwert.pdf\" target=\"_blank\" rel=\"noopener noreferrer\"><img loading=\"lazy\" decoding=\"async\" class=\"alignnone\" style=\"box-sizing: border-box; border: 0px; vertical-align: middle; margin: 10px;\" title=\"DOWNLOAD (((pdf)))\" src=\"https:\/\/www.railway-network.eu\/ifv-bytes\/pdf.png\" alt=\"DOWNLOAD (((pdf)))\" width=\"22\" height=\"22\" \/><\/a><\/p>\n<p style=\"text-align: right;\">.<\/p>\n<p style=\"text-align: right;\">#<\/p>\n","protected":false},"excerpt":{"rendered":"<p>\u00a0 . Der IFV BAHNTECHNIK e.V. ist das gr\u00f6\u00dfte Netzwerk f\u00fcr Firmen und Experten im Bereich Bahn- und Verkehrstechnik. Als eingetragener Verein vertreten wir die Interessen unserer Mitglieder und bieten viele ideelle und finanzielle Vorteile. F\u00fcr unsere Mitglieder bieten wir viele Beratungs- und Service-Leistungen mit einem hohen Nutzwert bzw. mit einem geldwerten Vorteil an. &nbsp; [&hellip;]<\/p>\n","protected":false},"author":1,"featured_media":0,"parent":0,"menu_order":0,"comment_status":"closed","ping_status":"closed","template":"","meta":{"footnotes":""},"class_list":["post-202","page","type-page","status-publish","hentry"],"_links":{"self":[{"href":"https:\/\/ifv-bahntechnik.de\/vereinsmitglieder\/wp-json\/wp\/v2\/pages\/202","targetHints":{"allow":["GET"]}}],"collection":[{"href":"https:\/\/ifv-bahntechnik.de\/vereinsmitglieder\/wp-json\/wp\/v2\/pages"}],"about":[{"href":"https:\/\/ifv-bahntechnik.de\/vereinsmitglieder\/wp-json\/wp\/v2\/types\/page"}],"author":[{"embeddable":true,"href":"https:\/\/ifv-bahntechnik.de\/vereinsmitglieder\/wp-json\/wp\/v2\/users\/1"}],"replies":[{"embeddable":true,"href":"https:\/\/ifv-bahntechnik.de\/vereinsmitglieder\/wp-json\/wp\/v2\/comments?post=202"}],"version-history":[{"count":15,"href":"https:\/\/ifv-bahntechnik.de\/vereinsmitglieder\/wp-json\/wp\/v2\/pages\/202\/revisions"}],"predecessor-version":[{"id":385,"href":"https:\/\/ifv-bahntechnik.de\/vereinsmitglieder\/wp-json\/wp\/v2\/pages\/202\/revisions\/385"}],"wp:attachment":[{"href":"https:\/\/ifv-bahntechnik.de\/vereinsmitglieder\/wp-json\/wp\/v2\/media?parent=202"}],"curies":[{"name":"wp","href":"https:\/\/api.w.org\/{rel}","templated":true}]}}