{"id":26,"date":"2019-06-21T22:38:07","date_gmt":"2019-06-21T20:38:07","guid":{"rendered":"https:\/\/ifv-bahntechnik.de\/vereinsmitglieder\/?page_id=26"},"modified":"2019-06-22T19:53:10","modified_gmt":"2019-06-22T17:53:10","slug":"mitgliederversammlung","status":"publish","type":"page","link":"https:\/\/ifv-bahntechnik.de\/vereinsmitglieder\/veranstaltungen\/mitgliederversammlung\/","title":{"rendered":"MITGLIEDERVERSAMMLUNG"},"content":{"rendered":"<p style=\"text-align: right;\">.<\/p>\n<p><img decoding=\"async\" src=\"https:\/\/www.ifv-bahntechnik.de\/fileserver\/2019\/mitgliederversammlung-600px.png\" \/><\/p>\n<p style=\"text-align: right;\">.<\/p>\n<ul>\n<li>Termin: Freitag, <strong>05.07.2019<\/strong><\/li>\n<li>Uhrzeit: <strong>14:00 &#8211; ca. 17:30 Uhr<\/strong><\/li>\n<li>Ort: <strong>Friedrich\u00adstra\u00dfe 88, 10117 Berlin<\/strong> (Sitzungssaal von Firma Hays AG)<\/li>\n<\/ul>\n<p style=\"text-align: right;\">.<\/p>\n<p>&#8212; Nur f\u00fcr Mitglieder!<\/p>\n<p>&nbsp;<\/p>\n<p>Ordentliche Mitgliederversammlung (mit Vorstandswahl) f\u00fcr pers\u00f6nliche Mitglieder sowie f\u00fcr vertretungsberechtigte Repr\u00e4sentanten von Unternehmen im IFV-Firmenf\u00f6rderkreis im Sinne der Vereinssatzung des IFV BAHNTECHNIK e.V. &#8211; gem\u00e4\u00df gesonderter Einladung.<\/p>\n<p style=\"text-align: right;\">.<\/p>\n<p>Die <strong>Tagesordnung<\/strong> zur Mitgliederversammlung wurde den Vereinsmitgliedern in elektronischer Form \u00fcbermittelt bzw. zuvor per Briefpost zugesandt.<\/p>\n<p>&nbsp;<\/p>\n<p><a href=\"https:\/\/www.ifv-bahntechnik.de\/fileserver\/2019\/mitgliedervesammlung-2019-tagesordnung.pdf\" target=\"_blank\" rel=\"noopener noreferrer\"><img loading=\"lazy\" decoding=\"async\" class=\"aligncenter\" src=\"https:\/\/www.ifv-bahntechnik.de\/fileserver\/2019\/mitgliederversammlung-2019px400.png\" alt=\"\" width=\"400\" height=\"553\" \/><\/a><\/p>\n<p>&nbsp;<\/p>\n<p>Bitte beachten Sie, dass die <strong>MITGLIEDERVERSAMMLUNG<\/strong> in einem Sitzungssaal der Firma Hays AG [Friedrich\u00adstra\u00dfe 88, 10117 Berlin] abgehalten wird, wof\u00fcr wir unserem F\u00f6rderkreismitglied sehr dankbar sind.<\/p>\n<p>&gt;&gt;&gt; Firmenprofil von Hays AG &gt;&gt;&gt; Download &gt;&gt;&gt; <a href=\"https:\/\/bahntechnik-firmen.info\/hays.pdf\" target=\"_blank\" rel=\"noopener noreferrer\">hays.pdf<\/a><\/p>\n<p style=\"text-align: right;\">.<\/p>\n<p>Im Anschluss an die 30. MV findet ein <strong>Sektempfang <\/strong>statt, der von unserem Firmen\u00adf\u00f6rder\u00adkreismitglied WITT GmbH IndustrieElektronik gesponsert wird.<\/p>\n<p>&gt;&gt;&gt; Firmenprofil von WITT &gt;&gt;&gt; Download &gt;&gt;&gt; <a href=\"https:\/\/bahntechnik-firmen.info\/witt.pdf\" target=\"_blank\" rel=\"noopener noreferrer\">witt.pdf<\/a><\/p>\n<p style=\"text-align: right;\">.<\/p>\n<p style=\"text-align: right;\">.<\/p>\n<h2>ANMELDUNG \/\/\/ R\u00dcCKMELDEFORMULAR<\/h2>\n<p style=\"text-align: right;\">_<\/p>\n<p>&nbsp;<\/p>\n<p>&gt;&gt;&gt; <a href=\"https:\/\/ifv-bahntechnik.de\/vereinsmitglieder\/startseite\/anmeldeformular_persoenliche_mitglieder\/\">Online-Anmeldeformular f\u00fcr pers\u00f6nliche Vereinsmitglieder (KOMBI-Formular f\u00fcr MV plus Sommer-Empfang) <img loading=\"lazy\" decoding=\"async\" class=\"alignnone\" src=\"https:\/\/www.ifv-bahntechnik.de\/fileserver\/ifv-grafiken\/button600anmelden.png\" width=\"100\" height=\"100\" \/><\/a><\/p>\n<p>(Falls das Online-Formular nicht korrekt angezeigt werden sollte, verwenden Sie das konventionelle Anmeldeformular &#8211; <a class=\"art-button\" href=\"https:\/\/www.ifv-bahntechnik.de\/fileserver\/2019\/Rueckmeldeformular_Mitgliederversammlung-plus-Sommerempfang-2019-Persoenliche-Mitglieder.pdf\" target=\"_blank\" rel=\"noopener noreferrer\">PDF<\/a> .)<\/p>\n<p style=\"text-align: right;\">_<\/p>\n<p>&nbsp;<\/p>\n<p>&gt;&gt;&gt;\u00a0<a href=\"https:\/\/ifv-bahntechnik.de\/vereinsmitglieder\/startseite\/anmeldeformular-fuer-mitglieder-im-firmenfoerderkreis\/\">Anmeldeformular f\u00fcr Mitglieder im Firmenf\u00f6rderkreis (KOMBI-Formular f\u00fcr MV plus Sommer-Empfang)\u00a0<img loading=\"lazy\" decoding=\"async\" class=\"alignnone\" src=\"https:\/\/www.ifv-bahntechnik.de\/fileserver\/ifv-grafiken\/button600anmelden.png\" width=\"100\" height=\"100\" \/><\/a><\/p>\n<p>(Falls das Online-Formular nicht korrekt angezeigt werden sollte, verwenden Sie das konventionelle Anmeldeformular &#8211; <a class=\"art-button\" href=\"https:\/\/www.ifv-bahntechnik.de\/fileserver\/2019\/Rueckmeldeformular-Mitgliederversammlung-plus-Sommerempfang-2019-Foerderkreismitglieder.pdf\" target=\"_blank\" rel=\"noopener noreferrer\">PDF<\/a> .)<\/p>\n<p style=\"text-align: right;\">_<\/p>\n<p>&nbsp;<\/p>\n<p>&gt;&gt;&gt; <a href=\"https:\/\/ifv-bahntechnik.de\/vereinsmitglieder\/startseite\/anmeldung-zum-sommer-empfang\/\">Anmeldeformular f\u00fcr MITGLIEDER (und Begleitpersonen) NUR zum SOMMER-EMPFANG (ohne MV)<img loading=\"lazy\" decoding=\"async\" class=\"\" src=\"https:\/\/www.ifv-bahntechnik.de\/fileserver\/ifv-grafiken\/button600anmelden.png\" width=\"99\" height=\"99\" \/><\/a><\/p>\n<p style=\"text-align: right;\">.<\/p>\n<p style=\"text-align: right;\">.<\/p>\n<hr \/>\n<p style=\"text-align: right;\">.<\/p>\n<p>Haben Sie Fragen?<\/p>\n<p>Wenden Sie sich einfach an die Vereinsgesch\u00e4ftsstelle &gt;&gt;&gt; <strong><a href=\"https:\/\/ifv-bahntechnik.de\/kontakt\/\">Kontakt<\/a><\/strong><\/p>\n<p style=\"text-align: right;\">.<\/p>\n<p>&nbsp;<\/p>\n<p style=\"text-align: right;\">.<\/p>\n<p>&nbsp;<\/p>\n<p>#<\/p>\n<p>&nbsp;<\/p>\n","protected":false},"excerpt":{"rendered":"<p>. . Termin: Freitag, 05.07.2019 Uhrzeit: 14:00 &#8211; ca. 17:30 Uhr Ort: Friedrich\u00adstra\u00dfe 88, 10117 Berlin (Sitzungssaal von Firma Hays AG) . &#8212; Nur f\u00fcr Mitglieder! &nbsp; Ordentliche Mitgliederversammlung (mit Vorstandswahl) f\u00fcr pers\u00f6nliche Mitglieder sowie f\u00fcr vertretungsberechtigte Repr\u00e4sentanten von Unternehmen im IFV-Firmenf\u00f6rderkreis im Sinne der Vereinssatzung des IFV BAHNTECHNIK e.V. &#8211; gem\u00e4\u00df gesonderter Einladung. . [&hellip;]<\/p>\n","protected":false},"author":1,"featured_media":0,"parent":16,"menu_order":2,"comment_status":"closed","ping_status":"closed","template":"","meta":{"footnotes":""},"class_list":["post-26","page","type-page","status-publish","hentry"],"_links":{"self":[{"href":"https:\/\/ifv-bahntechnik.de\/vereinsmitglieder\/wp-json\/wp\/v2\/pages\/26","targetHints":{"allow":["GET"]}}],"collection":[{"href":"https:\/\/ifv-bahntechnik.de\/vereinsmitglieder\/wp-json\/wp\/v2\/pages"}],"about":[{"href":"https:\/\/ifv-bahntechnik.de\/vereinsmitglieder\/wp-json\/wp\/v2\/types\/page"}],"author":[{"embeddable":true,"href":"https:\/\/ifv-bahntechnik.de\/vereinsmitglieder\/wp-json\/wp\/v2\/users\/1"}],"replies":[{"embeddable":true,"href":"https:\/\/ifv-bahntechnik.de\/vereinsmitglieder\/wp-json\/wp\/v2\/comments?post=26"}],"version-history":[{"count":12,"href":"https:\/\/ifv-bahntechnik.de\/vereinsmitglieder\/wp-json\/wp\/v2\/pages\/26\/revisions"}],"predecessor-version":[{"id":117,"href":"https:\/\/ifv-bahntechnik.de\/vereinsmitglieder\/wp-json\/wp\/v2\/pages\/26\/revisions\/117"}],"up":[{"embeddable":true,"href":"https:\/\/ifv-bahntechnik.de\/vereinsmitglieder\/wp-json\/wp\/v2\/pages\/16"}],"wp:attachment":[{"href":"https:\/\/ifv-bahntechnik.de\/vereinsmitglieder\/wp-json\/wp\/v2\/media?parent=26"}],"curies":[{"name":"wp","href":"https:\/\/api.w.org\/{rel}","templated":true}]}}