{"id":29,"date":"2019-06-21T22:41:26","date_gmt":"2019-06-21T20:41:26","guid":{"rendered":"https:\/\/ifv-bahntechnik.de\/vereinsmitglieder\/?page_id=29"},"modified":"2019-06-22T19:13:42","modified_gmt":"2019-06-22T17:13:42","slug":"sommer-empfang","status":"publish","type":"page","link":"https:\/\/ifv-bahntechnik.de\/vereinsmitglieder\/veranstaltungen\/sommer-empfang\/","title":{"rendered":"SOMMER-EMPFANG"},"content":{"rendered":"<h2><img decoding=\"async\" src=\"https:\/\/www.ifv-bahntechnik.de\/fileserver\/2019\/sommer-empfang-600px.png\" \/><\/h2>\n<p style=\"text-align: right;\">.<\/p>\n<h2>SOMMER-EMPFANG 2019<\/h2>\n<p style=\"text-align: right;\">.<\/p>\n<ul>\n<li>Termin: 05.07.2019<\/li>\n<li>Uhrzeit: 18 &#8211; ca. 22 Uhr<\/li>\n<li>Ort: Restaurant NOLLE, S-Bahnbogen 203, Georgenstra\u00dfe, 10117 Berlin<\/li>\n<\/ul>\n<p style=\"text-align: right;\">.<\/p>\n<p>Der beliebte <strong>IFV-SOMMER-EMPFANG<\/strong> wird im Restaurant NOLLE stattfinden, welches uns neben einer guten K\u00fcche auch einen akustischen Eindruck von Schienenfahrzeugen im Fahrbetrieb bieten wird.<\/p>\n<p>&nbsp;<\/p>\n<p><img loading=\"lazy\" decoding=\"async\" class=\" aligncenter\" src=\"https:\/\/www.restaurant-nolle.de\/wp-content\/uploads\/2019\/04\/nolle-logo.svg\" width=\"538\" height=\"443\" \/><\/p>\n<p><img loading=\"lazy\" decoding=\"async\" class=\"aligncenter\" src=\"https:\/\/www.restaurant-nolle.de\/wp-content\/uploads\/2019\/04\/nolle-aussenansicht-1.jpg\" width=\"728\" height=\"546\" \/><\/p>\n<p>&nbsp;<\/p>\n<p><img loading=\"lazy\" decoding=\"async\" class=\"aligncenter\" src=\"https:\/\/www.restaurant-nolle.de\/wp-content\/uploads\/2019\/04\/feiern-20er-jahre-berlin.jpg\" width=\"725\" height=\"483\" \/><\/p>\n<p>&nbsp;<\/p>\n<p><img loading=\"lazy\" decoding=\"async\" class=\"aligncenter\" src=\"https:\/\/www.restaurant-nolle.de\/wp-content\/uploads\/2019\/04\/20er-jahre-eventlocation-1.jpg\" width=\"726\" height=\"544\" \/><\/p>\n<p>&nbsp;<\/p>\n<p><img loading=\"lazy\" decoding=\"async\" class=\"aligncenter\" src=\"https:\/\/www.restaurant-nolle.de\/wp-content\/uploads\/2019\/04\/20er-jahre-event-location.jpg\" width=\"733\" height=\"550\" \/><\/p>\n<p>&nbsp;<\/p>\n<p><img loading=\"lazy\" decoding=\"async\" class=\"aligncenter\" src=\"https:\/\/www.restaurant-nolle.de\/wp-content\/uploads\/2019\/04\/deckenmalerei-eventlocation.jpg\" width=\"729\" height=\"486\" \/><\/p>\n<p style=\"text-align: center;\">[ Bilder &gt;&gt;&gt; https:\/\/www.restaurant-nolle.de ]<\/p>\n<p>&nbsp;<\/p>\n<p><img loading=\"lazy\" decoding=\"async\" class=\"size-medium aligncenter\" src=\"https:\/\/www.restaurant-nolle.de\/wp-content\/uploads\/2019\/04\/nolle-logo.svg\" width=\"381\" height=\"314\" \/><\/p>\n<p style=\"text-align: right;\">.<\/p>\n<p>Organisatorischer Hinweis:<\/p>\n<p>Das Abend\u00adessen im Restaurant findet &#8211; wie beim IFV \u00fcblich &#8211; auf \u201eSelbstzahlerbasis\u201c statt, was bedeutet: Jeder Gast zahlt beim Wirt genau das, was er bestellt hat.<\/p>\n<p style=\"text-align: right;\">.<\/p>\n<p style=\"text-align: right;\">.<\/p>\n<p>&nbsp;<\/p>\n<p style=\"text-align: right;\">.<\/p>\n<h2>ANMELDUNG \/\/\/ R\u00dcCKMELDEFORMULAR<\/h2>\n<p style=\"text-align: right;\">_<\/p>\n<p>&nbsp;<\/p>\n<p>&gt;&gt;&gt; <a href=\"https:\/\/ifv-bahntechnik.de\/vereinsmitglieder\/startseite\/anmeldeformular_persoenliche_mitglieder\/\">Online-Anmeldeformular f\u00fcr pers\u00f6nliche Vereinsmitglieder (KOMBI-Formular f\u00fcr MV plus Sommer-Empfang) <img loading=\"lazy\" decoding=\"async\" class=\"alignnone\" src=\"https:\/\/www.ifv-bahntechnik.de\/fileserver\/ifv-grafiken\/button600anmelden.png\" width=\"100\" height=\"100\" \/><\/a><\/p>\n<p>(Falls das Online-Formular nicht korrekt angezeigt werden sollte, verwenden Sie das konventionelle Anmeldeformular &#8211; <a href=\"https:\/\/www.ifv-bahntechnik.de\/fileserver\/2019\/Rueckmeldeformular_Mitgliederversammlung-plus-Sommerempfang-2019-Persoenliche-Mitglieder.pdf\" target=\"_blank\" rel=\"noopener noreferrer\">PDF<\/a> .)<\/p>\n<p style=\"text-align: right;\">_<\/p>\n<p>&nbsp;<\/p>\n<p>&gt;&gt;&gt;\u00a0<a href=\"https:\/\/ifv-bahntechnik.de\/vereinsmitglieder\/startseite\/anmeldeformular-fuer-mitglieder-im-firmenfoerderkreis\/\">Anmeldeformular f\u00fcr Mitglieder im Firmenf\u00f6rderkreis (KOMBI-Formular f\u00fcr MV plus Sommer-Empfang)\u00a0<img loading=\"lazy\" decoding=\"async\" class=\"alignnone\" src=\"https:\/\/www.ifv-bahntechnik.de\/fileserver\/ifv-grafiken\/button600anmelden.png\" width=\"100\" height=\"100\" \/><\/a><\/p>\n<p>(Falls das Online-Formular nicht korrekt angezeigt werden sollte, verwenden Sie das konventionelle Anmeldeformular &#8211; <a href=\"https:\/\/www.ifv-bahntechnik.de\/fileserver\/2019\/Rueckmeldeformular-Mitgliederversammlung-plus-Sommerempfang-2019-Foerderkreismitglieder.pdf\" target=\"_blank\" rel=\"noopener noreferrer\">PDF<\/a> .)<\/p>\n<p style=\"text-align: right;\">_<\/p>\n<p>&nbsp;<\/p>\n<p>&gt;&gt;&gt; <a href=\"https:\/\/ifv-bahntechnik.de\/vereinsmitglieder\/startseite\/anmeldung-zum-sommer-empfang\/\">Anmeldeformular f\u00fcr MITGLIEDER (und Begleitpersonen) NUR zum SOMMER-EMPFANG (ohne MV)<img loading=\"lazy\" decoding=\"async\" class=\"\" src=\"https:\/\/www.ifv-bahntechnik.de\/fileserver\/ifv-grafiken\/button600anmelden.png\" width=\"99\" height=\"99\" \/><\/a><\/p>\n<p style=\"text-align: right;\">.<\/p>\n<p style=\"text-align: right;\">.<\/p>\n<hr \/>\n<p style=\"text-align: right;\">.<\/p>\n<p>Fragen an die Gesch\u00e4ftsstelle &gt;&gt;&gt;\u00a0<strong><a href=\"https:\/\/ifv-bahntechnik.de\/kontakt\/\">Kontakt<\/a><\/strong><\/p>\n<p style=\"text-align: right;\">.<\/p>\n<p>&nbsp;<\/p>\n<p>#<\/p>\n<p>&nbsp;<\/p>\n<p>&nbsp;<\/p>\n","protected":false},"excerpt":{"rendered":"<p>. SOMMER-EMPFANG 2019 . Termin: 05.07.2019 Uhrzeit: 18 &#8211; ca. 22 Uhr Ort: Restaurant NOLLE, S-Bahnbogen 203, Georgenstra\u00dfe, 10117 Berlin . Der beliebte IFV-SOMMER-EMPFANG wird im Restaurant NOLLE stattfinden, welches uns neben einer guten K\u00fcche auch einen akustischen Eindruck von Schienenfahrzeugen im Fahrbetrieb bieten wird. &nbsp; &nbsp; &nbsp; &nbsp; &nbsp; [ Bilder &gt;&gt;&gt; https:\/\/www.restaurant-nolle.de ] [&hellip;]<\/p>\n","protected":false},"author":1,"featured_media":0,"parent":16,"menu_order":3,"comment_status":"closed","ping_status":"closed","template":"","meta":{"footnotes":""},"class_list":["post-29","page","type-page","status-publish","hentry"],"_links":{"self":[{"href":"https:\/\/ifv-bahntechnik.de\/vereinsmitglieder\/wp-json\/wp\/v2\/pages\/29","targetHints":{"allow":["GET"]}}],"collection":[{"href":"https:\/\/ifv-bahntechnik.de\/vereinsmitglieder\/wp-json\/wp\/v2\/pages"}],"about":[{"href":"https:\/\/ifv-bahntechnik.de\/vereinsmitglieder\/wp-json\/wp\/v2\/types\/page"}],"author":[{"embeddable":true,"href":"https:\/\/ifv-bahntechnik.de\/vereinsmitglieder\/wp-json\/wp\/v2\/users\/1"}],"replies":[{"embeddable":true,"href":"https:\/\/ifv-bahntechnik.de\/vereinsmitglieder\/wp-json\/wp\/v2\/comments?post=29"}],"version-history":[{"count":8,"href":"https:\/\/ifv-bahntechnik.de\/vereinsmitglieder\/wp-json\/wp\/v2\/pages\/29\/revisions"}],"predecessor-version":[{"id":102,"href":"https:\/\/ifv-bahntechnik.de\/vereinsmitglieder\/wp-json\/wp\/v2\/pages\/29\/revisions\/102"}],"up":[{"embeddable":true,"href":"https:\/\/ifv-bahntechnik.de\/vereinsmitglieder\/wp-json\/wp\/v2\/pages\/16"}],"wp:attachment":[{"href":"https:\/\/ifv-bahntechnik.de\/vereinsmitglieder\/wp-json\/wp\/v2\/media?parent=29"}],"curies":[{"name":"wp","href":"https:\/\/api.w.org\/{rel}","templated":true}]}}