{"id":496,"date":"2021-12-07T05:31:42","date_gmt":"2021-12-07T04:31:42","guid":{"rendered":"https:\/\/ifv-bahntechnik.de\/vereinsmitglieder\/?page_id=496"},"modified":"2021-12-13T20:46:06","modified_gmt":"2021-12-13T19:46:06","slug":"technik-test","status":"publish","type":"page","link":"https:\/\/ifv-bahntechnik.de\/vereinsmitglieder\/technik-test\/","title":{"rendered":"TECHNIK-TEST"},"content":{"rendered":"<p>&nbsp;<\/p>\n<p>F\u00fcr die &#8220;reibungslose und stressfreie&#8221; Teilnahme an ONLINE-VIDEOKONFERENZEN empfehlen wir den TECHNIK-TEST<\/p>\n<p>&nbsp;<\/p>\n<p style=\"text-align: right;\"><span style=\"color: #ffffff;\">.<\/span><\/p>\n<blockquote><p><strong>EINLADUNG zum Vorbereitungstreffen &#8212; Optionaler TECHNIK-TEST f\u00fcr Video &amp; Audio: <\/strong><\/p>\n<p>F\u00fcr einen Probelauf der einwandfreien technischen Durchf\u00fchrung laden wir zu folgendem Vorbereitungstermin ein: 17.12.2021 von 11:00 &#8211; 13:00 Uhr.<\/p>\n<p>Startseite &gt;&gt;&gt; <strong><u>https:\/\/ifv-bahntechnik.de\/vereinsmitglieder\/33mv2021<br \/>\n<\/u><\/strong><\/p>\n<p>bzw. &gt;&gt;&gt; <strong><a href=\"https:\/\/ifv-bahntechnik.de\/vereinsmitglieder\/technik-test\">https:\/\/ifv-bahntechnik.de\/vereinsmitglieder\/technik-test<\/a><\/strong><\/p>\n<p>&nbsp;<\/p><\/blockquote>\n<p style=\"text-align: right;\"><span style=\"color: #ffffff;\">.<\/span><\/p>\n<p>&nbsp;<\/p>\n<p>1. TEST &gt;&gt;&gt; Test f\u00fcr den Videokonferenzraum &#8220;JITSI&#8221; &#8211; wird f\u00fcr das INFORMELLE NETWORKING verwendet &gt;&gt;&gt; <a class=\"fasc-button fasc-size-medium fasc-type-flat fasc-ico-before dashicons-migrate fasc-style-bold\" style=\"background-color: #ff0000; color: #ffffff;\" target=\"_blank\" rel=\"noopener\" href=\"https:\/\/start.online-konferenzraum.de\/technik-test\">https:\/\/start.online-konferenzraum.de\/technik-test<\/a><\/p>\n<p>&nbsp;<\/p>\n<p>2. TEST &gt;&gt;&gt; Test f\u00fcr den Versammlungsraum &#8220;BIG BLUE BUTTON&#8221; &#8211; wird f\u00fcr die FORMELLE MITGLIEDERVERSAMMLUNG verwendet &gt;&gt;&gt; <a class=\"fasc-button fasc-size-medium fasc-type-flat fasc-ico-before dashicons-migrate fasc-style-bold\" style=\"background-color: #35339e; color: #ffffff;\" target=\"_blank\" rel=\"noopener\" href=\"https:\/\/bbb.online-videokonferenz.de\/b\/red-ljg-zyj-l7d\">https:\/\/bbb.online-videokonferenz.de\/b\/red-ljg-zyj-l7d<\/a><\/p>\n<p>&nbsp;<\/p>\n<p>3. TEST &gt;&gt;&gt; Troubleshooting-Test f\u00fcr Videokonferenzen zur \u00dcberpr\u00fcfung der Kompatibilit\u00e4t mit dem modernen technischen Standard f\u00fcr Internet-Konferenzen (WEBRCT) &gt;&gt;&gt; <a class=\"fasc-button fasc-size-medium fasc-type-flat fasc-ico-before dashicons-migrate fasc-style-bold\" style=\"background-color: #09b00c; color: #ffffff;\" target=\"_blank\" rel=\"noopener\" href=\"https:\/\/webrtc.github.io\/samples\/src\/content\/getusermedia\/resolution\/\">https:\/\/webrtc.org\/<\/a><\/p>\n<p style=\"text-align: right;\">.<\/p>\n<p>\/\/\/ Selfservice &#8211; Tutorial zur Probleml\u00f6sung &gt;&gt;&gt; https:\/\/www.elearning-politik.net\/moodle39\/course\/view.php?id=560#section-3<\/p>\n<p style=\"text-align: right;\">.<\/p>\n<ul>\n<li><strong>Falls der Zugang zur Videokonferenz nicht funktionieren sollte, rufen Sie direkt in der Vereinsgesch\u00e4ftsstelle an &#8211; WIR HELFEN IHNEN GERNE WEITER !<\/strong><\/li>\n<li><span style=\"font-size: 18pt;\">Telefon 030 39720170<\/span><\/li>\n<\/ul>\n<p>&nbsp;<\/p>\n<p>&nbsp;<\/p>\n","protected":false},"excerpt":{"rendered":"<p>&nbsp; F\u00fcr die &#8220;reibungslose und stressfreie&#8221; Teilnahme an ONLINE-VIDEOKONFERENZEN empfehlen wir den TECHNIK-TEST &nbsp; . EINLADUNG zum Vorbereitungstreffen &#8212; Optionaler TECHNIK-TEST f\u00fcr Video &amp; Audio: F\u00fcr einen Probelauf der einwandfreien technischen Durchf\u00fchrung laden wir zu folgendem Vorbereitungstermin ein: 17.12.2021 von 11:00 &#8211; 13:00 Uhr. Startseite &gt;&gt;&gt; https:\/\/ifv-bahntechnik.de\/vereinsmitglieder\/33mv2021 bzw. &gt;&gt;&gt; https:\/\/ifv-bahntechnik.de\/vereinsmitglieder\/technik-test &nbsp; . &nbsp; 1. TEST [&hellip;]<\/p>\n","protected":false},"author":1,"featured_media":0,"parent":0,"menu_order":0,"comment_status":"closed","ping_status":"closed","template":"","meta":{"footnotes":""},"class_list":["post-496","page","type-page","status-publish","hentry"],"_links":{"self":[{"href":"https:\/\/ifv-bahntechnik.de\/vereinsmitglieder\/wp-json\/wp\/v2\/pages\/496","targetHints":{"allow":["GET"]}}],"collection":[{"href":"https:\/\/ifv-bahntechnik.de\/vereinsmitglieder\/wp-json\/wp\/v2\/pages"}],"about":[{"href":"https:\/\/ifv-bahntechnik.de\/vereinsmitglieder\/wp-json\/wp\/v2\/types\/page"}],"author":[{"embeddable":true,"href":"https:\/\/ifv-bahntechnik.de\/vereinsmitglieder\/wp-json\/wp\/v2\/users\/1"}],"replies":[{"embeddable":true,"href":"https:\/\/ifv-bahntechnik.de\/vereinsmitglieder\/wp-json\/wp\/v2\/comments?post=496"}],"version-history":[{"count":7,"href":"https:\/\/ifv-bahntechnik.de\/vereinsmitglieder\/wp-json\/wp\/v2\/pages\/496\/revisions"}],"predecessor-version":[{"id":498,"href":"https:\/\/ifv-bahntechnik.de\/vereinsmitglieder\/wp-json\/wp\/v2\/pages\/496\/revisions\/498"}],"wp:attachment":[{"href":"https:\/\/ifv-bahntechnik.de\/vereinsmitglieder\/wp-json\/wp\/v2\/media?parent=496"}],"curies":[{"name":"wp","href":"https:\/\/api.w.org\/{rel}","templated":true}]}}