{"id":502,"date":"2021-12-07T11:49:15","date_gmt":"2021-12-07T10:49:15","guid":{"rendered":"https:\/\/ifv-bahntechnik.de\/vereinsmitglieder\/?page_id=502"},"modified":"2021-12-21T03:31:42","modified_gmt":"2021-12-21T02:31:42","slug":"vorteile-2021-2022","status":"publish","type":"page","link":"https:\/\/ifv-bahntechnik.de\/vereinsmitglieder\/vorteile-2021-2022\/","title":{"rendered":"VORTEILE 2021 \/ 2022"},"content":{"rendered":"<p>Im Mitgliederrundbrief vom 3.12.2021 informieren wir \u00fcber folgende VORTEILE DER MITGLIEDSCHAFT im Dezember 2021:<\/p>\n<p>&#8212; WEITERE VORTEILE F\u00dcR 2022 FOLGEN IN K\u00dcRZE &#8212;<\/p>\n<p style=\"text-align: right;\"><span style=\"color: #ffffff;\">.<\/span><\/p>\n<h2><strong>Teilnahme am Einstiegsseminar RAIL-DATA-SCIENCE 2022<\/strong><\/h2>\n<h2><strong>zu besonders verg\u00fcnstigten Mitglieder-Konditionen*<\/strong><\/h2>\n<p style=\"padding-left: 80px;\">&nbsp;<\/p>\n<p style=\"padding-left: 80px;\">* Zur F\u00f6rderung der BAHN-DIGITALISIERUNG gew\u00e4hren wir gerne<\/p>\n<p style=\"padding-left: 80px;\">f\u00fcr alle IFV-Mitglieder mit ungek\u00fcndigter Mitgliedschaft einen Preisnachlass auf das Kombinationsticket [Module 1+2+3] bei der Online-Fachtagung RAIL-DATA-SCIENCE 2022 in H\u00f6he von<\/p>\n<p style=\"padding-left: 80px;\"><strong>= 50 Euro <\/strong>f\u00fcr pers\u00f6nliche Mitglieder (Expertinnen bzw. Experten) mit dem Gutscheincode <strong>[siehe Mitgliederrundbrief vom 3.12.2021]<\/strong><\/p>\n<p style=\"padding-left: 80px;\"><strong>= 100 Euro <\/strong>f\u00fcr Mitarbeiter von Firmen im IFV-Firmenf\u00f6rderkreis mit dem Gutscheincode&nbsp;<strong>[siehe Mitgliederrundbrief vom 3.12.2021]<\/strong><\/p>\n<p style=\"padding-left: 80px;\">&nbsp;<\/p>\n<p style=\"padding-left: 80px;\">Am 8. &#8211; 9. Februar 2021 findet die n\u00e4chste Ausgabe des<\/p>\n<p style=\"padding-left: 80px;\">RAIL-DATA-SCIENCE Seminars als Online-Fachtagung statt. Informationen zum Programm und zur Anmeldung im Webshop<\/p>\n<p style=\"padding-left: 80px;\">INFORMATION &gt;&gt;&gt; <a class=\"fasc-button fasc-size-medium fasc-type-glossy fasc-rounded-medium fasc-ico-before dashicons-admin-links\" style=\"background-color: #ff0000; color: #ffffff;\" href=\"https:\/\/online-fachtagung.de\/rail-data-science\">https:\/\/online-fachtagung.de\/rail-data-science<\/a><\/p>\n<p style=\"padding-left: 80px;\">&nbsp;<\/p>\n<p style=\"padding-left: 80px;\">Anmeldeschluss: 21. Januar 2022<\/p>\n<p style=\"padding-left: 80px;\">&nbsp;<\/p>\n<p style=\"padding-left: 80px;\">TEILNEHMER-TICKETS ONLINE BESTELLEN &gt;&gt;&gt; <a class=\"fasc-button fasc-size-medium fasc-type-flat fasc-ico-before dashicons-tickets\" style=\"background-color: #ff0000; color: #ffffff;\" target=\"_blank\" rel=\"noopener\" href=\"https:\/\/webserver.vereine-und-verbaende.de\/webshop\/produkt-kategorie\/fachtagung\/rail-data-science-2022\/\">https:\/\/webserver.vereine-und-verbaende.de\/webshop\/produkt-kategorie\/fachtagung\/rail-data-science-2022\/<\/a><\/p>\n<p style=\"text-align: right;\">.<\/p>\n<hr>\n<p style=\"text-align: right;\">.<\/p>\n<p>&nbsp;<\/p>\n<h2><strong>Online-Sprechstunde zur Freischaltung und Einrichtung <\/strong><\/h2>\n<h2><strong>eines eigenen Profils <\/strong><strong>auf Lieferanten-Liste.de bzw. Experten-Liste.de<\/strong><\/h2>\n<p>&nbsp;<\/p>\n<p style=\"padding-left: 80px;\">Der IFV BAHNTECHNIK e.V. hat als anerkannter Branchen-Fachverband das Privileg,<\/p>\n<p style=\"padding-left: 80px;\">(a) seine Firmenf\u00f6rderkreismitglieder f\u00fcr die LIEFERANTEN-LISTE f\u00fcr Produkte bzw. Dienstleistungen im Markt f\u00fcr Bahn \/ Bahntechnik bzw.<\/p>\n<p style=\"padding-left: 80px;\">(b) seine pers\u00f6nlichen Mitglieder f\u00fcr die Liste besonders empfohlener EXPERTEN im Bereich Bahn \/ Bahntechnik<\/p>\n<p style=\"padding-left: 80px;\">zu empfehlen.<\/p>\n<p style=\"padding-left: 80px;\">&nbsp;<\/p>\n<p style=\"padding-left: 80px;\">Durch diese Empfehlung kann man ein <u>dauerhaft kostenloses<\/u> Firmen- oder Expertenprofil freischalten lassen, das ansonsten zwischen 50 &#8211; 500 Euro per anno kosten w\u00fcrde.<\/p>\n<p style=\"padding-left: 80px;\">&nbsp;<\/p>\n<p style=\"padding-left: 80px;\">Wir bieten eine kosenlose Online-Sprechstunde an, um den Einstieg in die jeweilige Liste zu erl\u00e4utern und das Editieren des eigenen Profileintrags \u00fcber ein Content-Management-System zu zeigen:<\/p>\n<p style=\"padding-left: 80px;\">&nbsp;<\/p>\n<p style=\"padding-left: 80px;\">&nbsp;<\/p>\n<p style=\"padding-left: 80px;\"><strong>Lieferanten-Liste BAHNTECHNIK <\/strong><\/p>\n<p style=\"padding-left: 80px;\"><strong>&gt;&gt;&gt; Eigenes Firmenprofil unter: Lieferanten-Liste.de\/bahn<\/strong><\/p>\n<p style=\"padding-left: 80px;\"><strong>Sprechstunde am: 11. Januar 2022 &#8211; Dienstag von 9 &#8211; 11 Uhr <\/strong><\/p>\n<p style=\"padding-left: 80px;\">&gt;&gt;&gt; <a class=\"fasc-button fasc-size-xlarge fasc-type-glossy fasc-rounded-medium ico-fa fasc-ico-before fa-video-camera\" style=\"background-color: #ff0000; color: #ffffff;\" target=\"_blank\" rel=\"noopener\" href=\"https:\/\/start.Online-Konferenzraum.de\/sprechstunde-fuer-bahn-lieferanten-2022-01-11\">https:\/\/start.Online-Konferenzraum.de\/sprechstunde-fuer-bahn-lieferanten-2022-01-11<\/a><\/p>\n<p style=\"padding-left: 80px;\"><strong>&nbsp;<\/strong><\/p>\n<p style=\"padding-left: 80px;\"><strong>Experten-Liste BAHNTECHNIK <\/strong><\/p>\n<p style=\"padding-left: 80px;\"><strong>&gt;&gt;&gt; Eigenes Expertenprofil unter: Experten-Liste.de\/bahn<\/strong><\/p>\n<p style=\"padding-left: 80px;\"><strong>Sprechstunde am: 12. Januar 2022 &#8211; Mittwoch von 9 &#8211; 11 Uhr <\/strong><\/p>\n<p style=\"padding-left: 80px;\">&gt;&gt;&gt; <a class=\"fasc-button fasc-size-xlarge fasc-type-glossy fasc-rounded-medium ico-fa fasc-ico-before fa-video-camera\" style=\"background-color: #ff0000; color: #ffffff;\" target=\"_blank\" rel=\"noopener\" href=\"https:\/\/start.Online-Konferenzraum.de\/sprechstunde-fuer-bahn-experten-2022-01-12\">https:\/\/start.Online-Konferenzraum.de\/sprechstunde-fuer-bahn-experten-2022-01-12<\/a><\/p>\n<p style=\"text-align: right;\"><span style=\"color: #ffffff;\">.<\/span><\/p>\n<p style=\"text-align: right;\"><span style=\"color: #ffffff;\">.<\/span><\/p>\n<hr>\n<p style=\"text-align: right;\"><span style=\"color: #ffffff;\">.<\/span><\/p>\n<p style=\"text-align: right;\"><span style=\"color: #ffffff;\">.<\/span><\/p>\n<p>&nbsp;<\/p>\n<p>&nbsp;<\/p>\n<h2><strong>VORTEIL f\u00fcr MITGLIEDER des IFV BAHNTECHNIK e.V., die DSGVO-konform arbeiten m\u00f6chten:<\/strong><\/h2>\n<p>&nbsp;<\/p>\n<p><strong>Sofort startbereite Videokonferenzr\u00e4ume, kostenlos und besonders datenschutzfreundlich: <\/strong><\/p>\n<ul>\n<li><a class=\"fasc-button fasc-size-xlarge fasc-type-glossy fasc-rounded-medium ico-fa fasc-ico-before fa-video-camera fasc-style-bold\" style=\"background-color: #ff0000; color: #ffffff;\" target=\"_blank\" rel=\"noopener\" href=\"https:\/\/start.online-konferenzraum.de\">https:\/\/start.online-konferenzraum.de<\/a><\/li>\n<\/ul>\n<p>&nbsp;<\/p>\n","protected":false},"excerpt":{"rendered":"<p>Im Mitgliederrundbrief vom 3.12.2021 informieren wir \u00fcber folgende VORTEILE DER MITGLIEDSCHAFT im Dezember 2021: &#8212; WEITERE VORTEILE F\u00dcR 2022 FOLGEN IN K\u00dcRZE &#8212; . Teilnahme am Einstiegsseminar RAIL-DATA-SCIENCE 2022 zu besonders verg\u00fcnstigten Mitglieder-Konditionen* &nbsp; * Zur F\u00f6rderung der BAHN-DIGITALISIERUNG gew\u00e4hren wir gerne f\u00fcr alle IFV-Mitglieder mit ungek\u00fcndigter Mitgliedschaft einen Preisnachlass auf das Kombinationsticket [Module 1+2+3] [&hellip;]<\/p>\n","protected":false},"author":1,"featured_media":0,"parent":0,"menu_order":0,"comment_status":"closed","ping_status":"closed","template":"","meta":{"footnotes":""},"class_list":["post-502","page","type-page","status-publish","hentry"],"_links":{"self":[{"href":"https:\/\/ifv-bahntechnik.de\/vereinsmitglieder\/wp-json\/wp\/v2\/pages\/502","targetHints":{"allow":["GET"]}}],"collection":[{"href":"https:\/\/ifv-bahntechnik.de\/vereinsmitglieder\/wp-json\/wp\/v2\/pages"}],"about":[{"href":"https:\/\/ifv-bahntechnik.de\/vereinsmitglieder\/wp-json\/wp\/v2\/types\/page"}],"author":[{"embeddable":true,"href":"https:\/\/ifv-bahntechnik.de\/vereinsmitglieder\/wp-json\/wp\/v2\/users\/1"}],"replies":[{"embeddable":true,"href":"https:\/\/ifv-bahntechnik.de\/vereinsmitglieder\/wp-json\/wp\/v2\/comments?post=502"}],"version-history":[{"count":7,"href":"https:\/\/ifv-bahntechnik.de\/vereinsmitglieder\/wp-json\/wp\/v2\/pages\/502\/revisions"}],"predecessor-version":[{"id":533,"href":"https:\/\/ifv-bahntechnik.de\/vereinsmitglieder\/wp-json\/wp\/v2\/pages\/502\/revisions\/533"}],"wp:attachment":[{"href":"https:\/\/ifv-bahntechnik.de\/vereinsmitglieder\/wp-json\/wp\/v2\/media?parent=502"}],"curies":[{"name":"wp","href":"https:\/\/api.w.org\/{rel}","templated":true}]}}